{"id":993,"date":"2025-03-11T11:07:19","date_gmt":"2025-03-11T10:07:19","guid":{"rendered":"https:\/\/fredericmaupome.fr\/?page_id=993"},"modified":"2025-03-11T11:07:19","modified_gmt":"2025-03-11T10:07:19","slug":"supers-cycle-2-tome-3-eveil","status":"publish","type":"page","link":"https:\/\/fredericmaupome.fr\/?page_id=993","title":{"rendered":"Supers Cycle 2 tome 3 : Eveil"},"content":{"rendered":"<div id=\"pl-993\"  class=\"panel-layout\" ><div id=\"pg-993-0\"  class=\"panel-grid panel-no-style\" ><div id=\"pgc-993-0-0\"  class=\"panel-grid-cell\" ><div id=\"panel-993-0-0-0\" class=\"so-panel widget widget_sow-editor panel-first-child panel-last-child\" data-index=\"0\" ><div\n\t\t\t\n\t\t\tclass=\"so-widget-sow-editor so-widget-sow-editor-base\"\n\t\t\t\n\t\t>\n<div class=\"siteorigin-widget-tinymce textwidget\">\n\t<div class=\"wpb_text_column wpb_content_element \">\n<div class=\"wpb_wrapper\">\n<p>&nbsp;<\/p>\n<\/div>\n<\/div>\n<div class=\"wpb_text_column wpb_content_element \">\n<div class=\"wpb_wrapper\">\n<p><strong><img loading=\"lazy\" decoding=\"async\" class=\"alignleft\" src=\"https:\/\/www.bdfugue.com\/media\/catalog\/product\/cache\/0d950bd4d3aaddc02a824ea154d9c41e\/9\/7\/9782357961227_1_75_1.webp\" alt=\"Supers - cycle 2 tome 3\" width=\"453\" height=\"598\" \/><\/strong><\/p>\n<p>&nbsp;<\/p>\n<p>&nbsp;<\/p>\n<p><strong>Sc\u00e9nariste : <a href=\"http:\/\/editionsdelagouttiere.com\/frederic-maupome\/\">Fr\u00e9d\u00e9ric Maupom\u00e9<\/a><\/strong><br \/>\n<strong>Dessinateur :<\/strong>\u00a0<strong><a href=\"http:\/\/editionsdelagouttiere.com\/dawid\/\">\u00a0Dawid<\/a><\/strong><strong><br \/>\n<\/strong><\/p>\n<p>&nbsp;<\/p>\n<\/div>\n<\/div>\n<hr class=\"vcex-spacing \" \/>\n<div class=\"wpb_text_column wpb_content_element \">\n<div class=\"wpb_wrapper\">\n<p><em>\"L'identit\u00e9 secr\u00e8te de Miss Liberty enfin d\u00e9voil\u00e9e\" : la nouvelle tombe pendant que Mat et Lili reprennent des forces sur l'\u00eele d'Aix apr\u00e8s l'attentat de la tour. Le fr\u00e8re et la soeur d\u00e9cident ensemble d'affronter la nouvelle \u00e8re politique qui s'annonce, en se montrant officiellement au grand public. Pendant ce temps, la ministre tente d'acc\u00e9der \u00e0 toujours plus de pouvoir et place toute sa confiance dans un programme ultra-secret du gouvernement... jusqu'\u00e0 ce que LIA s'\u00e9veille.<\/em><\/p>\n<\/div>\n<\/div>\n<\/div>\n<\/div><\/div><\/div><div id=\"pgc-993-0-1\"  class=\"panel-grid-cell\" ><div id=\"panel-993-0-1-0\" class=\"so-panel widget widget_sow-editor panel-first-child panel-last-child\" data-index=\"1\" ><div\n\t\t\t\n\t\t\tclass=\"so-widget-sow-editor so-widget-sow-editor-base\"\n\t\t\t\n\t\t>\n<div class=\"siteorigin-widget-tinymce textwidget\">\n\t<p>\u00ab Pour une s\u00e9rie jeunesse, le fond est riche ! Impact de l\u2019<strong>IA<\/strong>\u00a0sur les opinions publiques, manipulations politiques, travers de notre soci\u00e9t\u00e9 de l\u2019opinion, ces 115 pages de bande dessin\u00e9e auront de quoi faire r\u00e9fl\u00e9chir les lectrices et lecteurs.\u00bb <strong>Comix Trip<\/strong><\/p>\n<p>\u00ab Un deuxi\u00e8me cycle plus mature mais tout aussi \u2013 voire m\u00eame plus \u2013 passionnant que le premier ! \u00bb\u00a0<strong>La\u00ebtitia Lasalle pour la Ribambulle<\/strong><\/p>\n<p>&nbsp;<\/p>\n<\/div>\n<\/div><\/div><\/div><\/div><\/div>","protected":false},"excerpt":{"rendered":"<p>&nbsp; &nbsp; &nbsp; Sc\u00e9nariste : Fr\u00e9d\u00e9ric Maupom\u00e9 Dessinateur :\u00a0\u00a0Dawid &nbsp; \u00ab\u00a0L&rsquo;identit\u00e9 secr\u00e8te de Miss Liberty enfin d\u00e9voil\u00e9e\u00a0\u00bb : la nouvelle tombe pendant que Mat et Lili reprennent des forces sur l&rsquo;\u00eele d&rsquo;Aix apr\u00e8s l&rsquo;attentat de la tour. Le fr\u00e8re et la soeur d\u00e9cident ensemble d&rsquo;affronter la nouvelle \u00e8re politique qui s&rsquo;annonce, en se montrant officiellement [&hellip;]<\/p>\n","protected":false},"author":1,"featured_media":0,"parent":0,"menu_order":0,"comment_status":"closed","ping_status":"closed","template":"","meta":{"footnotes":""},"class_list":["post-993","page","type-page","status-publish","hentry","post"],"_links":{"self":[{"href":"https:\/\/fredericmaupome.fr\/index.php?rest_route=\/wp\/v2\/pages\/993","targetHints":{"allow":["GET"]}}],"collection":[{"href":"https:\/\/fredericmaupome.fr\/index.php?rest_route=\/wp\/v2\/pages"}],"about":[{"href":"https:\/\/fredericmaupome.fr\/index.php?rest_route=\/wp\/v2\/types\/page"}],"author":[{"embeddable":true,"href":"https:\/\/fredericmaupome.fr\/index.php?rest_route=\/wp\/v2\/users\/1"}],"replies":[{"embeddable":true,"href":"https:\/\/fredericmaupome.fr\/index.php?rest_route=%2Fwp%2Fv2%2Fcomments&post=993"}],"version-history":[{"count":0,"href":"https:\/\/fredericmaupome.fr\/index.php?rest_route=\/wp\/v2\/pages\/993\/revisions"}],"wp:attachment":[{"href":"https:\/\/fredericmaupome.fr\/index.php?rest_route=%2Fwp%2Fv2%2Fmedia&parent=993"}],"curies":[{"name":"wp","href":"https:\/\/api.w.org\/{rel}","templated":true}]}}