{"id":988,"date":"2024-10-01T18:37:07","date_gmt":"2024-10-01T16:37:07","guid":{"rendered":"https:\/\/fredericmaupome.fr\/?page_id=988"},"modified":"2024-10-01T18:37:07","modified_gmt":"2024-10-01T16:37:07","slug":"travail-institutionnel","status":"publish","type":"page","link":"https:\/\/fredericmaupome.fr\/?page_id=988","title":{"rendered":"Travail institutionnel"},"content":{"rendered":"<p>J&rsquo;ai eu la chance de travailler avec de magnifiques institutions pour cr\u00e9er des projets de cr\u00e9ations sur mesure.<\/p>\n<p>Vous pourrez trouver les pages de BD et les diverses oeuvres que nous avons cr\u00e9\u00e9s, avec GOM au dessin, pour le<a href=\"https:\/\/www.augustins.org\/fr\/\"> Mus\u00e9e des augustins<\/a> de Toulouse sur leurs r\u00e9seaux sociaux, et sur <a href=\"https:\/\/www.augustins.org\/fr\/vie-des-collections\/bd-la-saga-continue\">les murs du mus\u00e9e<\/a> !<\/p>\n<p>L\u00e9a Maz\u00e9 et moi avons collabor\u00e9s, avec <a href=\"https:\/\/www.orchestredepicardie.fr\/\">l&rsquo;Orchestre national de Picardie<\/a> et les <a href=\"https:\/\/www.editionsdelagouttiere.com\/\">\u00e9ditions de la goutti\u00e8re<\/a>, autour de la symphonie inachev\u00e9e de Schubert, le r\u00e9sultat en a \u00e9t\u00e9 <a href=\"https:\/\/fredericmaupome.fr\/index.php\/londe\/\">un livre<\/a> et un spectacle visuel projet\u00e9 en direct pendant les concerts de l&rsquo;orchestre.<\/p>\n","protected":false},"excerpt":{"rendered":"<p>J&rsquo;ai eu la chance de travailler avec de magnifiques institutions pour cr\u00e9er des projets de cr\u00e9ations sur mesure. Vous pourrez trouver les pages de BD et les diverses oeuvres que nous avons cr\u00e9\u00e9s, avec GOM au dessin, pour le Mus\u00e9e des augustins de Toulouse sur leurs r\u00e9seaux sociaux, et sur les murs du mus\u00e9e ! [&hellip;]<\/p>\n","protected":false},"author":1,"featured_media":0,"parent":0,"menu_order":0,"comment_status":"closed","ping_status":"closed","template":"","meta":{"footnotes":""},"class_list":["post-988","page","type-page","status-publish","hentry","post"],"_links":{"self":[{"href":"https:\/\/fredericmaupome.fr\/index.php?rest_route=\/wp\/v2\/pages\/988","targetHints":{"allow":["GET"]}}],"collection":[{"href":"https:\/\/fredericmaupome.fr\/index.php?rest_route=\/wp\/v2\/pages"}],"about":[{"href":"https:\/\/fredericmaupome.fr\/index.php?rest_route=\/wp\/v2\/types\/page"}],"author":[{"embeddable":true,"href":"https:\/\/fredericmaupome.fr\/index.php?rest_route=\/wp\/v2\/users\/1"}],"replies":[{"embeddable":true,"href":"https:\/\/fredericmaupome.fr\/index.php?rest_route=%2Fwp%2Fv2%2Fcomments&post=988"}],"version-history":[{"count":0,"href":"https:\/\/fredericmaupome.fr\/index.php?rest_route=\/wp\/v2\/pages\/988\/revisions"}],"wp:attachment":[{"href":"https:\/\/fredericmaupome.fr\/index.php?rest_route=%2Fwp%2Fv2%2Fmedia&parent=988"}],"curies":[{"name":"wp","href":"https:\/\/api.w.org\/{rel}","templated":true}]}}