{"id":967,"date":"2024-07-11T18:18:06","date_gmt":"2024-07-11T16:18:06","guid":{"rendered":"https:\/\/fredericmaupome.fr\/?page_id=967"},"modified":"2024-07-11T18:18:06","modified_gmt":"2024-07-11T16:18:06","slug":"londe","status":"publish","type":"page","link":"https:\/\/fredericmaupome.fr\/?page_id=967","title":{"rendered":"L&rsquo;Onde"},"content":{"rendered":"<div id=\"pl-967\"  class=\"panel-layout\" ><div id=\"pg-967-0\"  class=\"panel-grid panel-no-style\" ><div id=\"pgc-967-0-0\"  class=\"panel-grid-cell\" ><div id=\"panel-967-0-0-0\" class=\"so-panel widget widget_sow-editor panel-first-child panel-last-child\" data-index=\"0\" ><div\n\t\t\t\n\t\t\tclass=\"so-widget-sow-editor so-widget-sow-editor-base\"\n\t\t\t\n\t\t>\n<div class=\"siteorigin-widget-tinymce textwidget\">\n\t<p><img loading=\"lazy\" decoding=\"async\" class=\"alignleft\" src=\"https:\/\/cdn.prod.website-files.com\/63ece03295abd3bc7702ae5f\/66212f37fe881da99bb0a179_Onde_couverture-RVB.webp\" alt=\"L'Onde\" width=\"376\" height=\"506\" \/><\/p>\n<p>&nbsp;<\/p>\n<p><em>Au coeur de l\u2019onde bleue,\u00a0<\/em><\/p>\n<p><em>les poissons vivent tranquillement, s\u2019amusent et dansent dans le courant.<\/em><\/p>\n<p><em>Un jour, une scaphandri\u00e8re vient perturber la qui\u00e9tude des lieux : elle cherche le triton et est bien d\u00e9cid\u00e9e \u00e0 le trouver.<\/em><\/p>\n<p><em>Un triton, \u00e7a doit valoir<\/em><\/p>\n<p><em>\u00a0beaucoup d\u2019argent ! Au cours de l\u2019\u00e9trange ballet de leur course-poursuite, une baleine apparait, ouvre la bouche, et gloups, les avale tout rond !<\/em><\/p>\n<p><em>Pour s\u2019en sortir, les deux<\/em><\/p>\n<p><em>\u00a0ennemis vont devoir coop\u00e9rer...<\/em><\/p>\n<p>Dessins de L\u00e9a Maz\u00e9<\/p>\n<p>&nbsp;<\/p>\n<p>&nbsp;<\/p>\n<p>&nbsp;<\/p>\n<p>&nbsp;<\/p>\n<p><strong>La BD symphonique, qu'est-ce que c'est?<\/strong><\/p>\n<p>\u00c0 la fois livre et concert dessin\u00e9, L\u2019Onde se pr\u00e9sente \u00e0 travers deux m\u00e9diums :<\/p>\n<p>la bande dessin\u00e9e classique, ainsi que la vid\u00e9o du spectacle, \u00e0 d\u00e9couvrir gr\u00e2ce \u00e0 un QR code pr\u00e9sent dans l\u2019ouvrage !<\/p>\n<p>Avec les BD symphoniques, on peut :<\/p>\n<p>\u2022 Lire une bande dessin\u00e9e inspir\u00e9e d'une \u0153uvre musicale (ici, la 8<sup>e<\/sup>\u00a0symphonie de Schubert) ;<\/p>\n<p>\u2022 Regarder un spectacle-vid\u00e9o disponible via un QR code pr\u00e9sent dans l'ouvrage ;<\/p>\n<p>\u2022 \u00c9couter tout en lisant l'histoire, la musique interpr\u00e9t\u00e9e<\/p>\n<p>par l'Orchestre de Picardie !<\/p>\n<p><strong>Le BD-concert, qu'est-ce que c'est ?<\/strong><\/p>\n<p>L'Orchestre National de Picardie interpr\u00e8te sur sc\u00e8ne la 8<sup>e<\/sup>\u00a0symphonie de Schubert (<em>L\u2019Inachev\u00e9e<\/em>) pendant que, sur un grand \u00e9cran plac\u00e9 derri\u00e8re les musiciens, les cases de\u00a0<em>L\u2019Onde<\/em>s ont projet\u00e9es sur le rythme de la musique. Cela cr\u00e9e une nouvelle exp\u00e9rience de lecture et d'\u00e9coute particuli\u00e8rement immersive et attractive, pour les enfants comme pour les adultes.<\/p>\n<p>\u200d<\/p>\n<p>&nbsp;<\/p>\n<\/div>\n<\/div><\/div><\/div><div id=\"pgc-967-0-1\"  class=\"panel-grid-cell\" ><div id=\"panel-967-0-1-0\" class=\"so-panel widget widget_sow-editor panel-first-child\" data-index=\"1\" ><div\n\t\t\t\n\t\t\tclass=\"so-widget-sow-editor so-widget-sow-editor-base\"\n\t\t\t\n\t\t>\n<div class=\"siteorigin-widget-tinymce textwidget\">\n\t<p>&nbsp;<\/p>\n<p>&nbsp;<\/p>\n<p><em>Un propos intelligent et bien construit, un dessin enthousiasmant et une initiation \u00e0 la musique. On cherche encore quoi reprocher \u00e0 cet album. <\/em><strong>comixtrip\u00a0<\/strong><\/p>\n<p><em>Qui a dit qu\u2019une BD sans texte et \u00e0 d\u00e9vorer de 7 \u00e0 77 ans ne pouvait pas porter un sujet fort ? <strong>Zoo le mag<\/strong><\/em><\/p>\n<p><em>Le r\u00e9cit nous charme, le dessin nous enchante. Quel magnifique divertissement ! <\/em><strong>L'accro des bulles<\/strong><\/p>\n<p><em>Le r\u00e9cit est malin et les dessins sont magnifiques<\/em>.\u00a0<strong>La Loutre Masqu\u00e9e.com\u00a0<\/strong><\/p>\n<\/div>\n<\/div><\/div><div id=\"panel-967-0-1-1\" class=\"so-panel widget widget_media_video panel-last-child\" data-index=\"2\" ><div style=\"width:100%;\" class=\"wp-video\"><video class=\"wp-video-shortcode\" id=\"video-967-1\" preload=\"metadata\" controls=\"controls\"><source type=\"video\/youtube\" src=\"https:\/\/www.youtube.com\/watch?v=k2E0WOU8rF8&#038;_=1\" \/><a href=\"https:\/\/www.youtube.com\/watch?v=k2E0WOU8rF8\">https:\/\/www.youtube.com\/watch?v=k2E0WOU8rF8<\/a><\/video><\/div><\/div><\/div><\/div><\/div>","protected":false},"excerpt":{"rendered":"<p>&nbsp; Au coeur de l\u2019onde bleue,\u00a0 les poissons vivent tranquillement, s\u2019amusent et dansent dans le courant. Un jour, une scaphandri\u00e8re vient perturber la qui\u00e9tude des lieux : elle cherche le triton et est bien d\u00e9cid\u00e9e \u00e0 le trouver. Un triton, \u00e7a doit valoir \u00a0beaucoup d\u2019argent ! Au cours de l\u2019\u00e9trange ballet de leur course-poursuite, une [&hellip;]<\/p>\n","protected":false},"author":1,"featured_media":0,"parent":0,"menu_order":0,"comment_status":"closed","ping_status":"closed","template":"","meta":{"footnotes":""},"class_list":["post-967","page","type-page","status-publish","hentry","post"],"_links":{"self":[{"href":"https:\/\/fredericmaupome.fr\/index.php?rest_route=\/wp\/v2\/pages\/967","targetHints":{"allow":["GET"]}}],"collection":[{"href":"https:\/\/fredericmaupome.fr\/index.php?rest_route=\/wp\/v2\/pages"}],"about":[{"href":"https:\/\/fredericmaupome.fr\/index.php?rest_route=\/wp\/v2\/types\/page"}],"author":[{"embeddable":true,"href":"https:\/\/fredericmaupome.fr\/index.php?rest_route=\/wp\/v2\/users\/1"}],"replies":[{"embeddable":true,"href":"https:\/\/fredericmaupome.fr\/index.php?rest_route=%2Fwp%2Fv2%2Fcomments&post=967"}],"version-history":[{"count":0,"href":"https:\/\/fredericmaupome.fr\/index.php?rest_route=\/wp\/v2\/pages\/967\/revisions"}],"wp:attachment":[{"href":"https:\/\/fredericmaupome.fr\/index.php?rest_route=%2Fwp%2Fv2%2Fmedia&parent=967"}],"curies":[{"name":"wp","href":"https:\/\/api.w.org\/{rel}","templated":true}]}}