{"id":935,"date":"2024-03-05T11:56:07","date_gmt":"2024-03-05T10:56:07","guid":{"rendered":"https:\/\/fredericmaupome.fr\/?page_id=935"},"modified":"2024-03-05T11:56:07","modified_gmt":"2024-03-05T10:56:07","slug":"la-princesse-ortie","status":"publish","type":"page","link":"https:\/\/fredericmaupome.fr\/?page_id=935","title":{"rendered":"La princesse Ortie"},"content":{"rendered":"<div id=\"pl-935\"  class=\"panel-layout\" ><div id=\"pg-935-0\"  class=\"panel-grid panel-no-style\" ><div id=\"pgc-935-0-0\"  class=\"panel-grid-cell\" ><div id=\"panel-935-0-0-0\" class=\"so-panel widget widget_sow-editor panel-first-child panel-last-child\" data-index=\"0\" ><div\n\t\t\t\n\t\t\tclass=\"so-widget-sow-editor so-widget-sow-editor-base\"\n\t\t\t\n\t\t>\n<div class=\"siteorigin-widget-tinymce textwidget\">\n\t<p><img decoding=\"async\" class=\"alignleft\" src=\"https:\/\/www.ecoledesloisirs.fr\/sites\/default\/files\/styles\/couverture_livre\/public\/couverture\/princesseortie_couvprovisoire.png?itok=2Dhz9Nu1\" alt=\"La princesse Ortie\" \/><\/p>\n<p>Album jeunesse, illustration de Mariane Barcilon\u00a0<a href=\"http:\/\/www.editionsmilan.com\/\">Editions Kaleidoscope<\/a>, 2021<\/p>\n<p>&nbsp;<\/p>\n<p><em>Ortie n\u2019\u00e9tait pas une princesse comme les autres. Elle n\u2019aimait pas les pommes. Elle n\u2019aimait pas filer la laine. Elle n\u2019aimait pas jouer au croquet avec ses suivantes. Et surtout, surtout, elle d\u00e9testait enfiler des robes de bal pour danser avec des imb\u00e9ciles de princes. Mais justement, un prince, Ortie allait en rencontrer un\u2026<\/em><\/p>\n<p>&nbsp;<\/p>\n<\/div>\n<\/div><\/div><\/div><div id=\"pgc-935-0-1\"  class=\"panel-grid-cell\" ><div id=\"panel-935-0-1-0\" class=\"so-panel widget widget_sow-editor panel-first-child panel-last-child\" data-index=\"1\" ><div\n\t\t\t\n\t\t\tclass=\"so-widget-sow-editor so-widget-sow-editor-base\"\n\t\t\t\n\t\t>\n<div class=\"siteorigin-widget-tinymce textwidget\">\n\t<h1>Divers<\/h1>\n<p>S\u00e9lection de livres jeunesses (et f\u00e9ministes) du Parisien<\/p>\n<h1><em>Critiques<\/em><\/h1>\n<p>\"Une histoire simple qui vient interroger avec subtilit\u00e9 d\u00e8s le plus jeune \u00e2ge les rapports de genre et d\u00e9montrer que le champ des possibles pour faire son chemin de vie est bien plus large qu\u2019une injonction associ\u00e9e \u00e0 un genre.\" <strong>C\u00e9dric L\u00e9pine, le blog de Mediapart<\/strong><\/p>\n<p>\"un parfait contre-pied aux histoires classiques de contes de f\u00e9es !\"<strong> <a href=\"https:\/\/lesbilletsdefanny.wordpress.com\/\" rel=\"home\">Les billets de Fanny<\/a><\/strong><\/p>\n<p>\"Les illustrations sont absolument g\u00e9niale. Une jolie histoire pleine d\u2019humour pour renverser les clich\u00e9s !\" <strong>Liyah.fr<\/strong><\/p>\n<p>&nbsp;<\/p>\n<\/div>\n<\/div><\/div><\/div><\/div><\/div>","protected":false},"excerpt":{"rendered":"<p>Album jeunesse, illustration de Mariane Barcilon\u00a0Editions Kaleidoscope, 2021 &nbsp; Ortie n\u2019\u00e9tait pas une princesse comme les autres. Elle n\u2019aimait pas les pommes. Elle n\u2019aimait pas filer la laine. Elle n\u2019aimait pas jouer au croquet avec ses suivantes. Et surtout, surtout, elle d\u00e9testait enfiler des robes de bal pour danser avec des imb\u00e9ciles de princes. Mais [&hellip;]<\/p>\n","protected":false},"author":1,"featured_media":0,"parent":0,"menu_order":0,"comment_status":"closed","ping_status":"closed","template":"","meta":{"footnotes":""},"class_list":["post-935","page","type-page","status-publish","hentry","post"],"_links":{"self":[{"href":"https:\/\/fredericmaupome.fr\/index.php?rest_route=\/wp\/v2\/pages\/935","targetHints":{"allow":["GET"]}}],"collection":[{"href":"https:\/\/fredericmaupome.fr\/index.php?rest_route=\/wp\/v2\/pages"}],"about":[{"href":"https:\/\/fredericmaupome.fr\/index.php?rest_route=\/wp\/v2\/types\/page"}],"author":[{"embeddable":true,"href":"https:\/\/fredericmaupome.fr\/index.php?rest_route=\/wp\/v2\/users\/1"}],"replies":[{"embeddable":true,"href":"https:\/\/fredericmaupome.fr\/index.php?rest_route=%2Fwp%2Fv2%2Fcomments&post=935"}],"version-history":[{"count":0,"href":"https:\/\/fredericmaupome.fr\/index.php?rest_route=\/wp\/v2\/pages\/935\/revisions"}],"wp:attachment":[{"href":"https:\/\/fredericmaupome.fr\/index.php?rest_route=%2Fwp%2Fv2%2Fmedia&parent=935"}],"curies":[{"name":"wp","href":"https:\/\/api.w.org\/{rel}","templated":true}]}}