{"id":933,"date":"2024-03-05T11:45:38","date_gmt":"2024-03-05T10:45:38","guid":{"rendered":"https:\/\/fredericmaupome.fr\/?page_id=933"},"modified":"2024-03-05T11:45:38","modified_gmt":"2024-03-05T10:45:38","slug":"la-quete-tome-1-la-dame-du-lac-perdu","status":"publish","type":"page","link":"https:\/\/fredericmaupome.fr\/?page_id=933","title":{"rendered":"La qu\u00eate tome 1 : La dame du lac perdu"},"content":{"rendered":"<div id=\"pl-933\"  class=\"panel-layout\" ><div id=\"pg-933-0\"  class=\"panel-grid panel-no-style\" ><div id=\"pgc-933-0-0\"  class=\"panel-grid-cell\" ><div id=\"panel-933-0-0-0\" class=\"so-panel widget widget_sow-editor panel-first-child panel-last-child\" data-index=\"0\" ><div\n\t\t\t\n\t\t\tclass=\"so-widget-sow-editor so-widget-sow-editor-base\"\n\t\t\t\n\t\t>\n<div class=\"siteorigin-widget-tinymce textwidget\">\n\t<div class=\"wpb_text_column wpb_content_element \">\n<div class=\"wpb_wrapper\">\n<p>&nbsp;<\/p>\n<\/div>\n<\/div>\n<div class=\"wpb_text_column wpb_content_element \">\n<div class=\"wpb_wrapper\">\n<p><strong><img loading=\"lazy\" decoding=\"async\" class=\"alignleft\" src=\"https:\/\/www.canalbd.net\/img\/couvpage\/54\/9782808212540_cg.jpg\" width=\"340\" height=\"448\" \/>Sc\u00e9nariste : <a href=\"http:\/\/editionsdelagouttiere.com\/frederic-maupome\/\">Fr\u00e9d\u00e9ric Maupom\u00e9<\/a><\/strong><br \/>\n<strong>Dessinateur :<\/strong>\u00a0<strong> Wauter Mannaert<\/strong><strong><br \/>\n<\/strong><\/p>\n<\/div>\n<\/div>\n<hr class=\"vcex-spacing \" \/>\n<div class=\"wpb_text_column wpb_content_element \">\n<div class=\"wpb_wrapper\">\n<div class=\"d-only\" aria-hidden=\"true\"><\/div>\n<div class=\"panel__block | t-panel__block t-panel__block--border | t-plg-1 t-prg-1 t-col-4 col-free | ctn m-ctn-only\">\n<div class=\"panel__block panel__content\">\n<p><em>Depuis mille ans, le roi Pellinor et ses descendants traquent la B\u00eate\u2026 et \u00e9chouent lamentablement. Du coup, c'est au tour de Pelli de se lancer dans la qu\u00eate familiale. \u00c7a tombe bien, parce qu'il est pr\u00e9sentement sans v\u00e9ritable emploi - et puis \u00e7a fait super plaisir \u00e0 son grand-p\u00e8re qu'il reprenne le flambeau. Apr\u00e8s, on ne va pas se mentir\u2026 Pelli n'a pas les capacit\u00e9s physiques dignes des chevaliers de l\u00e9gende et son acolyte, la Dame du lac, a perdu sa magie. Dans un monde qui change, o\u00f9 le merveilleux laisse la place \u00e0 la banalit\u00e9, leur qu\u00eate s'annonce un vrai d\u00e9fi. Mais apr\u00e8s tout, l'important, dans une qu\u00eate, n'est-ce pas le chemin plut\u00f4t que la destination\u2026?<\/em><\/p>\n<\/div>\n<\/div>\n<\/div>\n<\/div>\n<\/div>\n<\/div><\/div><\/div><div id=\"pgc-933-0-1\"  class=\"panel-grid-cell\" ><div id=\"panel-933-0-1-0\" class=\"so-panel widget widget_sow-editor panel-first-child panel-last-child\" data-index=\"1\" ><div\n\t\t\t\n\t\t\tclass=\"so-widget-sow-editor so-widget-sow-editor-base\"\n\t\t\t\n\t\t>\n<div class=\"siteorigin-widget-tinymce textwidget\">\n\t<p><em><strong>\"\"<\/strong>La Qu\u00eate<\/em>, c'est donc une histoire men\u00e9e \u00e0 100 \u00e0 l'heure, une folle aventure avec ses myst\u00e8res. Mais Pelli ne fait pas que traquer maladroitement une b\u00eate. Sur son chemin, les auteurs lui montrent aussi les maux de la plan\u00e8te : pollution... maltraitance animale. Une fa\u00e7on de dire que le monde n'est pas parfait. Mais fonce gamin, tu peux en faire quelque chose.\" <strong>France Inter<\/strong><\/p>\n<p>\"Un cocktail id\u00e9al qui a tout d'une potion magique\" <strong>Telerama<\/strong><\/p>\n<p>\"C\u2019est frais, c\u2019est touchant, le dessin de Mannaert sur un sc\u00e9nario de Maupom\u00e9 colle au dynamisme d\u2019un r\u00e9cit picaresque qui fait corps \u00e0 son \u00e9poque\" <strong>RTBF<\/strong><\/p>\n<p>\"Une r\u00e9ussite en tous points\" <strong>Bodoi<\/strong><\/p>\n<p>\"On attend la suite avec impatience\" <strong>La voix du Nord<\/strong><\/p>\n<p><span class=\"fontstyle0\">\"<\/span><span class=\"fontstyle2\">une r\u00e9interpr\u00e9tation originale et lumineuse de la l\u00e9gende arthurienne\" <strong><span class=\"fontstyle0\">dBD<\/span><\/strong><\/span><\/p>\n<p><span class=\"fontstyle0\">\"une tr\u00e8s bonne s\u00e9rie\" <strong>Vosges TV<\/strong><\/span><\/p>\n<p><span class=\"fontstyle0\">\"dr\u00f4le et touchante\" <strong>FranceNetInfo<\/strong><\/span><\/p>\n<p><span class=\"fontstyle0\">\"<\/span><span class=\"fontstyle2\">une bonne entr\u00e9e en mati\u00e8re qui saura ravir ses lecteurs.\" <strong><span class=\"fontstyle0\">LaBandedu9<\/span><\/strong><\/span><\/p>\n<p>\"Franchement, \u201c\u00e7a le fait grave bien\u201d comme diraient nos enfants aujourd\u2019hui ! \" <strong>La ribambulle<\/strong><\/p>\n<p>\"Une aventure l\u00e9g\u00e8re et myst\u00e9rieuse \u00e0 la fois\" <strong>Nord \u00e9clair<\/strong><\/p>\n<p>\"une aventure haute en couleurs et pleine d'humour !\" <strong>Planete BD<\/strong><\/p>\n<p>\"Indubitablement l\u2019une des excellentes surprises de ce premier trimestre !\" <strong>Les sentiers de l'imaginaire<\/strong><\/p>\n<p>\"La p\u00e9pite jeunesse de ce d\u00e9but d'ann\u00e9e ! Et r\u00e9interpretation ultra-moderne des l\u00e9gendes arthurienne, avec un ado pas tr\u00e8s d\u00e9gourdi qui h\u00e9rite de la traque de la b\u00eate questante sans trop savoir o\u00f9 il met les pieds. C'est beau voire tr\u00e8s beau, c'est frais voire tr\u00e8s frais, c'est dr\u00f4le voire tr\u00e8s dr\u00f4le, c'est en tout cas hyper r\u00e9jouissant,\"<\/p>\n<p><span class=\"fontstyle2\">\"une aventure d\u00e9cal\u00e9e et cocasse qui d\u00e9poussi\u00e8re les l\u00e9gendes d\u2019antan\" <strong><span class=\"fontstyle0\">Biblioth\u00e9ca<\/span><\/strong><\/span><\/p>\n<p>\"La qu\u00eate est un triptyque extr\u00eamement prometteur et plein d\u2019espoir, plein de couches. Un \u00e9quilibre parfait entre le s\u00e9rieux amer du monde d\u2019aujourd\u2019hui et les rires carr\u00e9ment hilarants de ce m\u00eame monde.\u00a0De Queeste est enfin une BD vraiment r\u00e9ussie pour tous de 7 \u00e0 77 ans.\" <strong>BDWEB <\/strong>(traduit du neerleandais)<\/p>\n<\/div>\n<\/div><\/div><\/div><\/div><\/div>","protected":false},"excerpt":{"rendered":"<p>&nbsp; Sc\u00e9nariste : Fr\u00e9d\u00e9ric Maupom\u00e9 Dessinateur :\u00a0 Wauter Mannaert Depuis mille ans, le roi Pellinor et ses descendants traquent la B\u00eate\u2026 et \u00e9chouent lamentablement. Du coup, c&rsquo;est au tour de Pelli de se lancer dans la qu\u00eate familiale. \u00c7a tombe bien, parce qu&rsquo;il est pr\u00e9sentement sans v\u00e9ritable emploi &#8211; et puis \u00e7a fait super plaisir [&hellip;]<\/p>\n","protected":false},"author":1,"featured_media":0,"parent":0,"menu_order":0,"comment_status":"closed","ping_status":"closed","template":"","meta":{"footnotes":""},"class_list":["post-933","page","type-page","status-publish","hentry","post"],"_links":{"self":[{"href":"https:\/\/fredericmaupome.fr\/index.php?rest_route=\/wp\/v2\/pages\/933","targetHints":{"allow":["GET"]}}],"collection":[{"href":"https:\/\/fredericmaupome.fr\/index.php?rest_route=\/wp\/v2\/pages"}],"about":[{"href":"https:\/\/fredericmaupome.fr\/index.php?rest_route=\/wp\/v2\/types\/page"}],"author":[{"embeddable":true,"href":"https:\/\/fredericmaupome.fr\/index.php?rest_route=\/wp\/v2\/users\/1"}],"replies":[{"embeddable":true,"href":"https:\/\/fredericmaupome.fr\/index.php?rest_route=%2Fwp%2Fv2%2Fcomments&post=933"}],"version-history":[{"count":0,"href":"https:\/\/fredericmaupome.fr\/index.php?rest_route=\/wp\/v2\/pages\/933\/revisions"}],"wp:attachment":[{"href":"https:\/\/fredericmaupome.fr\/index.php?rest_route=%2Fwp%2Fv2%2Fmedia&parent=933"}],"curies":[{"name":"wp","href":"https:\/\/api.w.org\/{rel}","templated":true}]}}