{"id":930,"date":"2024-03-05T11:27:18","date_gmt":"2024-03-05T10:27:18","guid":{"rendered":"https:\/\/fredericmaupome.fr\/?page_id=930"},"modified":"2024-03-05T11:27:18","modified_gmt":"2024-03-05T10:27:18","slug":"supers-cycle-2-tome-2-envols","status":"publish","type":"page","link":"https:\/\/fredericmaupome.fr\/?page_id=930","title":{"rendered":"Supers Cycle 2 tome 2 : Envols"},"content":{"rendered":"<div id=\"pl-930\"  class=\"panel-layout\" ><div id=\"pg-930-0\"  class=\"panel-grid panel-no-style\" ><div id=\"pgc-930-0-0\"  class=\"panel-grid-cell\" ><div id=\"panel-930-0-0-0\" class=\"so-panel widget widget_sow-editor panel-first-child panel-last-child\" data-index=\"0\" ><div\n\t\t\t\n\t\t\tclass=\"so-widget-sow-editor so-widget-sow-editor-base\"\n\t\t\t\n\t\t>\n<div class=\"siteorigin-widget-tinymce textwidget\">\n\t<div class=\"wpb_text_column wpb_content_element \">\n<div class=\"wpb_wrapper\">\n<p>&nbsp;<\/p>\n<\/div>\n<\/div>\n<div class=\"wpb_text_column wpb_content_element \">\n<div class=\"wpb_wrapper\">\n<p><strong><img loading=\"lazy\" decoding=\"async\" class=\"alignleft\" src=\"https:\/\/assets-global.website-files.com\/63ece03295abd3bc7702ae5f\/64c1129404db8b06c64412a8_Supers2_Cycle2_couverture_RVB.webp\" alt=\"Supers Cycle 2 - 02\" width=\"293\" height=\"399\" \/>Sc\u00e9nariste : <a href=\"http:\/\/editionsdelagouttiere.com\/frederic-maupome\/\">Fr\u00e9d\u00e9ric Maupom\u00e9<\/a><\/strong><br \/>\n<strong>Dessinateur :<\/strong>\u00a0<strong><a href=\"http:\/\/editionsdelagouttiere.com\/dawid\/\">\u00a0Dawid<\/a><\/strong><strong><br \/>\n<\/strong><\/p>\n<p>&nbsp;<\/p>\n<\/div>\n<\/div>\n<hr class=\"vcex-spacing \" \/>\n<div class=\"wpb_text_column wpb_content_element \">\n<div class=\"wpb_wrapper\">\n<p><em>Apr\u00e8s avoir utilis\u00e9 publiquement ses pouvoirs, Lili devient l\u2019ic\u00f4ne de la lutte anti-gouvernementale et milite pour d\u00e9fendre les libert\u00e9s. Mat, quant \u00e0 lui, a rejoint l\u2019arm\u00e9e et poursuit son entra\u00eenement. Frustr\u00e9 de ne pas vraiment agir aupr\u00e8s des citoyens, il se sent inutile. Alors qu\u2019ils prennent leur envol dans des directions radicalement oppos\u00e9es, sauront-ils assumer leurs choix ?<\/em><\/p>\n<\/div>\n<\/div>\n<\/div>\n<\/div><\/div><\/div><div id=\"pgc-930-0-1\"  class=\"panel-grid-cell\" ><div id=\"panel-930-0-1-0\" class=\"so-panel widget widget_sow-editor panel-first-child panel-last-child\" data-index=\"1\" ><div\n\t\t\t\n\t\t\tclass=\"so-widget-sow-editor so-widget-sow-editor-base\"\n\t\t\t\n\t\t>\n<div class=\"siteorigin-widget-tinymce textwidget\">\n\t<p>\u00ab Fr\u00e9d\u00e9ric Maupom\u00e9 et Dawid ont choisi la plus ambitieuse et la plus risqu\u00e9e : faire \u00e9voluer leurs personnages. Ce qu\u2019ils r\u00e9ussissent encore mieux dans ce septi\u00e8me opus que dans les tomes pr\u00e9c\u00e9dents. \u00bb\u00a0<strong>Yaneck Chareyne pour Zoo le mag.<\/strong><\/p>\n<p>\"Supers : Envols. Encore un formidable tome de cette merveilleuse s\u00e9rie. Plus ado, plus actuelle, plus sombre, plus forte et qui questionne.\"<strong> Comix Trip<\/strong><\/p>\n<p>\u00ab Un deuxi\u00e8me cycle plus mature mais tout aussi \u2013 voire m\u00eame plus \u2013 passionnant que le premier ! \u00bb\u00a0<strong>La\u00ebtitia Lasalle pour la Ribambulle<\/strong><\/p>\n<p>&nbsp;<\/p>\n<\/div>\n<\/div><\/div><\/div><\/div><\/div>","protected":false},"excerpt":{"rendered":"<p>&nbsp; Sc\u00e9nariste : Fr\u00e9d\u00e9ric Maupom\u00e9 Dessinateur :\u00a0\u00a0Dawid &nbsp; Apr\u00e8s avoir utilis\u00e9 publiquement ses pouvoirs, Lili devient l\u2019ic\u00f4ne de la lutte anti-gouvernementale et milite pour d\u00e9fendre les libert\u00e9s. Mat, quant \u00e0 lui, a rejoint l\u2019arm\u00e9e et poursuit son entra\u00eenement. Frustr\u00e9 de ne pas vraiment agir aupr\u00e8s des citoyens, il se sent inutile. Alors qu\u2019ils prennent leur [&hellip;]<\/p>\n","protected":false},"author":1,"featured_media":0,"parent":0,"menu_order":0,"comment_status":"closed","ping_status":"closed","template":"","meta":{"footnotes":""},"class_list":["post-930","page","type-page","status-publish","hentry","post"],"_links":{"self":[{"href":"https:\/\/fredericmaupome.fr\/index.php?rest_route=\/wp\/v2\/pages\/930","targetHints":{"allow":["GET"]}}],"collection":[{"href":"https:\/\/fredericmaupome.fr\/index.php?rest_route=\/wp\/v2\/pages"}],"about":[{"href":"https:\/\/fredericmaupome.fr\/index.php?rest_route=\/wp\/v2\/types\/page"}],"author":[{"embeddable":true,"href":"https:\/\/fredericmaupome.fr\/index.php?rest_route=\/wp\/v2\/users\/1"}],"replies":[{"embeddable":true,"href":"https:\/\/fredericmaupome.fr\/index.php?rest_route=%2Fwp%2Fv2%2Fcomments&post=930"}],"version-history":[{"count":0,"href":"https:\/\/fredericmaupome.fr\/index.php?rest_route=\/wp\/v2\/pages\/930\/revisions"}],"wp:attachment":[{"href":"https:\/\/fredericmaupome.fr\/index.php?rest_route=%2Fwp%2Fv2%2Fmedia&parent=930"}],"curies":[{"name":"wp","href":"https:\/\/api.w.org\/{rel}","templated":true}]}}