{"id":927,"date":"2024-03-05T11:09:49","date_gmt":"2024-03-05T10:09:49","guid":{"rendered":"https:\/\/fredericmaupome.fr\/?page_id=927"},"modified":"2024-03-05T11:09:49","modified_gmt":"2024-03-05T10:09:49","slug":"sixtine-t-4-les-grandes-familles","status":"publish","type":"page","link":"https:\/\/fredericmaupome.fr\/?page_id=927","title":{"rendered":"Sixtine T.4 : Les grandes familles"},"content":{"rendered":"<div id=\"pl-927\"  class=\"panel-layout\" ><div id=\"pg-927-0\"  class=\"panel-grid panel-no-style\" ><div id=\"pgc-927-0-0\"  class=\"panel-grid-cell\" ><div id=\"panel-927-0-0-0\" class=\"so-panel widget widget_sow-editor panel-first-child panel-last-child\" data-index=\"0\" ><div\n\t\t\t\n\t\t\tclass=\"so-widget-sow-editor so-widget-sow-editor-base\"\n\t\t\t\n\t\t>\n<div class=\"siteorigin-widget-tinymce textwidget\">\n\t<div class=\"wpb_text_column wpb_content_element \">\n<div class=\"wpb_wrapper\">\n<p>&nbsp;<\/p>\n<\/div>\n<\/div>\n<div class=\"wpb_text_column wpb_content_element \">\n<div class=\"wpb_wrapper\">\n<p><strong><img loading=\"lazy\" decoding=\"async\" class=\"alignleft\" src=\"https:\/\/assets-global.website-files.com\/63ece03295abd3bc7702ae5f\/64478381ccbedf02996ee437_Sixtine4_couverture_RVB.webp\" alt=\"Sixtine 04\" width=\"373\" height=\"493\" \/><\/strong><\/p>\n<p>&nbsp;<\/p>\n<p><strong>sc\u00e9nario :<\/strong>\u00a0<a href=\"http:\/\/editionsdelagouttiere.com\/frederic-maupome\/\"><strong>Fr\u00e9d\u00e9ric Maupom\u00e9<\/strong><\/a><strong><br \/>\ndessin :<\/strong>\u00a0<strong><a href=\"http:\/\/editionsdelagouttiere.com\/aude-soheilhac\/\">Aude Soleilhac<br \/>\n<\/a><\/strong><\/p>\n<p><em>Depuis la disparition de son p\u00e8re, Sixtine vit seule avec sa m\u00e8re\u2026 et trois pirates fant\u00f4mes qui veillent sur elle !<\/em><\/p>\n<p><em>Sixtine re\u00e7oit une invitation pour assister \u00e0 la tr\u00e8s prestigieuse r\u00e9union des Grandes familles. C\u2019est le moment que choisit la myst\u00e9rieuse instigatrice des ravages du cimeti\u00e8re pour mettre son plan \u00e0 ex\u00e9cution\u2026<\/em><\/p>\n<\/div>\n<\/div>\n<\/div>\n<\/div><\/div><\/div><div id=\"pgc-927-0-1\"  class=\"panel-grid-cell\" ><div id=\"panel-927-0-1-0\" class=\"so-panel widget widget_sow-editor panel-first-child panel-last-child\" data-index=\"1\" ><div\n\t\t\t\n\t\t\tclass=\"so-widget-sow-editor so-widget-sow-editor-base\"\n\t\t\t\n\t\t>\n<div class=\"siteorigin-widget-tinymce textwidget\">\n\t<p><strong>Culture BD<\/strong><\/p>\n<p>\u00ab Le sc\u00e9nario de Fr\u00e9d\u00e9ric Maupom\u00e9 referme toutes les zones d\u2019ombres \u00e9sot\u00e9riques, sans oublier d\u2019attribuer \u00e0 son h\u00e9ro\u00efne des petites pr\u00e9occupations de l\u2019\u00e2ge adolescent (les copains, les premi\u00e8res amours, les relations tendues avec les parents\u2026). La qu\u00eate initiatique de <em>Sixtine<\/em> est rythm\u00e9e et inventive, avec des zests d\u2019humour. Elle procurera sans doute quelques frissons sur le public cible, sans faire non plus trop peur\u2026 \u00bb<strong> Planete BD<\/strong><\/p>\n<p>\u00ab Une BD qui se d\u00e9vore. On est plong\u00e9 dans l'histoire du d\u00e9but \u00e0 la fin. Cette s\u00e9rie nous fait passer par toutes les \u00e9motions : joie, tristesse, peur, humour, courage et amour. Je recommande cette s\u00e9rie \u00e0 tout le monde !!!! \u00bb <strong>Le monde de Mamate<\/strong><\/p>\n<p>\"En bref, ce quatri\u00e8me tome vient de sortir et il se d\u00e9vore, j'ai ador\u00e9 retrouver Sixtine et sa clique, elle va en apprendre plus sur sa famille, faire des d\u00e9couvertes qui la laisse pantoise, se battre pour ses convictions et pour prot\u00e9ger ceux qu'elle aime. On ne s'ennuie pas une seule seconde, j'ai ador\u00e9 les personnages secondaires et le dessin qui nous fait vivre chaque instant comme si on y \u00e9tait. Un chouette moment servi par des protagonistes attachants et qui nous font vibrer avec eux.\"<b> Les lectures de myl\u00e8ne<\/b><\/p>\n<p>\"Ce quatri\u00e8me album cl\u00f4t la s\u00e9rie des Sixtine. Il est centr\u00e9 sur la famille et les relations familiales entre les diff\u00e9rentes g\u00e9n\u00e9rations. Il soul\u00e8ve le probl\u00e8me des pr\u00e9jug\u00e9s, de la rigidit\u00e9 du mode de vie des milieux nobles, des apparences \u00e0 pr\u00e9server \u00e0 tout prix, des traditions \u00e0 maintenir, et de la contradiction qu\u2019y apporte parfois l\u2019amour. L\u2019histoire est men\u00e9e avec son dynamisme habituel, encha\u00eenant avec rythme les \u00e9pisodes, et offrant des images de batailles spectaculaires, notamment celle finale contre les spectres. \" <strong>Les notes<\/strong><\/p>\n<\/div>\n<\/div><\/div><\/div><\/div><\/div>","protected":false},"excerpt":{"rendered":"<p>&nbsp; &nbsp; sc\u00e9nario :\u00a0Fr\u00e9d\u00e9ric Maupom\u00e9 dessin :\u00a0Aude Soleilhac Depuis la disparition de son p\u00e8re, Sixtine vit seule avec sa m\u00e8re\u2026 et trois pirates fant\u00f4mes qui veillent sur elle ! Sixtine re\u00e7oit une invitation pour assister \u00e0 la tr\u00e8s prestigieuse r\u00e9union des Grandes familles. C\u2019est le moment que choisit la myst\u00e9rieuse instigatrice des ravages du cimeti\u00e8re [&hellip;]<\/p>\n","protected":false},"author":1,"featured_media":0,"parent":0,"menu_order":0,"comment_status":"closed","ping_status":"closed","template":"","meta":{"footnotes":""},"class_list":["post-927","page","type-page","status-publish","hentry","post"],"_links":{"self":[{"href":"https:\/\/fredericmaupome.fr\/index.php?rest_route=\/wp\/v2\/pages\/927","targetHints":{"allow":["GET"]}}],"collection":[{"href":"https:\/\/fredericmaupome.fr\/index.php?rest_route=\/wp\/v2\/pages"}],"about":[{"href":"https:\/\/fredericmaupome.fr\/index.php?rest_route=\/wp\/v2\/types\/page"}],"author":[{"embeddable":true,"href":"https:\/\/fredericmaupome.fr\/index.php?rest_route=\/wp\/v2\/users\/1"}],"replies":[{"embeddable":true,"href":"https:\/\/fredericmaupome.fr\/index.php?rest_route=%2Fwp%2Fv2%2Fcomments&post=927"}],"version-history":[{"count":0,"href":"https:\/\/fredericmaupome.fr\/index.php?rest_route=\/wp\/v2\/pages\/927\/revisions"}],"wp:attachment":[{"href":"https:\/\/fredericmaupome.fr\/index.php?rest_route=%2Fwp%2Fv2%2Fmedia&parent=927"}],"curies":[{"name":"wp","href":"https:\/\/api.w.org\/{rel}","templated":true}]}}