{"id":887,"date":"2021-04-06T16:04:22","date_gmt":"2021-04-06T14:04:22","guid":{"rendered":"http:\/\/fredericmaupome.fr\/?page_id=887"},"modified":"2021-04-06T16:04:22","modified_gmt":"2021-04-06T14:04:22","slug":"supers-integrale-du-cycle-1","status":"publish","type":"page","link":"https:\/\/fredericmaupome.fr\/?page_id=887","title":{"rendered":"Supers : Int\u00e9grale du cycle 1"},"content":{"rendered":"<div id=\"pl-887\"  class=\"panel-layout\" ><div id=\"pg-887-0\"  class=\"panel-grid panel-no-style\" ><div id=\"pgc-887-0-0\"  class=\"panel-grid-cell\" ><div id=\"panel-887-0-0-0\" class=\"so-panel widget widget_sow-editor panel-first-child panel-last-child\" data-index=\"0\" ><div\n\t\t\t\n\t\t\tclass=\"so-widget-sow-editor so-widget-sow-editor-base\"\n\t\t\t\n\t\t>\n<div class=\"siteorigin-widget-tinymce textwidget\">\n\t<div class=\"wpb_text_column wpb_content_element \">\n<div class=\"wpb_wrapper\">\n<p><strong><img loading=\"lazy\" decoding=\"async\" class=\" wp-image-888 alignleft\" src=\"http:\/\/fredericmaupome.fr\/wp-content\/uploads\/2021\/04\/Couverture-temporaire-integrale_250-221x300.jpg\" alt=\"\" width=\"399\" height=\"542\" \/>Supers<br \/>\nInt\u00e9grale cycle 1 (Tomes 1 \u00e0 5)<br \/>\n<\/strong><\/p>\n<\/div>\n<\/div>\n<hr class=\"vcex-spacing \" \/>\n<div class=\"wpb_text_column wpb_content_element \">\n<div class=\"wpb_wrapper\">\n<p>&nbsp;<\/p>\n<\/div>\n<\/div>\n<div class=\"wpb_text_column wpb_content_element \">\n<div class=\"wpb_wrapper\">\n<p><strong>Sc\u00e9nariste : <a href=\"http:\/\/editionsdelagouttiere.com\/frederic-maupome\/\">Fr\u00e9d\u00e9ric Maupom\u00e9<\/a><\/strong><br \/>\n<strong>Dessinateur :<\/strong>\u00a0<strong><a href=\"http:\/\/editionsdelagouttiere.com\/dawid\/\">\u00a0Dawid<\/a><\/strong><strong><br \/>\n<\/strong>Date de parution : 6 novembre 2020<br \/>\nFormat :\u00a019,5 x 26,5\u00a0cm<br \/>\n608 pages<br \/>\n39,70 \u20ac<br \/>\n978-2-35796-027-5<\/p>\n<\/div>\n<\/div>\n<hr class=\"vcex-spacing \" \/>\n<div class=\"wpb_text_column wpb_content_element \">\n<div class=\"wpb_wrapper\">\n<div>Mat, Lili et Benji, r\u00e9fugi\u00e9s d\u2019une autre plan\u00e8te, ont \u00e9t\u00e9 abandonn\u00e9s sur Terre par\u00a0leurs parents. Ces enfants, dot\u00e9s de pouvoirs exceptionnels, n\u2019en sont pas moins\u00a0livr\u00e9s \u00e0 eux-m\u00eames. La fratrie oscille alors entre l\u2019envie de se fondre dans la masse,\u00a0la n\u00e9cessit\u00e9 de se d\u00e9brouiller en toutes circonstances et la tentation, parfois,\u00a0de faire preuve d\u2019une bravoure inconsciente.<\/div>\n<div><\/div>\n<div>Ensemble, mais aussi s\u00e9par\u00e9ment, ils tentent de grandir et de se construire sur\u00a0un chemin sem\u00e9 d\u2019emb\u00fbches\u2026<\/div>\n<div><\/div>\n<p>Retrouvez les 5 volumes de la s\u00e9rie\u00a0<a title=\"Supers (5 tomes parus)\" href=\"http:\/\/editionsdelagouttiere.com\/livre\/supers\/\"><em><strong>Supers<\/strong><\/em><\/a>\u00a0enfin r\u00e9unis en un seul ! Vous pourrez \u00e9galement d\u00e9couvrir dans cette int\u00e9grale quelques bonus exclusifs, et chacun des tomes a eu droit \u00e0 une nouvelle mise en couleurs de\u00a0<a title=\"Dawid\" href=\"http:\/\/editionsdelagouttiere.com\/dawid\/\"><strong>Dawid<\/strong><\/a>.<\/p>\n<\/div>\n<\/div>\n<hr class=\"vcex-spacing \" \/>\n<div class=\"wpb_text_column wpb_content_element \">\n<div class=\"wpb_wrapper\">\n<div><em>\u00ab \u00catre un super-h\u00e9ros, c\u2019est pas avoir des pouvoirs que les autres n\u2019ont\u00a0pas. C\u2019est agir. M\u00eame quand \u00e7a fait mal. M\u00eame quand c\u2019est trop dur. \u00bb<\/em><\/div>\n<\/div>\n<\/div>\n<\/div>\n<\/div><\/div><\/div><div id=\"pgc-887-0-1\"  class=\"panel-grid-cell\" ><div id=\"panel-887-0-1-0\" class=\"so-panel widget widget_sow-editor panel-first-child panel-last-child\" data-index=\"1\" ><div\n\t\t\t\n\t\t\tclass=\"so-widget-sow-editor so-widget-sow-editor-base\"\n\t\t\t\n\t\t>\n<div class=\"siteorigin-widget-tinymce textwidget\">\n\t<div class=\"wpb_text_column wpb_content_element \">\n<div class=\"wpb_wrapper\">\n<p><strong>S\u00e9lections et R\u00e9compenses<br \/>\n<\/strong><\/p>\n<\/div>\n<\/div>\n<hr class=\"vcex-spacing \" \/>\n<div class=\"wpb_text_column wpb_content_element \">\n<div class=\"wpb_wrapper\">\n<p>- Laur\u00e9at du prix\u00a0<strong>Bulles d\u2019Oc\u00e9an<\/strong>\u00a02016<\/p>\n<p>- Laur\u00e9at du prix\u00a0<strong>Livrent\u00eate<\/strong>\u00a02016-2017<\/p>\n<p>-\u00a0 S\u00e9lectionn\u00e9 pour le\u00a0<a href=\"http:\/\/www.imaginartois.fr\/prix-jeunes-lecteurs-2016.html\">prix Jeune Lecteur (11\/14 ans)\u00a0<\/a>d<strong>\u2018Imagin\u2019Artois<\/strong>\u00a02016<\/p>\n<p>- S\u00e9lectionn\u00e9 pour le prix jeunesse\u00a0<strong>Du vent dans les BD<\/strong>\u00a02017<\/p>\n<\/div>\n<\/div>\n<hr class=\"vcex-spacing \" \/>\n<div class=\"wpb_text_column wpb_content_element \">\n<div class=\"wpb_wrapper\">\n<p><strong>Au del\u00e0 des fronti\u00e8res<\/strong><\/p>\n<\/div>\n<\/div>\n<hr class=\"vcex-spacing \" \/>\n<div class=\"wpb_text_column wpb_content_element \">\n<div class=\"wpb_wrapper\">\n<p>Les super-h\u00e9ros jeunesse de cette s\u00e9rie font bient\u00f4t leur entr\u00e9e au pays des comics :\u00a0<em><a href=\"http:\/\/editionsdelagouttiere.com\/livre\/supers-t01-une-petite-etoile-en-dessous-de-tsih\/\">le premier tome,<\/a>\u00a0<\/em>publi\u00e9 en ao\u00fbt 2016, sort aux \u00c9tats-Unis courant 2017. Et pas chez n\u2019importe qui, chez\u00a0<a href=\"http:\/\/www.topshelfcomix.com\/\"><strong>Top Shelf<\/strong><\/a>, l\u2019\u00e9diteur de\u2026 Craig Thompson !<\/p>\n<p>The heroes of this series are soon coming in the comics country : the first volume, published in France in 2016, will be published in the States in 2017, by\u00a0<a href=\"http:\/\/www.topshelfcomix.com\/\">Top Shelf<\/a>.\u00a0<a href=\"http:\/\/editionsdelagouttiere.com\/wp-content\/uploads\/sites\/3\/2018\/02\/Foreign-rights-catalog_2017.pdf\">Discover here our catalog in english.<\/a><\/p>\n<\/div>\n<\/div>\n<\/div>\n<\/div><\/div><\/div><\/div><\/div>","protected":false},"excerpt":{"rendered":"<p>Supers Int\u00e9grale cycle 1 (Tomes 1 \u00e0 5) &nbsp; Sc\u00e9nariste : Fr\u00e9d\u00e9ric Maupom\u00e9 Dessinateur :\u00a0\u00a0Dawid Date de parution : 6 novembre 2020 Format :\u00a019,5 x 26,5\u00a0cm 608 pages 39,70 \u20ac 978-2-35796-027-5 Mat, Lili et Benji, r\u00e9fugi\u00e9s d\u2019une autre plan\u00e8te, ont \u00e9t\u00e9 abandonn\u00e9s sur Terre par\u00a0leurs parents. Ces enfants, dot\u00e9s de pouvoirs exceptionnels, n\u2019en sont pas [&hellip;]<\/p>\n","protected":false},"author":1,"featured_media":0,"parent":0,"menu_order":0,"comment_status":"closed","ping_status":"closed","template":"","meta":{"footnotes":""},"class_list":["post-887","page","type-page","status-publish","hentry","post"],"_links":{"self":[{"href":"https:\/\/fredericmaupome.fr\/index.php?rest_route=\/wp\/v2\/pages\/887","targetHints":{"allow":["GET"]}}],"collection":[{"href":"https:\/\/fredericmaupome.fr\/index.php?rest_route=\/wp\/v2\/pages"}],"about":[{"href":"https:\/\/fredericmaupome.fr\/index.php?rest_route=\/wp\/v2\/types\/page"}],"author":[{"embeddable":true,"href":"https:\/\/fredericmaupome.fr\/index.php?rest_route=\/wp\/v2\/users\/1"}],"replies":[{"embeddable":true,"href":"https:\/\/fredericmaupome.fr\/index.php?rest_route=%2Fwp%2Fv2%2Fcomments&post=887"}],"version-history":[{"count":0,"href":"https:\/\/fredericmaupome.fr\/index.php?rest_route=\/wp\/v2\/pages\/887\/revisions"}],"wp:attachment":[{"href":"https:\/\/fredericmaupome.fr\/index.php?rest_route=%2Fwp%2Fv2%2Fmedia&parent=887"}],"curies":[{"name":"wp","href":"https:\/\/api.w.org\/{rel}","templated":true}]}}