{"id":876,"date":"2021-04-06T15:53:08","date_gmt":"2021-04-06T13:53:08","guid":{"rendered":"http:\/\/fredericmaupome.fr\/?page_id=876"},"modified":"2021-04-06T15:53:08","modified_gmt":"2021-04-06T13:53:08","slug":"anuki-le-grand-voyage","status":"publish","type":"page","link":"https:\/\/fredericmaupome.fr\/?page_id=876","title":{"rendered":"Anuki : Le grand voyage"},"content":{"rendered":"<div id=\"pl-876\"  class=\"panel-layout\" ><div id=\"pg-876-0\"  class=\"panel-grid panel-no-style\" ><div id=\"pgc-876-0-0\"  class=\"panel-grid-cell\" ><div id=\"panel-876-0-0-0\" class=\"so-panel widget widget_sow-editor panel-first-child panel-last-child\" data-index=\"0\" ><div\n\t\t\t\n\t\t\tclass=\"so-widget-sow-editor so-widget-sow-editor-base\"\n\t\t\t\n\t\t>\n<div class=\"siteorigin-widget-tinymce textwidget\">\n\t<div class=\"wpb_text_column wpb_content_element \">\n<div class=\"wpb_wrapper\">\n<p><strong><img loading=\"lazy\" decoding=\"async\" class=\"size-medium wp-image-877 alignleft\" src=\"http:\/\/fredericmaupome.fr\/wp-content\/uploads\/2021\/04\/Anuki10_couverture_RVB_petit_250-219x300.jpg\" alt=\"\" width=\"219\" height=\"300\" \/>Sc\u00e9nariste :\u00a0<a href=\"http:\/\/editionsdelagouttiere.com\/frederic-maupome\/\">Fr\u00e9d\u00e9ric Maupom\u00e9<\/a><\/strong><br \/>\n<strong>Dessinateur :\u00a0<a href=\"http:\/\/editionsdelagouttiere.com\/stephane-senegas\/\">St\u00e9phane S\u00e9n\u00e9gas<br \/>\n<\/a><\/strong><\/p>\n<\/div>\n<\/div>\n<div class=\"wpb_text_column wpb_content_element \">\n<div class=\"wpb_wrapper\">\n<div>\n<p>Le chaman du village part en exp\u00e9dition loin du territoire, pour rencontrer d\u2019autres sorciers. Anuki et ses amis d\u00e9cident de le suivre, malgr\u00e9 son interdiction\u2026\u00a0Bien des dangers les guettent !<\/p>\n<\/div>\n<\/div>\n<\/div>\n<\/div>\n<\/div><\/div><\/div><div id=\"pgc-876-0-1\"  class=\"panel-grid-cell\" ><div id=\"panel-876-0-1-0\" class=\"so-panel widget widget_sow-editor panel-first-child panel-last-child\" data-index=\"1\" ><div\n\t\t\t\n\t\t\tclass=\"so-widget-sow-editor so-widget-sow-editor-base\"\n\t\t\t\n\t\t>\n<div class=\"siteorigin-widget-tinymce textwidget\">\n\t<p><strong>Comix Trip<\/strong><\/p>\n<p>Ne pas prendre les jeunes lecteurs pour des enfants d\u00e9nu\u00e9s de sens et d\u2019esprit, voici la grande r\u00e9ussite d\u2019<strong>Anuki<\/strong>\u00a0et par extension la ligne \u00e9ditoriale de\u00a0<strong>La goutti\u00e8re<\/strong>.<\/p>\n<p><em><strong>Le grand voyage<\/strong><\/em>\u00a0nous transporte, nous questionne et nous m\u00e8ne vers des contr\u00e9es jusqu\u2019\u00e0 pr\u00e9sent non explor\u00e9es par la s\u00e9rie. Le duo a bien fait. Chapeau !<\/p>\n<\/div>\n<\/div><\/div><\/div><\/div><\/div>","protected":false},"excerpt":{"rendered":"<p>Sc\u00e9nariste :\u00a0Fr\u00e9d\u00e9ric Maupom\u00e9 Dessinateur :\u00a0St\u00e9phane S\u00e9n\u00e9gas Le chaman du village part en exp\u00e9dition loin du territoire, pour rencontrer d\u2019autres sorciers. Anuki et ses amis d\u00e9cident de le suivre, malgr\u00e9 son interdiction\u2026\u00a0Bien des dangers les guettent ! Comix Trip Ne pas prendre les jeunes lecteurs pour des enfants d\u00e9nu\u00e9s de sens et d\u2019esprit, voici la grande [&hellip;]<\/p>\n","protected":false},"author":1,"featured_media":0,"parent":0,"menu_order":0,"comment_status":"closed","ping_status":"closed","template":"","meta":{"footnotes":""},"class_list":["post-876","page","type-page","status-publish","hentry","post"],"_links":{"self":[{"href":"https:\/\/fredericmaupome.fr\/index.php?rest_route=\/wp\/v2\/pages\/876","targetHints":{"allow":["GET"]}}],"collection":[{"href":"https:\/\/fredericmaupome.fr\/index.php?rest_route=\/wp\/v2\/pages"}],"about":[{"href":"https:\/\/fredericmaupome.fr\/index.php?rest_route=\/wp\/v2\/types\/page"}],"author":[{"embeddable":true,"href":"https:\/\/fredericmaupome.fr\/index.php?rest_route=\/wp\/v2\/users\/1"}],"replies":[{"embeddable":true,"href":"https:\/\/fredericmaupome.fr\/index.php?rest_route=%2Fwp%2Fv2%2Fcomments&post=876"}],"version-history":[{"count":0,"href":"https:\/\/fredericmaupome.fr\/index.php?rest_route=\/wp\/v2\/pages\/876\/revisions"}],"wp:attachment":[{"href":"https:\/\/fredericmaupome.fr\/index.php?rest_route=%2Fwp%2Fv2%2Fmedia&parent=876"}],"curies":[{"name":"wp","href":"https:\/\/api.w.org\/{rel}","templated":true}]}}