{"id":870,"date":"2021-04-06T15:49:12","date_gmt":"2021-04-06T13:49:12","guid":{"rendered":"http:\/\/fredericmaupome.fr\/?page_id=870"},"modified":"2021-04-06T15:49:12","modified_gmt":"2021-04-06T13:49:12","slug":"anuki-leau-et-le-feu","status":"publish","type":"page","link":"https:\/\/fredericmaupome.fr\/?page_id=870","title":{"rendered":"Anuki : l&rsquo;eau et le feu"},"content":{"rendered":"<div id=\"pl-870\"  class=\"panel-layout\" ><div id=\"pg-870-0\"  class=\"panel-grid panel-no-style\" ><div id=\"pgc-870-0-0\"  class=\"panel-grid-cell\" ><div id=\"panel-870-0-0-0\" class=\"so-panel widget widget_sow-editor panel-first-child panel-last-child\" data-index=\"0\" ><div\n\t\t\t\n\t\t\tclass=\"so-widget-sow-editor so-widget-sow-editor-base\"\n\t\t\t\n\t\t>\n<div class=\"siteorigin-widget-tinymce textwidget\">\n\t<p><img loading=\"lazy\" decoding=\"async\" class=\"size-medium wp-image-872 alignleft\" src=\"http:\/\/fredericmaupome.fr\/wp-content\/uploads\/2021\/04\/API9_couverture_essai_2-rvb-e1568203637554-757x1024_250-222x300.jpg\" alt=\"\" width=\"222\" height=\"300\" \/>Bande dessin\u00e9e jeunesse, dessins de\u00a0<a href=\"http:\/\/stephanessenegas.canalblog.com\/\">St<\/a><a href=\"http:\/\/stephanessenegas.canalblog.com\/\">\u00e9phane<\/a><a href=\"http:\/\/stephanessenegas.canalblog.com\/\">S\u00e9n\u00e9gas<\/a>,\u00a0<a href=\"http:\/\/editionsdelagouttiere.com\/\">\u00e9ditions de la Goutti\u00e8re<\/a>, 2018<\/p>\n<div>\n<p>Anuki et ses amis profitent de la chaleur de l\u2019\u00e9t\u00e9 pour faire des plongeons dans la rivi\u00e8re. Mais au moment de retourner au village, un terrible incendie \u00e9clate dans la for\u00eat. De l\u2019\u00e9norme masse de fum\u00e9e \u00e9merge un homme, puis deux, avant de d\u00e9voiler toute une famille d\u2019une autre tribu, \u00e9puis\u00e9e et couverte de suie.<\/p>\n<\/div>\n<\/div>\n<\/div><\/div><\/div><div id=\"pgc-870-0-1\"  class=\"panel-grid-cell\" ><div id=\"panel-870-0-1-0\" class=\"so-panel widget widget_sow-editor panel-first-child panel-last-child\" data-index=\"1\" ><div\n\t\t\t\n\t\t\tclass=\"so-widget-sow-editor so-widget-sow-editor-base\"\n\t\t\t\n\t\t>\n<div class=\"siteorigin-widget-tinymce textwidget\">\n\t<p><strong>Scenario<\/strong><\/p>\n<p>Cet album permet une nouvelle fois de renforcer le dialogue entre les g\u00e9n\u00e9ration, \u00e0 lire en version comment\u00e9e avec vos enfants<\/p>\n<p><strong>Ta d'la joie<\/strong><\/p>\n<p>Anuki est une bd jeunesse, mais finalement elle s\u2019adresse \u00e0 tous. De ce point de vue, l\u2019absence de texte est une force : pas de \u00ab faites ceci et pas cela \u00bb rien de sentencieux. Mais beaucoup d\u2019humour et de po\u00e9sie pour faire passer des messages forts de tol\u00e9rance, de respect de l\u2019autre et de la nature.<\/p>\n<\/div>\n<\/div><\/div><\/div><\/div><\/div>","protected":false},"excerpt":{"rendered":"<p>Bande dessin\u00e9e jeunesse, dessins de\u00a0St\u00e9phaneS\u00e9n\u00e9gas,\u00a0\u00e9ditions de la Goutti\u00e8re, 2018 Anuki et ses amis profitent de la chaleur de l\u2019\u00e9t\u00e9 pour faire des plongeons dans la rivi\u00e8re. Mais au moment de retourner au village, un terrible incendie \u00e9clate dans la for\u00eat. De l\u2019\u00e9norme masse de fum\u00e9e \u00e9merge un homme, puis deux, avant de d\u00e9voiler toute une [&hellip;]<\/p>\n","protected":false},"author":1,"featured_media":0,"parent":0,"menu_order":0,"comment_status":"closed","ping_status":"closed","template":"","meta":{"footnotes":""},"class_list":["post-870","page","type-page","status-publish","hentry","post"],"_links":{"self":[{"href":"https:\/\/fredericmaupome.fr\/index.php?rest_route=\/wp\/v2\/pages\/870","targetHints":{"allow":["GET"]}}],"collection":[{"href":"https:\/\/fredericmaupome.fr\/index.php?rest_route=\/wp\/v2\/pages"}],"about":[{"href":"https:\/\/fredericmaupome.fr\/index.php?rest_route=\/wp\/v2\/types\/page"}],"author":[{"embeddable":true,"href":"https:\/\/fredericmaupome.fr\/index.php?rest_route=\/wp\/v2\/users\/1"}],"replies":[{"embeddable":true,"href":"https:\/\/fredericmaupome.fr\/index.php?rest_route=%2Fwp%2Fv2%2Fcomments&post=870"}],"version-history":[{"count":0,"href":"https:\/\/fredericmaupome.fr\/index.php?rest_route=\/wp\/v2\/pages\/870\/revisions"}],"wp:attachment":[{"href":"https:\/\/fredericmaupome.fr\/index.php?rest_route=%2Fwp%2Fv2%2Fmedia&parent=870"}],"curies":[{"name":"wp","href":"https:\/\/api.w.org\/{rel}","templated":true}]}}