{"id":849,"date":"2019-06-05T19:24:33","date_gmt":"2019-06-05T17:24:33","guid":{"rendered":"http:\/\/fredericmaupome.fr\/?page_id=849"},"modified":"2019-06-05T19:24:33","modified_gmt":"2019-06-05T17:24:33","slug":"on-la-a-peine-remarque","status":"publish","type":"page","link":"https:\/\/fredericmaupome.fr\/?page_id=849","title":{"rendered":"On l&rsquo;a \u00e0 peine remarqu\u00e9"},"content":{"rendered":"<div id=\"pl-849\"  class=\"panel-layout\" ><div id=\"pg-849-0\"  class=\"panel-grid panel-no-style\" ><div id=\"pgc-849-0-0\"  class=\"panel-grid-cell\" ><div id=\"panel-849-0-0-0\" class=\"so-panel widget widget_sow-editor panel-first-child panel-last-child\" data-index=\"0\" ><div\n\t\t\t\n\t\t\tclass=\"so-widget-sow-editor so-widget-sow-editor-base\"\n\t\t\t\n\t\t>\n<div class=\"siteorigin-widget-tinymce textwidget\">\n\t<p>&nbsp;<\/p>\n<p><img decoding=\"async\" class=\"alignleft\" src=\"https:\/\/images-eu.ssl-images-amazon.com\/images\/I\/41SBGh8y5WL._SX195_.jpg\" alt=\"On l'a \u00e0 peine remarqu\u00e9 par Maupom\u00e9\" \/>Au d\u00e9but, c'\u00e9tait juste un trait...<\/p>\n<p>Tout le monde joue \u00e0 la marelle. La vie semble se d\u00e9rouler sans encombre.<\/p>\n<p>Un trait appara\u00eet. Elle traverse la marelle de la terre jusqu'au ciel, mais personne n'y pr\u00eate attention. Et puis de rien du tout, c'est devenu pas grand chose...<\/p>\n<p>&nbsp;<\/p>\n<p>\u00e9ditions Frimousse, dessin de St\u00e9phane S\u00e9n\u00e9gas<\/p>\n<p>&nbsp;<\/p>\n<\/div>\n<\/div><\/div><\/div><div id=\"pgc-849-0-1\"  class=\"panel-grid-cell\" ><div id=\"panel-849-0-1-0\" class=\"so-panel widget widget_sow-editor panel-first-child panel-last-child\" data-index=\"1\" ><div\n\t\t\t\n\t\t\tclass=\"so-widget-sow-editor so-widget-sow-editor-base\"\n\t\t\t\n\t\t>\n<div class=\"siteorigin-widget-tinymce textwidget\">\n\t<\/div>\n<\/div><\/div><\/div><\/div><\/div>","protected":false},"excerpt":{"rendered":"<p>&nbsp; Au d\u00e9but, c&rsquo;\u00e9tait juste un trait&#8230; Tout le monde joue \u00e0 la marelle. La vie semble se d\u00e9rouler sans encombre. Un trait appara\u00eet. Elle traverse la marelle de la terre jusqu&rsquo;au ciel, mais personne n&rsquo;y pr\u00eate attention. Et puis de rien du tout, c&rsquo;est devenu pas grand chose&#8230; &nbsp; \u00e9ditions Frimousse, dessin de St\u00e9phane [&hellip;]<\/p>\n","protected":false},"author":1,"featured_media":0,"parent":0,"menu_order":0,"comment_status":"closed","ping_status":"closed","template":"","meta":{"footnotes":""},"class_list":["post-849","page","type-page","status-publish","hentry","post"],"_links":{"self":[{"href":"https:\/\/fredericmaupome.fr\/index.php?rest_route=\/wp\/v2\/pages\/849","targetHints":{"allow":["GET"]}}],"collection":[{"href":"https:\/\/fredericmaupome.fr\/index.php?rest_route=\/wp\/v2\/pages"}],"about":[{"href":"https:\/\/fredericmaupome.fr\/index.php?rest_route=\/wp\/v2\/types\/page"}],"author":[{"embeddable":true,"href":"https:\/\/fredericmaupome.fr\/index.php?rest_route=\/wp\/v2\/users\/1"}],"replies":[{"embeddable":true,"href":"https:\/\/fredericmaupome.fr\/index.php?rest_route=%2Fwp%2Fv2%2Fcomments&post=849"}],"version-history":[{"count":0,"href":"https:\/\/fredericmaupome.fr\/index.php?rest_route=\/wp\/v2\/pages\/849\/revisions"}],"wp:attachment":[{"href":"https:\/\/fredericmaupome.fr\/index.php?rest_route=%2Fwp%2Fv2%2Fmedia&parent=849"}],"curies":[{"name":"wp","href":"https:\/\/api.w.org\/{rel}","templated":true}]}}