{"id":847,"date":"2019-06-05T19:19:43","date_gmt":"2019-06-05T17:19:43","guid":{"rendered":"http:\/\/fredericmaupome.fr\/?page_id=847"},"modified":"2019-06-05T19:19:43","modified_gmt":"2019-06-05T17:19:43","slug":"la-ligne","status":"publish","type":"page","link":"https:\/\/fredericmaupome.fr\/?page_id=847","title":{"rendered":"La Ligne"},"content":{"rendered":"<div id=\"pl-847\"  class=\"panel-layout\" ><div id=\"pg-847-0\"  class=\"panel-grid panel-no-style\" ><div id=\"pgc-847-0-0\"  class=\"panel-grid-cell\" ><div id=\"panel-847-0-0-0\" class=\"so-panel widget widget_sow-editor panel-first-child panel-last-child\" data-index=\"0\" ><div\n\t\t\t\n\t\t\tclass=\"so-widget-sow-editor so-widget-sow-editor-base\"\n\t\t\t\n\t\t>\n<div class=\"siteorigin-widget-tinymce textwidget\">\n\t<p><img decoding=\"async\" class=\"alignleft\" src=\"https:\/\/static.fnac-static.com\/multimedia\/Images\/FR\/NR\/ef\/d9\/96\/9886191\/1507-1\/tsp20181108155157\/La-ligne.jpg\" \/><\/p>\n<p>&nbsp;<\/p>\n<p>&nbsp;<\/p>\n<p><em>Parfois, l'histoire finit bien. Parfois, l'histoire ne finit pas. Deux personnages sont dans la cour d'un immeuble. L'un est calme sur un banc. L'autre a tr\u00e8s envie de bouger et jouer. C'est alors que la ligne appara\u00eet. Celle qui se dessine entre deux camps pour un rien. Celle qui grossit et devient un mur. Celle qui se tend jusqu'au conflit. C'est la guerre. Tout est permis. Et pourtant, parfois, la ligne s'efface aussi vite qu'elle est apparue.\u00a0<\/em><\/p>\n<p>&nbsp;<\/p>\n<p>illustrations de St\u00e9phane S\u00e9n\u00e9gas<\/p>\n<\/div>\n<\/div><\/div><\/div><div id=\"pgc-847-0-1\"  class=\"panel-grid-cell\" ><div id=\"panel-847-0-1-0\" class=\"so-panel widget widget_sow-editor panel-first-child panel-last-child\" data-index=\"1\" ><div\n\t\t\t\n\t\t\tclass=\"so-widget-sow-editor so-widget-sow-editor-base\"\n\t\t\t\n\t\t>\n<div class=\"siteorigin-widget-tinymce textwidget\">\n\t<p><em>Quelques mots suffisent sous la plume de\u00a0Fr\u00e9d\u00e9ric Maupom\u00e9\u00a0pour donner \u00e0 ces pages toute\u00a0la po\u00e9sie\u00a0que l\u2019on attend pour un album de acabit. Chaque phrase fait mouche, avec beaucoup de\u00a0d\u00e9licatesse,\u00a0m\u00eame quand il s\u2019agit de dire ce qui\u00a0divise ou blesse.\u00a0 <\/em><strong>Moka au millieu des livres<\/strong><\/p>\n<p><em>un album aussi fort visuellement qu'\u00e9motionnellement, [...] Des mots qui font mouche et des illustrations de St\u00e9phane S\u00e9n\u00e9gas qui, elles aussi, nous interpellent.<\/em> <strong>bobetjeanmichel.com<\/strong><\/p>\n<p><em>Dans une langue po\u00e9tique \u2013 les mots riment, se r\u00e9pondent -, les auteurs montrent combien la peur de l\u2019autre, notre incapacit\u00e9 \u00e0 communiquer, notre tendance \u00e0 l\u2019antipathie, \u00e0 l\u2019\u00e9gocentrisme, peut faire tout basculer.\u00a0<\/em><strong>onlalu.com<\/strong><\/p>\n<p><em>Une petite merveille de livre <\/em><strong>Radio Royans-Plumes de brigands <\/strong>(vous pouvez trouver l\u2019\u00e9mission consacr\u00e9e au livre <a href=\"https:\/\/radioroyans.fr\/litterature-et-poesie\/plumes-de-brigands\/1009-plumes-de-brigands-154.html\">ici<\/a>)<\/p>\n<\/div>\n<\/div><\/div><\/div><\/div><\/div>","protected":false},"excerpt":{"rendered":"<p>&nbsp; &nbsp; Parfois, l&rsquo;histoire finit bien. Parfois, l&rsquo;histoire ne finit pas. Deux personnages sont dans la cour d&rsquo;un immeuble. L&rsquo;un est calme sur un banc. L&rsquo;autre a tr\u00e8s envie de bouger et jouer. C&rsquo;est alors que la ligne appara\u00eet. Celle qui se dessine entre deux camps pour un rien. Celle qui grossit et devient un [&hellip;]<\/p>\n","protected":false},"author":1,"featured_media":0,"parent":0,"menu_order":0,"comment_status":"closed","ping_status":"closed","template":"","meta":{"footnotes":""},"class_list":["post-847","page","type-page","status-publish","hentry","post"],"_links":{"self":[{"href":"https:\/\/fredericmaupome.fr\/index.php?rest_route=\/wp\/v2\/pages\/847","targetHints":{"allow":["GET"]}}],"collection":[{"href":"https:\/\/fredericmaupome.fr\/index.php?rest_route=\/wp\/v2\/pages"}],"about":[{"href":"https:\/\/fredericmaupome.fr\/index.php?rest_route=\/wp\/v2\/types\/page"}],"author":[{"embeddable":true,"href":"https:\/\/fredericmaupome.fr\/index.php?rest_route=\/wp\/v2\/users\/1"}],"replies":[{"embeddable":true,"href":"https:\/\/fredericmaupome.fr\/index.php?rest_route=%2Fwp%2Fv2%2Fcomments&post=847"}],"version-history":[{"count":0,"href":"https:\/\/fredericmaupome.fr\/index.php?rest_route=\/wp\/v2\/pages\/847\/revisions"}],"wp:attachment":[{"href":"https:\/\/fredericmaupome.fr\/index.php?rest_route=%2Fwp%2Fv2%2Fmedia&parent=847"}],"curies":[{"name":"wp","href":"https:\/\/api.w.org\/{rel}","templated":true}]}}