{"id":822,"date":"2018-10-08T14:38:12","date_gmt":"2018-10-08T12:38:12","guid":{"rendered":"http:\/\/fredericmaupome.fr\/?page_id=822"},"modified":"2018-10-08T14:38:12","modified_gmt":"2018-10-08T12:38:12","slug":"sixtine-2-le-chien-des-ombres","status":"publish","type":"page","link":"https:\/\/fredericmaupome.fr\/?page_id=822","title":{"rendered":"Sixtine T.2 : Le chien des ombres"},"content":{"rendered":"<div id=\"pl-822\"  class=\"panel-layout\" ><div id=\"pg-822-0\"  class=\"panel-grid panel-no-style\" ><div id=\"pgc-822-0-0\"  class=\"panel-grid-cell\" ><div id=\"panel-822-0-0-0\" class=\"so-panel widget widget_sow-editor panel-first-child panel-last-child\" data-index=\"0\" ><div\n\t\t\t\n\t\t\tclass=\"so-widget-sow-editor so-widget-sow-editor-base\"\n\t\t\t\n\t\t>\n<div class=\"siteorigin-widget-tinymce textwidget\">\n\t<p><em><img loading=\"lazy\" decoding=\"async\" class=\"alignleft\" src=\"https:\/\/www.bdfugue.com\/media\/catalog\/product\/cache\/0d950bd4d3aaddc02a824ea154d9c41e\/9\/7\/9782357960244_1_75.webp\" alt=\"Sixtine tome 4\" width=\"277\" height=\"366\" \/><\/em><\/p>\n<p>&nbsp;<\/p>\n<p><em>En pleine pr\u00e9paration de cartons pour le futur d\u00e9m\u00e9nagement, Sixtine tombe sur une bo\u00eete ayant appartenu \u00e0 son p\u00e8re, contenant plein de vieux films, de vieux romans et de souvenirs. La jeune fille est notamment attir\u00e9e par un livre s\u2019intitulant \u00ab Ma vie avec les fant\u00f4mes \u00bb et passe sa nuit \u00e0 le d\u00e9vorer.<\/em><br \/>\n<em>Ses trois amis-pirates Igor, Archembeau et Tranche-Trogne ne sont pas loin\u00a0et ne voient pas cette d\u00e9couverte d\u2019un tr\u00e8s bon \u0153il.\u00a0Serait-ce (de nouveau) le d\u00e9but des ennuis pour Sixtine\u00a0?<\/em><br \/>\n<em>Ou va-t-elle enfin en apprendre davantage sur ses origines\u00a0?<\/em><\/p>\n<p>&nbsp;<\/p>\n<p>dessins de Aude Soleilhac, Editions de la Goutti\u00e8re 2018<\/p>\n<\/div>\n<\/div><\/div><\/div><div id=\"pgc-822-0-1\"  class=\"panel-grid-cell\" ><div id=\"panel-822-0-1-0\" class=\"so-panel widget widget_sow-editor panel-first-child panel-last-child\" data-index=\"1\" ><div\n\t\t\t\n\t\t\tclass=\"so-widget-sow-editor so-widget-sow-editor-base\"\n\t\t\t\n\t\t><h3 class=\"widget-title\">Critiques<\/h3>\n<div class=\"siteorigin-widget-tinymce textwidget\">\n\t<p><em><strong>Sixtine :<\/strong><\/em>\u00a0c\u2019est moderne, vivant, intelligent, dr\u00f4le, tendre, fantastique et beau ! On adopte toutes et tous Sixtine ! <strong>Comix Trip<\/strong><\/p>\n<p>Deuxi\u00e8me tome de cette s\u00e9rie jeunesse tr\u00e8s passionnante. <strong>BD Fugue<\/strong><\/p>\n<div class=\"sharedaddy sd-sharing-enabled\"><\/div>\n<\/div>\n<\/div><\/div><\/div><\/div><\/div>","protected":false},"excerpt":{"rendered":"<p>&nbsp; En pleine pr\u00e9paration de cartons pour le futur d\u00e9m\u00e9nagement, Sixtine tombe sur une bo\u00eete ayant appartenu \u00e0 son p\u00e8re, contenant plein de vieux films, de vieux romans et de souvenirs. La jeune fille est notamment attir\u00e9e par un livre s\u2019intitulant \u00ab Ma vie avec les fant\u00f4mes \u00bb et passe sa nuit \u00e0 le d\u00e9vorer. [&hellip;]<\/p>\n","protected":false},"author":1,"featured_media":0,"parent":0,"menu_order":0,"comment_status":"closed","ping_status":"closed","template":"","meta":{"footnotes":""},"class_list":["post-822","page","type-page","status-publish","hentry","post"],"_links":{"self":[{"href":"https:\/\/fredericmaupome.fr\/index.php?rest_route=\/wp\/v2\/pages\/822","targetHints":{"allow":["GET"]}}],"collection":[{"href":"https:\/\/fredericmaupome.fr\/index.php?rest_route=\/wp\/v2\/pages"}],"about":[{"href":"https:\/\/fredericmaupome.fr\/index.php?rest_route=\/wp\/v2\/types\/page"}],"author":[{"embeddable":true,"href":"https:\/\/fredericmaupome.fr\/index.php?rest_route=\/wp\/v2\/users\/1"}],"replies":[{"embeddable":true,"href":"https:\/\/fredericmaupome.fr\/index.php?rest_route=%2Fwp%2Fv2%2Fcomments&post=822"}],"version-history":[{"count":0,"href":"https:\/\/fredericmaupome.fr\/index.php?rest_route=\/wp\/v2\/pages\/822\/revisions"}],"wp:attachment":[{"href":"https:\/\/fredericmaupome.fr\/index.php?rest_route=%2Fwp%2Fv2%2Fmedia&parent=822"}],"curies":[{"name":"wp","href":"https:\/\/api.w.org\/{rel}","templated":true}]}}