{"id":818,"date":"2018-10-08T14:28:08","date_gmt":"2018-10-08T12:28:08","guid":{"rendered":"http:\/\/fredericmaupome.fr\/?page_id=818"},"modified":"2018-10-08T14:28:08","modified_gmt":"2018-10-08T12:28:08","slug":"supers-t-4-solitudes","status":"publish","type":"page","link":"https:\/\/fredericmaupome.fr\/?page_id=818","title":{"rendered":"Supers t.4 : Solitudes"},"content":{"rendered":"<div id=\"pl-818\"  class=\"panel-layout\" ><div id=\"pg-818-0\"  class=\"panel-grid panel-no-style\" ><div id=\"pgc-818-0-0\"  class=\"panel-grid-cell\" ><div id=\"panel-818-0-0-0\" class=\"so-panel widget widget_sow-editor panel-first-child panel-last-child\" data-index=\"0\" ><div\n\t\t\t\n\t\t\tclass=\"so-widget-sow-editor so-widget-sow-editor-base\"\n\t\t\t\n\t\t>\n<div class=\"siteorigin-widget-tinymce textwidget\">\n\t<p><img loading=\"lazy\" decoding=\"async\" class=\"alignleft\" src=\"https:\/\/www.bdfugue.com\/media\/catalog\/product\/cache\/0d950bd4d3aaddc02a824ea154d9c41e\/9\/7\/9791092111774_1_75.webp\" alt=\"Supers tome 4\" width=\"216\" height=\"285\" \/><\/p>\n<p>&nbsp;<\/p>\n<p>Alors que dans la plupart des familles, on se r\u00e9unit pour les f\u00eates de fin d\u2019ann\u00e9e, la fratrie de super-h\u00e9ros est d\u00e9sormais s\u00e9par\u00e9e\u2026 Mat s\u2019en veut terriblement : son petit fr\u00e8re, Benji, est aux mains de la police et des scientifiques, des experts pr\u00eats \u00e0 tout pour analyser le jeune enfant, qu\u2019ils consid\u00e8rent comme un passionnant sp\u00e9cimen d\u2019origine extraterrestre. Compl\u00e8tement abattu, Mat laisse sa soeur, Lili, prendre les choses en main et tenter de trouver refuge aupr\u00e8s de l\u2019inspecteur Lesec.<\/p>\n<p>&nbsp;<\/p>\n<p>Dessins de Dawid, Editions de la goutti\u00e8re<\/p>\n<\/div>\n<\/div><\/div><\/div><div id=\"pgc-818-0-1\"  class=\"panel-grid-cell\" ><div id=\"panel-818-0-1-0\" class=\"so-panel widget widget_sow-editor panel-first-child panel-last-child\" data-index=\"1\" ><div\n\t\t\t\n\t\t\tclass=\"so-widget-sow-editor so-widget-sow-editor-base\"\n\t\t\t\n\t\t><h3 class=\"widget-title\">Divers<\/h3>\n<div class=\"siteorigin-widget-tinymce textwidget\">\n\t<p>Deux auteurs au sommet de leur art ! <strong>Comix Trip<\/strong><\/p>\n<p>Peut-\u00eatre le tome le plus dramatique mais aussi le plus prenant,\u00a0<i>Solitudes<\/i>\u00a0est une r\u00e9ussite de plus \u00e0 mettre au cr\u00e9dit d'une s\u00e9rie qui ne cesse d'\u00e9voluer tout en gardant ses qualit\u00e9s. <strong>BD GEST<\/strong><\/p>\n<\/div>\n<\/div><\/div><\/div><\/div><\/div>","protected":false},"excerpt":{"rendered":"<p>&nbsp; Alors que dans la plupart des familles, on se r\u00e9unit pour les f\u00eates de fin d\u2019ann\u00e9e, la fratrie de super-h\u00e9ros est d\u00e9sormais s\u00e9par\u00e9e\u2026 Mat s\u2019en veut terriblement : son petit fr\u00e8re, Benji, est aux mains de la police et des scientifiques, des experts pr\u00eats \u00e0 tout pour analyser le jeune enfant, qu\u2019ils consid\u00e8rent comme [&hellip;]<\/p>\n","protected":false},"author":1,"featured_media":0,"parent":0,"menu_order":0,"comment_status":"closed","ping_status":"closed","template":"","meta":{"footnotes":""},"class_list":["post-818","page","type-page","status-publish","hentry","post"],"_links":{"self":[{"href":"https:\/\/fredericmaupome.fr\/index.php?rest_route=\/wp\/v2\/pages\/818","targetHints":{"allow":["GET"]}}],"collection":[{"href":"https:\/\/fredericmaupome.fr\/index.php?rest_route=\/wp\/v2\/pages"}],"about":[{"href":"https:\/\/fredericmaupome.fr\/index.php?rest_route=\/wp\/v2\/types\/page"}],"author":[{"embeddable":true,"href":"https:\/\/fredericmaupome.fr\/index.php?rest_route=\/wp\/v2\/users\/1"}],"replies":[{"embeddable":true,"href":"https:\/\/fredericmaupome.fr\/index.php?rest_route=%2Fwp%2Fv2%2Fcomments&post=818"}],"version-history":[{"count":0,"href":"https:\/\/fredericmaupome.fr\/index.php?rest_route=\/wp\/v2\/pages\/818\/revisions"}],"wp:attachment":[{"href":"https:\/\/fredericmaupome.fr\/index.php?rest_route=%2Fwp%2Fv2%2Fmedia&parent=818"}],"curies":[{"name":"wp","href":"https:\/\/api.w.org\/{rel}","templated":true}]}}