{"id":816,"date":"2018-10-08T13:35:26","date_gmt":"2018-10-08T11:35:26","guid":{"rendered":"http:\/\/fredericmaupome.fr\/?page_id=816"},"modified":"2018-10-08T13:35:26","modified_gmt":"2018-10-08T11:35:26","slug":"anuki-petit-frere","status":"publish","type":"page","link":"https:\/\/fredericmaupome.fr\/?page_id=816","title":{"rendered":"Anuki : petit fr\u00e8re"},"content":{"rendered":"<div id=\"pl-816\"  class=\"panel-layout\" ><div id=\"pg-816-0\"  class=\"panel-grid panel-no-style\" ><div id=\"pgc-816-0-0\"  class=\"panel-grid-cell\" ><div id=\"panel-816-0-0-0\" class=\"so-panel widget widget_sow-editor panel-first-child panel-last-child\" data-index=\"0\" ><div\n\t\t\t\n\t\t\tclass=\"so-widget-sow-editor so-widget-sow-editor-base\"\n\t\t\t\n\t\t>\n<div class=\"siteorigin-widget-tinymce textwidget\">\n\t<p><img loading=\"lazy\" decoding=\"async\" class=\"alignleft\" src=\"https:\/\/www.bdfugue.com\/media\/catalog\/product\/cache\/0d950bd4d3aaddc02a824ea154d9c41e\/9\/7\/9791092111804_1_75.webp\" alt=\"Anuki tome 8\" width=\"294\" height=\"388\" \/>Bande dessin\u00e9e jeunesse, dessins de <a href=\"http:\/\/stephanessenegas.canalblog.com\/\">St<\/a><a href=\"http:\/\/stephanessenegas.canalblog.com\/\">\u00e9phane<\/a><a href=\"http:\/\/stephanessenegas.canalblog.com\/\">S\u00e9n\u00e9gas<\/a>,\u00a0<a href=\"http:\/\/editionsdelagouttiere.com\/\">\u00e9ditions de la Goutti\u00e8re<\/a>, 2018<\/p>\n<div>\n<p><em>La neige a recouvert le village\u2026<br \/>\nAnuki se r\u00e9jouit \u00e0 l\u2019id\u00e9e d\u2019aller jouer avec ses copains<br \/>\n(et\u00a0surtout sa copine Nuna) !<br \/>\nMais sa maman lui confie la garde de son petit fr\u00e8re, curieux de tout.<br \/>\nAnuki n\u2019est pas au bout de\u00a0ses peines\u2026<\/em><\/p>\n<p>Un nouvel opus, toujours plein de joie, de curiosit\u00e9 et d\u2019humour\u2026 mais aussi de peur ! Anuki se retrouve accompagn\u00e9 par son petit fr\u00e8re, une grande premi\u00e8re dans la s\u00e9rie.<\/p>\n<\/div>\n<div>L\u2019amiti\u00e9, les liens d\u2019une fratrie ou encore le d\u00e9vouement sont au coeur de ce tome 8 !<\/div>\n<\/div>\n<\/div><\/div><\/div><div id=\"pgc-816-0-1\"  class=\"panel-grid-cell\" ><div id=\"panel-816-0-1-0\" class=\"so-panel widget widget_sow-editor panel-first-child panel-last-child\" data-index=\"1\" ><div\n\t\t\t\n\t\t\tclass=\"so-widget-sow-editor so-widget-sow-editor-base\"\n\t\t\t\n\t\t><h3 class=\"widget-title\">Critiques<\/h3>\n<div class=\"siteorigin-widget-tinymce textwidget\">\n\t<p>V\u00e9ritable s\u00e9rie coup de c\u0153ur, ce volume plait de nouveau \u00e0 toute la r\u00e9daction !\u00a0<strong>Comixtrip<\/strong><\/p>\n<p>Un nouvel opus, toujours plein de joie, de curiosit\u00e9 et d\u2019humour\u2026 mais aussi de peur ! <strong>BD Gest<\/strong><\/p>\n<p>Chaque \u00e9pisode r\u00e9serve son\u00a0moment \u00e9pique particulier, d\u00e9monstration graphique bluffante de course-poursuite <strong>Le courrier Picard<\/strong><\/p>\n<\/div>\n<\/div><\/div><\/div><\/div><\/div>","protected":false},"excerpt":{"rendered":"<p>Bande dessin\u00e9e jeunesse, dessins de St\u00e9phaneS\u00e9n\u00e9gas,\u00a0\u00e9ditions de la Goutti\u00e8re, 2018 La neige a recouvert le village\u2026 Anuki se r\u00e9jouit \u00e0 l\u2019id\u00e9e d\u2019aller jouer avec ses copains (et\u00a0surtout sa copine Nuna) ! Mais sa maman lui confie la garde de son petit fr\u00e8re, curieux de tout. Anuki n\u2019est pas au bout de\u00a0ses peines\u2026 Un nouvel opus, [&hellip;]<\/p>\n","protected":false},"author":1,"featured_media":0,"parent":0,"menu_order":0,"comment_status":"closed","ping_status":"closed","template":"","meta":{"footnotes":""},"class_list":["post-816","page","type-page","status-publish","hentry","post"],"_links":{"self":[{"href":"https:\/\/fredericmaupome.fr\/index.php?rest_route=\/wp\/v2\/pages\/816","targetHints":{"allow":["GET"]}}],"collection":[{"href":"https:\/\/fredericmaupome.fr\/index.php?rest_route=\/wp\/v2\/pages"}],"about":[{"href":"https:\/\/fredericmaupome.fr\/index.php?rest_route=\/wp\/v2\/types\/page"}],"author":[{"embeddable":true,"href":"https:\/\/fredericmaupome.fr\/index.php?rest_route=\/wp\/v2\/users\/1"}],"replies":[{"embeddable":true,"href":"https:\/\/fredericmaupome.fr\/index.php?rest_route=%2Fwp%2Fv2%2Fcomments&post=816"}],"version-history":[{"count":0,"href":"https:\/\/fredericmaupome.fr\/index.php?rest_route=\/wp\/v2\/pages\/816\/revisions"}],"wp:attachment":[{"href":"https:\/\/fredericmaupome.fr\/index.php?rest_route=%2Fwp%2Fv2%2Fmedia&parent=816"}],"curies":[{"name":"wp","href":"https:\/\/api.w.org\/{rel}","templated":true}]}}