{"id":768,"date":"2017-09-05T17:38:39","date_gmt":"2017-09-05T15:38:39","guid":{"rendered":"http:\/\/fredericmaupome.fr\/?page_id=768"},"modified":"2017-09-05T17:38:39","modified_gmt":"2017-09-05T15:38:39","slug":"sixtine-t-1-le-tresor-des-azteques","status":"publish","type":"page","link":"https:\/\/fredericmaupome.fr\/?page_id=768","title":{"rendered":"Sixtine t.1 Le tr\u00e9sor des azt\u00e8ques"},"content":{"rendered":"<div id=\"pl-768\"  class=\"panel-layout\" ><div id=\"pg-768-0\"  class=\"panel-grid panel-no-style\" ><div id=\"pgc-768-0-0\"  class=\"panel-grid-cell\" ><div id=\"panel-768-0-0-0\" class=\"so-panel widget widget_sow-editor panel-first-child\" data-index=\"0\" ><div\n\t\t\t\n\t\t\tclass=\"so-widget-sow-editor so-widget-sow-editor-base\"\n\t\t\t\n\t\t>\n<div class=\"siteorigin-widget-tinymce textwidget\">\n\t<p><img loading=\"lazy\" decoding=\"async\" class=\"alignleft\" src=\"https:\/\/www.bdfugue.com\/media\/catalog\/product\/cache\/0d950bd4d3aaddc02a824ea154d9c41e\/9\/7\/9791092111545_1_75.webp\" alt=\"Sixtine tome 1\" width=\"299\" height=\"395\" \/><\/p>\n<p>&nbsp;<\/p>\n<p>Depuis la disparition de son p\u00e8re, Sixtine vit seule avec sa maman\u2026et trois pirates fantomatiques qui veillent sur elle ! La coll\u00e9gienne est tiraill\u00e9e entre l\u2019envie de savoir d\u2019o\u00f9 elle vient et la peur de blesser sa m\u00e8re qui fait face \u00e0 des soucis financiers. Le jour o\u00f9 la classe de Sixtine se rend au mus\u00e9e pour admirer le tr\u00e9sor des Azt\u00e8ques, la jeune fille et ses acolytes montent un plan quelque peu risqu\u00e9\u2026<\/p>\n<p>&nbsp;<\/p>\n<p>Sixtine, dessins de Aude Soleihac, \u00e9ditions de la goutti\u00e8re<\/p>\n<\/div>\n<\/div><\/div><div id=\"panel-768-0-0-1\" class=\"so-panel widget widget_metaslider_widget panel-last-child\" data-index=\"1\" ><!-- MetaSlider 770 not found --><\/div><\/div><div id=\"pgc-768-0-1\"  class=\"panel-grid-cell\" ><div id=\"panel-768-0-1-0\" class=\"so-panel widget widget_sow-editor panel-first-child panel-last-child\" data-index=\"2\" ><div\n\t\t\t\n\t\t\tclass=\"so-widget-sow-editor so-widget-sow-editor-base\"\n\t\t\t\n\t\t>\n<div class=\"siteorigin-widget-tinymce textwidget\">\n\t<h1><em>Divers<\/em><\/h1>\n<p><strong>Sixtine\u00a0<\/strong>est s\u00e9lectionn\u00e9e pour Grand prix des lecteurs du journal de Mickey\u00a02017\u00a0<\/p>\n<h1><em>Critiques<\/em><strong><br \/><\/strong><\/h1>\n<p>\u00a0\u00ab La nouvelle s\u00e9rie de\u00a0<a href=\"https:\/\/culturebd.com\/auteurs\/10362-frederic-maupome\">Fr\u00e9d\u00e9ric Maupom\u00e9<\/a>\u00a0tonne comme un boulet de canon. Les aventures de Sixtine sont diablement bien fichues, emport\u00e9es par des vagues de rebondissements et des houles de moments touchants. Immense coup de coeur. 5 \u00e9toiles \u00bb <strong>\u00a0<a href=\"https:\/\/culturebd.com\/album-bd\/sixtine\/224357-1-l-or-des-azteques\">CultureBD<\/a><\/strong>\u00a0<\/p>\n<p>\u00ab Un excellent premier tome qui annonce une belle s\u00e9rie en devenir\u00a0\u00bb <strong>DBD<\/strong><\/p>\n<p><strong>\u00ab\u00a0Une fortune de mer\u2026 mais sur terre.<\/strong>\u00a0Et une occasion, si ce n\u2019est d\u00e9j\u00e0 fait, de se lier d\u2019amiti\u00e9 et de passion avec Les \u00c9ditions de la Goutti\u00e8re, qui prouve que les r\u00e9cits jeunesse, quand ils sont bien faits, ont toujours la force d\u2019entra\u00eener aussi les plus vieux.\u00a0\u00bb <strong>Branch\u00e9s culture.com<\/strong><\/p>\n<p>\u00ab\u00a0Sixtine, c\u2019est une\u00a0 h\u00e9ro\u00efne id\u00e9ale\u00a0: maligne, courageuse, qui n\u2019a peur de rien, curieuse, \u00e0 la r\u00e9partie dr\u00f4le et c\u2019est trop facile de s\u2019identifier \u00e0 elle, m\u00eame pour un gar\u00e7on\u2026 [...]\u00a0j\u2019aime vraiment cette histoire \u00e0 la folie\u00a0\u00bb <strong>Lucas,<\/strong> 11 ans, jury du grand prix des lecteurs du journal de Mickey<\/p>\n<p>\u00ab\u00a0Pour toutes ces raisons (et bien plus encore\u00a0!), j\u2019aimerais vraiment que vous d\u00e9couvriez\u00a0<strong><em>Sixtine<\/em><\/strong>. Je vous garantis que cette s\u00e9rie jeunesse vous r\u00e9serve bien des surprises\u00a0!\u00a0\u00bb <strong>Bar \u00e0 BD<\/strong><\/p>\n<p><i>\u00ab\u00a0L'Or des Azt\u00e8ques<\/i>, est tout simplement emballant et lance superbement cette nouvelle s\u00e9rie destin\u00e9e \u00e0 tous les publics.\u00a0\u00bb <strong>BD Gest<\/strong><\/p>\n<\/div>\n<\/div><\/div><\/div><\/div><\/div>","protected":false},"excerpt":{"rendered":"<p>&nbsp; Depuis la disparition de son p\u00e8re, Sixtine vit seule avec sa maman\u2026et trois pirates fantomatiques qui veillent sur elle ! La coll\u00e9gienne est tiraill\u00e9e entre l\u2019envie de savoir d\u2019o\u00f9 elle vient et la peur de blesser sa m\u00e8re qui fait face \u00e0 des soucis financiers. Le jour o\u00f9 la classe de Sixtine se rend [&hellip;]<\/p>\n","protected":false},"author":1,"featured_media":0,"parent":0,"menu_order":0,"comment_status":"closed","ping_status":"closed","template":"","meta":{"footnotes":""},"class_list":["post-768","page","type-page","status-publish","hentry","post"],"_links":{"self":[{"href":"https:\/\/fredericmaupome.fr\/index.php?rest_route=\/wp\/v2\/pages\/768","targetHints":{"allow":["GET"]}}],"collection":[{"href":"https:\/\/fredericmaupome.fr\/index.php?rest_route=\/wp\/v2\/pages"}],"about":[{"href":"https:\/\/fredericmaupome.fr\/index.php?rest_route=\/wp\/v2\/types\/page"}],"author":[{"embeddable":true,"href":"https:\/\/fredericmaupome.fr\/index.php?rest_route=\/wp\/v2\/users\/1"}],"replies":[{"embeddable":true,"href":"https:\/\/fredericmaupome.fr\/index.php?rest_route=%2Fwp%2Fv2%2Fcomments&post=768"}],"version-history":[{"count":0,"href":"https:\/\/fredericmaupome.fr\/index.php?rest_route=\/wp\/v2\/pages\/768\/revisions"}],"wp:attachment":[{"href":"https:\/\/fredericmaupome.fr\/index.php?rest_route=%2Fwp%2Fv2%2Fmedia&parent=768"}],"curies":[{"name":"wp","href":"https:\/\/api.w.org\/{rel}","templated":true}]}}