{"id":762,"date":"2017-08-28T13:18:31","date_gmt":"2017-08-28T11:18:31","guid":{"rendered":"http:\/\/fredericmaupome.fr\/?page_id=762"},"modified":"2017-08-28T13:18:31","modified_gmt":"2017-08-28T11:18:31","slug":"supers-t-3-home-sweet-home","status":"publish","type":"page","link":"https:\/\/fredericmaupome.fr\/?page_id=762","title":{"rendered":"Supers t.3 Home Sweet Home"},"content":{"rendered":"<div id=\"pl-762\"  class=\"panel-layout\" ><div id=\"pg-762-0\"  class=\"panel-grid panel-no-style\" ><div id=\"pgc-762-0-0\"  class=\"panel-grid-cell\" ><div id=\"panel-762-0-0-0\" class=\"so-panel widget widget_sow-editor panel-first-child\" data-index=\"0\" ><div\n\t\t\t\n\t\t\tclass=\"so-widget-sow-editor so-widget-sow-editor-base\"\n\t\t\t\n\t\t>\n<div class=\"siteorigin-widget-tinymce textwidget\">\n\t<p><img loading=\"lazy\" decoding=\"async\" class=\"alignleft\" src=\"https:\/\/www.bedetheque.com\/media\/Couvertures\/Couv_310091.jpg\" alt=\"R\u00c3\u00a9sultat de recherche d'images pour &quot;supers 3&quot;\" width=\"230\" height=\"318\" \/><\/p>\n<p>\u00c0\u00a0la fin du second tome, nous avions laiss\u00e9 Mat, Lili et Benji en mauvaise posture\u2026 Effray\u00e9s par la perspective d\u2019une enqu\u00eate des services sociaux, les enfants se sont volatilis\u00e9s. Et c\u2019est \u00e0 pr\u00e9sent la police qui se met \u00e0 leur recherche. Tandis que ses coll\u00e8gues consid\u00e8rent la fratrie comme une bande de voyou dangereux, l\u2019inspecteur Lesec tente d\u2019aider les jeunes super-h\u00e9ros. Livr\u00e9s \u00e0 eux-m\u00eames, Mat, Lili et Benji, peuvent heureusement compter sur les liens qui les unissent et quelques fortes amiti\u00e9s.Mais cela sera-t-il suffisant pour \u00e9chapper aux menaces qui p\u00e8sent sur eux ?<\/p>\n<p>L\u2019\u00e9tau se resserre\u00a0autour de Mat, Benji et Lili, qui se voient contraints de quitter leur maison\u2026<\/p>\n<\/div>\n<\/div><\/div><div id=\"panel-762-0-0-1\" class=\"so-panel widget widget_metaslider_widget panel-last-child\" data-index=\"1\" ><!-- MetaSlider 785 not found --><\/div><\/div><div id=\"pgc-762-0-1\"  class=\"panel-grid-cell\" ><div id=\"panel-762-0-1-0\" class=\"so-panel widget widget_sow-editor panel-first-child panel-last-child\" data-index=\"2\" ><div\n\t\t\t\n\t\t\tclass=\"so-widget-sow-editor so-widget-sow-editor-base\"\n\t\t\t\n\t\t>\n<div class=\"siteorigin-widget-tinymce textwidget\">\n\t<h1><em>Divers<\/em><\/h1>\n<ul>\n<li>Supers t.2 a obtenu le\u00a0<strong>prix jeunesse de l'Association des Critiques et Journalistes de Bandes Dessin\u00e9e 2016<\/strong><\/li>\n<\/ul>\n<h1><em>Critiques<\/em><strong><br \/><\/strong><\/h1>\n<p>\u00ab <em>Fr\u00e9d\u00e9ric Maupom\u00e9<\/em>\u00a0et\u00a0<em>Dawid<\/em>\u00a0sont au diapason pour ce nouvel opus de<em>\u00a0Supers<\/em>, l\u2019une de plus belles s\u00e9ries fantastique Jeunesse de ces derni\u00e8res ann\u00e9es. Une nouvelle p\u00e9pite !\u00bb <strong>Comix trip<\/strong><\/p>\n<p>\u00ab De l'action, du drame, de l'\u00e9motion : rien ne manque ! \u00a0\u00bb\u00a0<strong>Le journal de Spirou<\/strong><\/p>\n<p>\u00ab [Cette s\u00e9rie] aborde, sans avoir l\u2019air d\u2019y toucher, des th\u00e9matiques telles que la responsabilit\u00e9, l\u2019alt\u00e9rit\u00e9 ou l\u2019int\u00e9gration, sans jamais perdre de vue l\u2019\u00e2ge et la sensibilit\u00e9 des personnages, avant tout des enfants. Un succ\u00e8s m\u00e9rit\u00e9.\u00a0\u00bb <strong>Sud Ouest<\/strong><\/p>\n<p>\u00ab Des valeurs comme la fraternit\u00e9, mais aussi la bienveillance ou la g\u00e9n\u00e9rosit\u00e9, enrichissent l\u2019histoire (\u2026). \u00bb <strong>Culture BD<\/strong><\/p>\n<p>\u00ab Supers creuse en profondeur en d\u00e9veloppant des r\u00e9flexions tr\u00e8s actuelles sur la diff\u00e9rence et le d\u00e9sir d\u2019int\u00e9gration. \u00bb <strong>Livresse des mots<\/strong><\/p>\n<p>\u00ab Le duo Maupom\u00e9\/ Dawid confirme qu\u2019il tient l\u00e0 une des meilleures s\u00e9ries jeunesse du moment.\u00a0\u00bb<strong>Les chroniques de l'invisible<\/strong><\/p>\n<p>\u00ab\u00a0Port\u00e9 par des personnages principaux et secondaires bien \u00e9crits, des dessins superbes et un scenario aussi dynamique que captivant, SuperS fait partie de ces s\u00e9ries jeunesse intelligente et sensible dont nous vous recommandons chaudement la lecture\u2026\u00a0\u00bb\u00a0<strong>Sdi Mag<\/strong><\/p>\n<p>\u00ab\u00a0Un r\u00e9gal.\u00a0\u00bb <strong>Bar \u00e0 BD<\/strong><\/p>\n<\/div>\n<\/div><\/div><\/div><\/div><\/div>","protected":false},"excerpt":{"rendered":"<p>\u00c0\u00a0la fin du second tome, nous avions laiss\u00e9 Mat, Lili et Benji en mauvaise posture\u2026 Effray\u00e9s par la perspective d\u2019une enqu\u00eate des services sociaux, les enfants se sont volatilis\u00e9s. Et c\u2019est \u00e0 pr\u00e9sent la police qui se met \u00e0 leur recherche. Tandis que ses coll\u00e8gues consid\u00e8rent la fratrie comme une bande de voyou dangereux, l\u2019inspecteur [&hellip;]<\/p>\n","protected":false},"author":1,"featured_media":0,"parent":0,"menu_order":0,"comment_status":"closed","ping_status":"closed","template":"","meta":{"footnotes":""},"class_list":["post-762","page","type-page","status-publish","hentry","post"],"_links":{"self":[{"href":"https:\/\/fredericmaupome.fr\/index.php?rest_route=\/wp\/v2\/pages\/762","targetHints":{"allow":["GET"]}}],"collection":[{"href":"https:\/\/fredericmaupome.fr\/index.php?rest_route=\/wp\/v2\/pages"}],"about":[{"href":"https:\/\/fredericmaupome.fr\/index.php?rest_route=\/wp\/v2\/types\/page"}],"author":[{"embeddable":true,"href":"https:\/\/fredericmaupome.fr\/index.php?rest_route=\/wp\/v2\/users\/1"}],"replies":[{"embeddable":true,"href":"https:\/\/fredericmaupome.fr\/index.php?rest_route=%2Fwp%2Fv2%2Fcomments&post=762"}],"version-history":[{"count":0,"href":"https:\/\/fredericmaupome.fr\/index.php?rest_route=\/wp\/v2\/pages\/762\/revisions"}],"wp:attachment":[{"href":"https:\/\/fredericmaupome.fr\/index.php?rest_route=%2Fwp%2Fv2%2Fmedia&parent=762"}],"curies":[{"name":"wp","href":"https:\/\/api.w.org\/{rel}","templated":true}]}}