{"id":694,"date":"2016-09-27T16:18:27","date_gmt":"2016-09-27T14:18:27","guid":{"rendered":"http:\/\/fredericmaupome.fr\/?page_id=694"},"modified":"2025-09-09T08:00:06","modified_gmt":"2025-09-09T06:00:06","slug":"enseignants-ressources","status":"publish","type":"page","link":"https:\/\/fredericmaupome.fr\/?page_id=694","title":{"rendered":"Enseignants &#8211; Ressources"},"content":{"rendered":"<div id=\"pl-694\"  class=\"panel-layout\" ><div id=\"pg-694-0\"  class=\"panel-grid panel-no-style\" ><div id=\"pgc-694-0-0\"  class=\"panel-grid-cell panel-grid-cell-empty panel-grid-cell-mobile-last\" ><\/div><div id=\"pgc-694-0-1\"  class=\"panel-grid-cell panel-grid-cell-empty\" ><\/div><\/div><div id=\"pg-694-1\"  class=\"panel-grid panel-no-style\" ><div id=\"pgc-694-1-0\"  class=\"panel-grid-cell\" ><div id=\"panel-694-1-0-0\" class=\"so-panel widget widget_sow-editor panel-first-child panel-last-child\" data-index=\"0\" ><div\n\t\t\t\n\t\t\tclass=\"so-widget-sow-editor so-widget-sow-editor-base\"\n\t\t\t\n\t\t>\n<div class=\"siteorigin-widget-tinymce textwidget\">\n\t<p>On trouve sur le net un certain nombre de ressources sur Anuki<\/p>\n<p>sur<a href=\"https:\/\/www.editionsdelagouttiere.com\/autour-des-livres?type=Fiches+p%C3%A9dagogiques\"> le site des \u00e9ditions de la goutti\u00e8re<\/a>, sur le site \"<a href=\"https:\/\/www.fichespedagogiques.com\/fiche\/la-litterature-au-cycle-2-3-decouvrir-une-bande-dessinee\">les fiches p\u00e9dagogiques<\/a>\", sur le site <a href=\"http:\/\/caracol.eklablog.com\/lecture-ce1-ce2-anuki-la-guerre-des-poules-a79260681\">caracol<\/a>.<\/p>\n<p>Vous trouverez ici quelques informations sur<a href=\"https:\/\/canope.ac-amiens.fr\/cddpoise\/blog_mediatheque\/?p=19677\"> l'appli Anuki (gratuite)<\/a> qui a obtenu le prix de l'innovation num\u00e9rique.<\/p>\n<p>Les diaporamas montrent quelques exemples de productions d'\u00e9l\u00e8ves, sur Anuki et Pirateries. Si vous vous posez des questions, n'h\u00e9sitez pas \u00e0 me contacter.<\/p>\n<\/div>\n<\/div><\/div><\/div><div id=\"pgc-694-1-1\"  class=\"panel-grid-cell\" ><div id=\"panel-694-1-1-0\" class=\"so-panel widget widget_metaslider_widget panel-first-child\" data-index=\"1\" ><!-- MetaSlider 691 not found --><\/div><div id=\"panel-694-1-1-1\" class=\"so-panel widget widget_metaslider_widget panel-last-child\" data-index=\"2\" ><!-- MetaSlider 693 not found --><\/div><\/div><\/div><\/div>","protected":false},"excerpt":{"rendered":"<p>On trouve sur le net un certain nombre de ressources sur Anuki sur le site des \u00e9ditions de la goutti\u00e8re, sur le site \u00ab\u00a0les fiches p\u00e9dagogiques\u00a0\u00bb, sur le site caracol. Vous trouverez ici quelques informations sur l&rsquo;appli Anuki (gratuite) qui a obtenu le prix de l&rsquo;innovation num\u00e9rique. Les diaporamas montrent quelques exemples de productions d&rsquo;\u00e9l\u00e8ves, [&hellip;]<\/p>\n","protected":false},"author":1,"featured_media":0,"parent":0,"menu_order":0,"comment_status":"closed","ping_status":"closed","template":"","meta":{"footnotes":""},"class_list":["post-694","page","type-page","status-publish","hentry","post"],"_links":{"self":[{"href":"https:\/\/fredericmaupome.fr\/index.php?rest_route=\/wp\/v2\/pages\/694","targetHints":{"allow":["GET"]}}],"collection":[{"href":"https:\/\/fredericmaupome.fr\/index.php?rest_route=\/wp\/v2\/pages"}],"about":[{"href":"https:\/\/fredericmaupome.fr\/index.php?rest_route=\/wp\/v2\/types\/page"}],"author":[{"embeddable":true,"href":"https:\/\/fredericmaupome.fr\/index.php?rest_route=\/wp\/v2\/users\/1"}],"replies":[{"embeddable":true,"href":"https:\/\/fredericmaupome.fr\/index.php?rest_route=%2Fwp%2Fv2%2Fcomments&post=694"}],"version-history":[{"count":1,"href":"https:\/\/fredericmaupome.fr\/index.php?rest_route=\/wp\/v2\/pages\/694\/revisions"}],"predecessor-version":[{"id":1061,"href":"https:\/\/fredericmaupome.fr\/index.php?rest_route=\/wp\/v2\/pages\/694\/revisions\/1061"}],"wp:attachment":[{"href":"https:\/\/fredericmaupome.fr\/index.php?rest_route=%2Fwp%2Fv2%2Fmedia&parent=694"}],"curies":[{"name":"wp","href":"https:\/\/api.w.org\/{rel}","templated":true}]}}