{"id":654,"date":"2016-09-27T15:41:25","date_gmt":"2016-09-27T13:41:25","guid":{"rendered":"http:\/\/fredericmaupome.fr\/?page_id=654"},"modified":"2016-09-27T15:41:25","modified_gmt":"2016-09-27T13:41:25","slug":"plic-ploc","status":"publish","type":"page","link":"https:\/\/fredericmaupome.fr\/?page_id=654","title":{"rendered":"Plic Ploc !"},"content":{"rendered":"<div id=\"pl-654\"  class=\"panel-layout\" ><div id=\"pg-654-0\"  class=\"panel-grid panel-no-style\" ><div id=\"pgc-654-0-0\"  class=\"panel-grid-cell\" ><div id=\"panel-654-0-0-0\" class=\"so-panel widget widget_sow-editor panel-first-child panel-last-child\" data-index=\"0\" ><div\n\t\t\t\n\t\t\tclass=\"so-widget-sow-editor so-widget-sow-editor-base\"\n\t\t\t\n\t\t>\n<div class=\"siteorigin-widget-tinymce textwidget\">\n\t<p><img loading=\"lazy\" decoding=\"async\" class=\"size-medium wp-image-638 alignleft\" src=\"http:\/\/fredericmaupome.fr\/wp-content\/uploads\/2016\/09\/ACH003557838.1408766178.580x580-300x300.jpg\" alt=\"ach003557838-1408766178-580x580\" width=\"300\" height=\"300\" \/><\/p>\n<p><em>Illustration de M\u00e9lusine Allirol, \u00e9ditions Flammarion Jeunesse<\/em><\/p>\n<p>Lorsqu'il pleut, il faut se mettre \u00e0 l'abris. Mais la pluie chante et peint les couleurs de l'arc-en-ciel dans le jardin.\u00a0<\/p>\n<\/div>\n<\/div><\/div><\/div><div id=\"pgc-654-0-1\"  class=\"panel-grid-cell\" ><div id=\"panel-654-0-1-0\" class=\"so-panel widget widget_sow-editor panel-first-child panel-last-child\" data-index=\"1\" ><div\n\t\t\t\n\t\t\tclass=\"so-widget-sow-editor so-widget-sow-editor-base\"\n\t\t\t\n\t\t>\n<div class=\"siteorigin-widget-tinymce textwidget\">\n\t<h1><em>Critiques<\/em><\/h1>\n<p>\"Ce petit Album nous invite \u00e0 la contemplation [...] Une impression de calme et de s\u00e9r\u00e9nit\u00e9 et en m\u00eame temps quelque chose de rythm\u00e9, de chantant et de tr\u00e9s po\u00e9tique\"\u00a0<strong>Mya's Books<\/strong><\/p>\n<p>\"un petit album particuli\u00e8rement chantant, extr\u00eamement agr\u00e9able \u00e0 raconter, et \u00e0 \u00e9couter! [...]un \u00e9veil des sens chez le tout-petit, une invitation \u00e0 la patience et \u00e0 l'observation.\"\u00a0<strong>La ronde des post-it<\/strong><\/p>\n<p>\"Un album r\u00e9jouissant, joliment illustr\u00e9\"\u00a0<strong>Sous le feuillage<\/strong><\/p>\n<p>\"Un tr\u00e8s bon livre pour les tout petits, coup de coeur !\"\u00a0<strong>Croqulivre<\/strong><\/p>\n<p>\"Le genre de petit album avec une chute pleine d'humour dont les petits raffolent.\"\u00a0<strong>La marre aux mots<\/strong><\/p>\n<\/div>\n<\/div><\/div><\/div><\/div><\/div>","protected":false},"excerpt":{"rendered":"<p>Illustration de M\u00e9lusine Allirol, \u00e9ditions Flammarion JeunesseLorsqu&rsquo;il pleut, il faut se mettre \u00e0 l&rsquo;abris. Mais la pluie chante et peint les couleurs de l&rsquo;arc-en-ciel dans le jardin.\u00a0 Critiques\u00a0\u00bbCe petit Album nous invite \u00e0 la contemplation [&#8230;] Une impression de calme et de s\u00e9r\u00e9nit\u00e9 et en m\u00eame temps quelque chose de rythm\u00e9, de chantant et de [&hellip;]<\/p>\n","protected":false},"author":1,"featured_media":0,"parent":0,"menu_order":0,"comment_status":"closed","ping_status":"closed","template":"","meta":{"footnotes":""},"class_list":["post-654","page","type-page","status-publish","hentry","post"],"_links":{"self":[{"href":"https:\/\/fredericmaupome.fr\/index.php?rest_route=\/wp\/v2\/pages\/654","targetHints":{"allow":["GET"]}}],"collection":[{"href":"https:\/\/fredericmaupome.fr\/index.php?rest_route=\/wp\/v2\/pages"}],"about":[{"href":"https:\/\/fredericmaupome.fr\/index.php?rest_route=\/wp\/v2\/types\/page"}],"author":[{"embeddable":true,"href":"https:\/\/fredericmaupome.fr\/index.php?rest_route=\/wp\/v2\/users\/1"}],"replies":[{"embeddable":true,"href":"https:\/\/fredericmaupome.fr\/index.php?rest_route=%2Fwp%2Fv2%2Fcomments&post=654"}],"version-history":[{"count":0,"href":"https:\/\/fredericmaupome.fr\/index.php?rest_route=\/wp\/v2\/pages\/654\/revisions"}],"wp:attachment":[{"href":"https:\/\/fredericmaupome.fr\/index.php?rest_route=%2Fwp%2Fv2%2Fmedia&parent=654"}],"curies":[{"name":"wp","href":"https:\/\/api.w.org\/{rel}","templated":true}]}}