{"id":651,"date":"2016-09-27T15:38:42","date_gmt":"2016-09-27T13:38:42","guid":{"rendered":"http:\/\/fredericmaupome.fr\/?page_id=651"},"modified":"2016-09-27T15:38:42","modified_gmt":"2016-09-27T13:38:42","slug":"la-route-des-costumes","status":"publish","type":"page","link":"https:\/\/fredericmaupome.fr\/?page_id=651","title":{"rendered":"La route des costumes"},"content":{"rendered":"<div id=\"pl-651\"  class=\"panel-layout\" ><div id=\"pg-651-0\"  class=\"panel-grid panel-no-style\" ><div id=\"pgc-651-0-0\"  class=\"panel-grid-cell\" ><div id=\"panel-651-0-0-0\" class=\"so-panel widget widget_sow-editor panel-first-child panel-last-child\" data-index=\"0\" ><div\n\t\t\t\n\t\t\tclass=\"so-widget-sow-editor so-widget-sow-editor-base\"\n\t\t\t\n\t\t>\n<div class=\"siteorigin-widget-tinymce textwidget\">\n\t<p><img loading=\"lazy\" decoding=\"async\" class=\"size-medium wp-image-640 alignleft\" src=\"http:\/\/fredericmaupome.fr\/wp-content\/uploads\/2016\/09\/9782745945020-couverture_tailleNormale-290x300.jpg\" alt=\"CV_RTE_COSTUMES.indd\" width=\"290\" height=\"300\" \/><\/p>\n<p>Documentaire jeunesse, illustrations de\u00a0<a href=\"http:\/\/www.kristel-riethmuller.com\/\">Kristel Riethmuller<\/a>,\u00a0<a href=\"http:\/\/www.editionsmilan.com\/\">\u00e9dition Milan<\/a>, 2010<\/p>\n<p><em>Comment s\u2019habille-t-on \u00e0 travers le monde ? Quelles sont les couleurs dominantes ? Quelles sont les diff\u00e9rentes techniques utilis\u00e9es pour tisser en Afrique, en Asie, en Oc\u00e9anie ? Chaque grande partie de l\u2019ouvrage correspond \u00e0 un continent. Les pays ont \u00e9t\u00e9 choisis en fonction de la richesse de leurs costumes traditionnels. Sauf exception, une double page est consacr\u00e9e \u00e0 un pays, qui s\u2019ouvre par un petit dialogue court et cisel\u00e9 entre les deux petits voyageurs. Un ouvrage qui explose de couleurs et de mati\u00e8res.<\/em><\/p>\n<p>\u00a0<\/p>\n<p>Dans cet album documentaire, le lecteur suit deux enfants, L\u00e9o et L\u00e9a \u00e0 travers leur tour du monde. \u00a0Leurs dialogues d\u00e9cal\u00e9s ouvrent une partie documentaire, plus s\u00e9rieuse mais n\u00e9anmoins accessible. On y d\u00e9couvrira les v\u00eatements, tissus et techniques utilis\u00e9s partout dans le monde, mais \u00e9galement la vie quotidienne des gens. Les illustrations de Kristel Riethmuller, illustratrice et styliste mettent magnifiquement en valeur les v\u00eatements et les mati\u00e8res, sans oublier les accessoires (bijoux, chapeaux).<\/p>\n<\/div>\n<\/div><\/div><\/div><div id=\"pgc-651-0-1\"  class=\"panel-grid-cell\" ><div id=\"panel-651-0-1-0\" class=\"so-panel widget widget_sow-editor panel-first-child panel-last-child\" data-index=\"1\" ><div\n\t\t\t\n\t\t\tclass=\"so-widget-sow-editor so-widget-sow-editor-base\"\n\t\t\t\n\t\t>\n<div class=\"siteorigin-widget-tinymce textwidget\">\n\t<h1><em>Divers<\/em><\/h1>\n<p>Kristel a lanc\u00e9 une tr\u00e8s belle collection d'accessoires (bavoir, turbulettes, tours de lits etc...) pour les tout petits, vous pouvez les commander sur\u00a0<a href=\"http:\/\/www.laroulottedupinson.com\/\">La Roulotte du Pinson<\/a>.<\/p>\n<\/div>\n<\/div><\/div><\/div><\/div><\/div>","protected":false},"excerpt":{"rendered":"<p>Documentaire jeunesse, illustrations de\u00a0Kristel Riethmuller,\u00a0\u00e9dition Milan, 2010Comment s\u2019habille-t-on \u00e0 travers le monde ? Quelles sont les couleurs dominantes ? Quelles sont les diff\u00e9rentes techniques utilis\u00e9es pour tisser en Afrique, en Asie, en Oc\u00e9anie ? Chaque grande partie de l\u2019ouvrage correspond \u00e0 un continent. Les pays ont \u00e9t\u00e9 choisis en fonction de la richesse de leurs [&hellip;]<\/p>\n","protected":false},"author":1,"featured_media":0,"parent":0,"menu_order":0,"comment_status":"closed","ping_status":"closed","template":"","meta":{"footnotes":""},"class_list":["post-651","page","type-page","status-publish","hentry","post"],"_links":{"self":[{"href":"https:\/\/fredericmaupome.fr\/index.php?rest_route=\/wp\/v2\/pages\/651","targetHints":{"allow":["GET"]}}],"collection":[{"href":"https:\/\/fredericmaupome.fr\/index.php?rest_route=\/wp\/v2\/pages"}],"about":[{"href":"https:\/\/fredericmaupome.fr\/index.php?rest_route=\/wp\/v2\/types\/page"}],"author":[{"embeddable":true,"href":"https:\/\/fredericmaupome.fr\/index.php?rest_route=\/wp\/v2\/users\/1"}],"replies":[{"embeddable":true,"href":"https:\/\/fredericmaupome.fr\/index.php?rest_route=%2Fwp%2Fv2%2Fcomments&post=651"}],"version-history":[{"count":0,"href":"https:\/\/fredericmaupome.fr\/index.php?rest_route=\/wp\/v2\/pages\/651\/revisions"}],"wp:attachment":[{"href":"https:\/\/fredericmaupome.fr\/index.php?rest_route=%2Fwp%2Fv2%2Fmedia&parent=651"}],"curies":[{"name":"wp","href":"https:\/\/api.w.org\/{rel}","templated":true}]}}