{"id":644,"date":"2016-09-27T15:29:20","date_gmt":"2016-09-27T13:29:20","guid":{"rendered":"http:\/\/fredericmaupome.fr\/?page_id=644"},"modified":"2016-09-27T15:29:20","modified_gmt":"2016-09-27T13:29:20","slug":"la-bete-a-guillis","status":"publish","type":"page","link":"https:\/\/fredericmaupome.fr\/?page_id=644","title":{"rendered":"La b\u00eate \u00e0 guillis"},"content":{"rendered":"<div id=\"pl-644\"  class=\"panel-layout\" ><div id=\"pg-644-0\"  class=\"panel-grid panel-no-style\" ><div id=\"pgc-644-0-0\"  class=\"panel-grid-cell\" ><div id=\"panel-644-0-0-0\" class=\"so-panel widget widget_sow-editor panel-first-child panel-last-child\" data-index=\"0\" ><div\n\t\t\t\n\t\t\tclass=\"so-widget-sow-editor so-widget-sow-editor-base\"\n\t\t\t\n\t\t>\n<div class=\"siteorigin-widget-tinymce textwidget\">\n\t<p><img loading=\"lazy\" decoding=\"async\" class=\"size-full wp-image-634 alignleft\" src=\"http:\/\/fredericmaupome.fr\/wp-content\/uploads\/2016\/09\/la-bete-couverture-petite.jpg\" alt=\"la-bete-couverture-petite\" width=\"150\" height=\"149\" \/><\/p>\n<p>Album pour les tout-petits\u00a0<\/p>\n<p><em>Illustration de Thi-Ma\u00ef Le Hoang, \u00e9ditions Flammarion Jeunesse<\/em><\/p>\n<p>Lorsque la p'tite b\u00eate monte, l'exploration se d\u00e9cline en plaisir ! Mais, jusqu'o\u00f9 ? B\u00e9b\u00e9 rit de sentir le pays de son corps ! Alors, encore !!<\/p>\n<\/div>\n<\/div><\/div><\/div><div id=\"pgc-644-0-1\"  class=\"panel-grid-cell\" ><div id=\"panel-644-0-1-0\" class=\"so-panel widget widget_sow-editor panel-first-child panel-last-child\" data-index=\"1\" ><div\n\t\t\t\n\t\t\tclass=\"so-widget-sow-editor so-widget-sow-editor-base\"\n\t\t\t\n\t\t>\n<div class=\"siteorigin-widget-tinymce textwidget\">\n\t<h1><em>Divers<\/em><\/h1>\n<p>La b\u00eate \u00e0 Guillis figure dans la s\u00e9lection du <strong>prix Famili-Magic Maman<\/strong>.<\/p>\n<\/div>\n<\/div><\/div><\/div><\/div><\/div>","protected":false},"excerpt":{"rendered":"<p>Album pour les tout-petits\u00a0Illustration de Thi-Ma\u00ef Le Hoang, \u00e9ditions Flammarion JeunesseLorsque la p&rsquo;tite b\u00eate monte, l&rsquo;exploration se d\u00e9cline en plaisir ! Mais, jusqu&rsquo;o\u00f9 ? B\u00e9b\u00e9 rit de sentir le pays de son corps ! Alors, encore !! DiversLa b\u00eate \u00e0 Guillis figure dans la s\u00e9lection du prix Famili-Magic Maman.<\/p>\n","protected":false},"author":1,"featured_media":0,"parent":0,"menu_order":0,"comment_status":"closed","ping_status":"closed","template":"","meta":{"footnotes":""},"class_list":["post-644","page","type-page","status-publish","hentry","post"],"_links":{"self":[{"href":"https:\/\/fredericmaupome.fr\/index.php?rest_route=\/wp\/v2\/pages\/644","targetHints":{"allow":["GET"]}}],"collection":[{"href":"https:\/\/fredericmaupome.fr\/index.php?rest_route=\/wp\/v2\/pages"}],"about":[{"href":"https:\/\/fredericmaupome.fr\/index.php?rest_route=\/wp\/v2\/types\/page"}],"author":[{"embeddable":true,"href":"https:\/\/fredericmaupome.fr\/index.php?rest_route=\/wp\/v2\/users\/1"}],"replies":[{"embeddable":true,"href":"https:\/\/fredericmaupome.fr\/index.php?rest_route=%2Fwp%2Fv2%2Fcomments&post=644"}],"version-history":[{"count":0,"href":"https:\/\/fredericmaupome.fr\/index.php?rest_route=\/wp\/v2\/pages\/644\/revisions"}],"wp:attachment":[{"href":"https:\/\/fredericmaupome.fr\/index.php?rest_route=%2Fwp%2Fv2%2Fmedia&parent=644"}],"curies":[{"name":"wp","href":"https:\/\/api.w.org\/{rel}","templated":true}]}}