{"id":624,"date":"2016-09-27T15:14:12","date_gmt":"2016-09-27T13:14:12","guid":{"rendered":"http:\/\/fredericmaupome.fr\/?page_id=624"},"modified":"2016-09-27T15:14:12","modified_gmt":"2016-09-27T13:14:12","slug":"pirateries","status":"publish","type":"page","link":"https:\/\/fredericmaupome.fr\/?page_id=624","title":{"rendered":"Pirateries"},"content":{"rendered":"<div id=\"pl-624\"  class=\"panel-layout\" ><div id=\"pg-624-0\"  class=\"panel-grid panel-no-style\" ><div id=\"pgc-624-0-0\"  class=\"panel-grid-cell\" ><div id=\"panel-624-0-0-0\" class=\"so-panel widget widget_sow-editor panel-first-child\" data-index=\"0\" ><div\n\t\t\t\n\t\t\tclass=\"so-widget-sow-editor so-widget-sow-editor-base\"\n\t\t\t\n\t\t>\n<div class=\"siteorigin-widget-tinymce textwidget\">\n\t<p><img loading=\"lazy\" decoding=\"async\" class=\"size-full wp-image-612 alignleft\" src=\"http:\/\/fredericmaupome.fr\/wp-content\/uploads\/2016\/09\/couv-moyenne.jpg\" alt=\"couv-moyenne\" width=\"250\" height=\"198\" \/><\/p>\n<p>Album jeunesse, illustration de\u00a0<a href=\"http:\/\/stephanessenegas.canalblog.com\/\">St\u00e9phane S\u00e9n\u00e9gas<\/a>,\u00a0<a href=\"http:\/\/www.editionsmilan.com\/\">Editions Kaleidoscope<\/a>, 2004<\/p>\n<p>Pirateries existe aussi en Lutin Poche chez l'Ecole des Loisirs.<\/p>\n<p>\u00a0<\/p>\n<p><em>30 Juin,<\/em><\/p>\n<p><em>Cher journal,<\/em><\/p>\n<p>\u00a0<\/p>\n<p><em>D\u00e9cid\u00e9ment ! Tout le monde est contre moi. Papa et maman trouvent que je ne sors pas assez alors ils veulent me forcer \u00e0 partir en colonie de vacances.<\/em><\/p>\n<p><em>Ils comprennent vraiment rien ! Je suis tr\u00e8s bien, moi, tout seul avec mes livres !<\/em><\/p>\n<p><em>Il parait que je vais faire du bateau.<\/em><\/p>\n<p><em>Je suis s\u00fbr que \u00e7a va \u00eatre nul.<\/em><\/p>\n<p>\u00a0<\/p>\n<p>Pirateries est un album pr\u00e9sent\u00e9 sous la forme du journal de bord de Nicolas, un petit apprenti pirate. La mise en page (croquis, cabochons,\u00a0mais \u00e9galement illustrations en double-pages) est particuli\u00e8rement dynamique.<\/p>\n<p>Dans la m\u00eame s\u00e9rie, vous pouvez d\u00e9couvrir\u00a0<a href=\"http:\/\/fredericmaupome.fr\/?post_type=ml-slider&amp;p=621\">Junglerie<\/a>.<\/p>\n<\/div>\n<\/div><\/div><div id=\"panel-624-0-0-1\" class=\"so-panel widget widget_metaslider_widget panel-last-child\" data-index=\"1\" ><!-- MetaSlider 621 not found --><\/div><\/div><div id=\"pgc-624-0-1\"  class=\"panel-grid-cell\" ><div id=\"panel-624-0-1-0\" class=\"so-panel widget widget_sow-editor panel-first-child panel-last-child\" data-index=\"2\" ><div\n\t\t\t\n\t\t\tclass=\"so-widget-sow-editor so-widget-sow-editor-base\"\n\t\t\t\n\t\t>\n<div class=\"siteorigin-widget-tinymce textwidget\">\n\t<h1><em>Divers<\/em><\/h1>\n<p>Pirateries est sur la liste des <strong>ouvrages recommand\u00e9s par l'Education Nationale<\/strong> pour le cycle 2.<\/p>\n<p>\u00a0<\/p>\n<h1><em>Critiques<\/em><\/h1>\n<p>La\u00a0<a href=\"http:\/\/www.ricochet-jeunes.org\/livres\/livre\/5830-pirateries\">critique de Ricochet-Jeunes<\/a><\/p>\n<\/div>\n<\/div><\/div><\/div><\/div><\/div>","protected":false},"excerpt":{"rendered":"<p>Album jeunesse, illustration de\u00a0St\u00e9phane S\u00e9n\u00e9gas,\u00a0Editions Kaleidoscope, 2004Pirateries existe aussi en Lutin Poche chez l&rsquo;Ecole des Loisirs.\u00a030 Juin,Cher journal,\u00a0D\u00e9cid\u00e9ment ! Tout le monde est contre moi. Papa et maman trouvent que je ne sors pas assez alors ils veulent me forcer \u00e0 partir en colonie de vacances.Ils comprennent vraiment rien ! Je suis tr\u00e8s bien, moi, [&hellip;]<\/p>\n","protected":false},"author":1,"featured_media":0,"parent":0,"menu_order":0,"comment_status":"closed","ping_status":"closed","template":"","meta":{"footnotes":""},"class_list":["post-624","page","type-page","status-publish","hentry","post"],"_links":{"self":[{"href":"https:\/\/fredericmaupome.fr\/index.php?rest_route=\/wp\/v2\/pages\/624","targetHints":{"allow":["GET"]}}],"collection":[{"href":"https:\/\/fredericmaupome.fr\/index.php?rest_route=\/wp\/v2\/pages"}],"about":[{"href":"https:\/\/fredericmaupome.fr\/index.php?rest_route=\/wp\/v2\/types\/page"}],"author":[{"embeddable":true,"href":"https:\/\/fredericmaupome.fr\/index.php?rest_route=\/wp\/v2\/users\/1"}],"replies":[{"embeddable":true,"href":"https:\/\/fredericmaupome.fr\/index.php?rest_route=%2Fwp%2Fv2%2Fcomments&post=624"}],"version-history":[{"count":0,"href":"https:\/\/fredericmaupome.fr\/index.php?rest_route=\/wp\/v2\/pages\/624\/revisions"}],"wp:attachment":[{"href":"https:\/\/fredericmaupome.fr\/index.php?rest_route=%2Fwp%2Fv2%2Fmedia&parent=624"}],"curies":[{"name":"wp","href":"https:\/\/api.w.org\/{rel}","templated":true}]}}