{"id":622,"date":"2016-09-27T15:11:50","date_gmt":"2016-09-27T13:11:50","guid":{"rendered":"http:\/\/fredericmaupome.fr\/?page_id=622"},"modified":"2016-09-27T15:11:50","modified_gmt":"2016-09-27T13:11:50","slug":"jungleries","status":"publish","type":"page","link":"https:\/\/fredericmaupome.fr\/?page_id=622","title":{"rendered":"Jungleries"},"content":{"rendered":"<div id=\"pl-622\"  class=\"panel-layout\" ><div id=\"pg-622-0\"  class=\"panel-grid panel-no-style\" ><div id=\"pgc-622-0-0\"  class=\"panel-grid-cell\" ><div id=\"panel-622-0-0-0\" class=\"so-panel widget widget_sow-editor panel-first-child\" data-index=\"0\" ><div\n\t\t\t\n\t\t\tclass=\"so-widget-sow-editor so-widget-sow-editor-base\"\n\t\t\t\n\t\t>\n<div class=\"siteorigin-widget-tinymce textwidget\">\n\t<p>\u00a0<\/p>\n<p>\u00a0<\/p>\n<p><img loading=\"lazy\" decoding=\"async\" class=\"size-medium wp-image-613 alignleft\" src=\"http:\/\/fredericmaupome.fr\/wp-content\/uploads\/2016\/09\/35744048-redim-300x300.jpg\" alt=\"35744048-redim\" width=\"300\" height=\"300\" \/><\/p>\n<p>Album jeunesse, illustration de\u00a0<a href=\"http:\/\/stephanessenegas.canalblog.com\/\">St\u00e9phane S\u00e9n\u00e9gas<\/a>,\u00a0<a href=\"http:\/\/www.editions-kaleidoscope.com\/accueil.html\">Editions Kaleidoscope<\/a>, 2006<\/p>\n<p>\u00a0<em>30 Juin,<\/em><\/p>\n<p><em>Cher journal,<\/em><\/p>\n<p><em>Demain, c'est les vacances ! Apr\u00e8s beaucoup d'h\u00e9sitations, avec les copains, on a d\u00e9cid\u00e9 d'aller \u00e0 la d\u00e9couverte de la jungle.<\/em><\/p>\n<p><em>On va faire de l'exploration, observer les tigres et les grands singes,<\/em><\/p>\n<p><em>je suis s\u00fbr que \u00e7a va \u00eatre super !<\/em><\/p>\n<p>\u00a0<\/p>\n<p>Jungleries est un album pr\u00e9sent\u00e9 sous la forme du journal de vacances de Nicolas. Avec ses amis rencontr\u00e9s dans \"<em>Pirateries\"<\/em>, il part cette fois \u00e0 la d\u00e9couverte de la jungle. La mise en page (croquis, cabochons,\u00a0mais \u00e9galement illustrations en double-pages) est particuli\u00e8rement dynamique.<\/p>\n<p>Dans la m\u00eame s\u00e9rie, vous pouvez \u00e9galement d\u00e9couvrir\u00a0<a href=\"http:\/\/fredericmaupome.fr\/index.php\/jungleries\/\">Pirateries<\/a>.<\/p>\n<\/div>\n<\/div><\/div><div id=\"panel-622-0-0-1\" class=\"so-panel widget widget_metaslider_widget panel-last-child\" data-index=\"1\" ><!-- MetaSlider 620 not found --><\/div><\/div><div id=\"pgc-622-0-1\"  class=\"panel-grid-cell\" ><div id=\"panel-622-0-1-0\" class=\"so-panel widget widget_sow-editor panel-first-child panel-last-child\" data-index=\"2\" ><div\n\t\t\t\n\t\t\tclass=\"so-widget-sow-editor so-widget-sow-editor-base\"\n\t\t\t\n\t\t>\n<div class=\"siteorigin-widget-tinymce textwidget\">\n\t<h1><em>Critiques<\/em><\/h1>\n<p>La\u00a0<a href=\"http:\/\/www.ricochet-jeunes.org\/livres\/livre\/33285-jungleries\">critique de Ricochet-Jeunes<\/a><\/p>\n<\/div>\n<\/div><\/div><\/div><\/div><\/div>","protected":false},"excerpt":{"rendered":"<p>\u00a0\u00a0Album jeunesse, illustration de\u00a0St\u00e9phane S\u00e9n\u00e9gas,\u00a0Editions Kaleidoscope, 2006\u00a030 Juin,Cher journal,Demain, c&rsquo;est les vacances ! Apr\u00e8s beaucoup d&rsquo;h\u00e9sitations, avec les copains, on a d\u00e9cid\u00e9 d&rsquo;aller \u00e0 la d\u00e9couverte de la jungle.On va faire de l&rsquo;exploration, observer les tigres et les grands singes,je suis s\u00fbr que \u00e7a va \u00eatre super !\u00a0Jungleries est un album pr\u00e9sent\u00e9 sous la forme [&hellip;]<\/p>\n","protected":false},"author":1,"featured_media":0,"parent":0,"menu_order":0,"comment_status":"closed","ping_status":"closed","template":"","meta":{"footnotes":""},"class_list":["post-622","page","type-page","status-publish","hentry","post"],"_links":{"self":[{"href":"https:\/\/fredericmaupome.fr\/index.php?rest_route=\/wp\/v2\/pages\/622","targetHints":{"allow":["GET"]}}],"collection":[{"href":"https:\/\/fredericmaupome.fr\/index.php?rest_route=\/wp\/v2\/pages"}],"about":[{"href":"https:\/\/fredericmaupome.fr\/index.php?rest_route=\/wp\/v2\/types\/page"}],"author":[{"embeddable":true,"href":"https:\/\/fredericmaupome.fr\/index.php?rest_route=\/wp\/v2\/users\/1"}],"replies":[{"embeddable":true,"href":"https:\/\/fredericmaupome.fr\/index.php?rest_route=%2Fwp%2Fv2%2Fcomments&post=622"}],"version-history":[{"count":0,"href":"https:\/\/fredericmaupome.fr\/index.php?rest_route=\/wp\/v2\/pages\/622\/revisions"}],"wp:attachment":[{"href":"https:\/\/fredericmaupome.fr\/index.php?rest_route=%2Fwp%2Fv2%2Fmedia&parent=622"}],"curies":[{"name":"wp","href":"https:\/\/api.w.org\/{rel}","templated":true}]}}