{"id":570,"date":"2016-09-27T12:33:55","date_gmt":"2016-09-27T10:33:55","guid":{"rendered":"http:\/\/fredericmaupome.fr\/?page_id=570"},"modified":"2016-09-27T12:33:55","modified_gmt":"2016-09-27T10:33:55","slug":"supers-t-2-heros","status":"publish","type":"page","link":"https:\/\/fredericmaupome.fr\/?page_id=570","title":{"rendered":"Supers t.2 : H\u00e9ros"},"content":{"rendered":"<div id=\"pl-570\"  class=\"panel-layout\" ><div id=\"pg-570-0\"  class=\"panel-grid panel-no-style\" ><div id=\"pgc-570-0-0\"  class=\"panel-grid-cell\" ><div id=\"panel-570-0-0-0\" class=\"so-panel widget widget_sow-editor panel-first-child\" data-index=\"0\" ><div\n\t\t\t\n\t\t\tclass=\"so-widget-sow-editor so-widget-sow-editor-base\"\n\t\t\t\n\t\t>\n<div class=\"siteorigin-widget-tinymce textwidget\">\n\t<p><img loading=\"lazy\" decoding=\"async\" class=\"size-medium wp-image-563 alignleft\" src=\"http:\/\/fredericmaupome.fr\/wp-content\/uploads\/2016\/09\/supers_heros_t2-moyen-222x300.jpg\" alt=\"supers_heros_t2-moyen\" width=\"222\" height=\"300\" \/><\/p>\n<p>\u00a0<\/p>\n<p>La vie continue pour Mat, Lili et Benji, qui jonglent d\u00e9sormais entre \u00e9cole et poursuite du criminel connu sous le nom de \u2018\u2018Pyroman\u2019\u2019. Mais depuis un malencontreux clich\u00e9 paru dans les journaux, les rumeurs vont bon train sur les nouveaux super-h\u00e9ros qui op\u00e8rent en ville. Ils vont alors devoir redoubler d\u2019effort pour ne pas \u00eatre d\u00e9couverts, et les choses vont s\u2019annoncer plus compliqu\u00e9es que pr\u00e9vu\u2026<\/p>\n<\/div>\n<\/div><\/div><div id=\"panel-570-0-0-1\" class=\"so-panel widget widget_metaslider_widget panel-last-child\" data-index=\"1\" ><!-- MetaSlider 561 not found --><\/div><\/div><div id=\"pgc-570-0-1\"  class=\"panel-grid-cell\" ><div id=\"panel-570-0-1-0\" class=\"so-panel widget widget_sow-editor panel-first-child panel-last-child\" data-index=\"2\" ><div\n\t\t\t\n\t\t\tclass=\"so-widget-sow-editor so-widget-sow-editor-base\"\n\t\t\t\n\t\t>\n<div class=\"siteorigin-widget-tinymce textwidget\">\n\t<h1><em>Divers<\/em><\/h1>\n<ul>\n<li>Supers t.2 a obtenu le <strong>prix jeunesse de l'Association des Critiques et Journalistes de Bandes Dessin\u00e9e 2016<\/strong><\/li>\n<li>Supers a obtenu le prix <strong>CLAAC BD 2017<\/strong><\/li>\n<\/ul>\n<h1><em>Critiques<\/em><strong><br \/><\/strong><\/h1>\n<p>\u00ab Enti\u00e8rement mis en sc\u00e8ne du point de vue des enfants, le r\u00e9cit captive les jeunes lecteurs autant par son action tr\u00e9pidante que par sa proximit\u00e9 avec l'intimit\u00e9 des personnages \u00bb <em>\u00a0<\/em><strong>Association des Critiques et journalistes de Bandes Dessin\u00e9e<\/strong><\/p>\n<p>\u00a0\u00ab Avec Supers, Fr\u00e9d\u00e9ric Maupom\u00e9 et Dawid signent une \u00e9patante saga. \u00bb <strong>Le magazine de Spirou<\/strong><\/p>\n<p>\u00a0\u00ab Supers : une tr\u00e8s belle s\u00e9rie fantastique jeunesse\u00a0\u00bb <strong>Comix trip<\/strong>\u00a0<\/p>\n<p>\u00a0\u00ab Un habile m\u00e9lange entre psychologie fine et aventure tr\u00e9pidante\u00a0\u00bb <strong>BoDo\u00ef<\/strong><\/p>\n<p>\u00ab Le super-h\u00e9ros que j'aurai aim\u00e9 lire enfant [...] Une sensibilit\u00e9 incroyable dans ces pages\u00a0\u00bb <strong>Les chroniques de l'invisible<\/strong><\/p>\n<p>\u00a0<\/p>\n<\/div>\n<\/div><\/div><\/div><\/div><\/div>","protected":false},"excerpt":{"rendered":"<p>\u00a0La vie continue pour Mat, Lili et Benji, qui jonglent d\u00e9sormais entre \u00e9cole et poursuite du criminel connu sous le nom de \u2018\u2018Pyroman\u2019\u2019. Mais depuis un malencontreux clich\u00e9 paru dans les journaux, les rumeurs vont bon train sur les nouveaux super-h\u00e9ros qui op\u00e8rent en ville. Ils vont alors devoir redoubler d\u2019effort pour ne pas \u00eatre [&hellip;]<\/p>\n","protected":false},"author":1,"featured_media":0,"parent":0,"menu_order":0,"comment_status":"closed","ping_status":"closed","template":"","meta":{"footnotes":""},"class_list":["post-570","page","type-page","status-publish","hentry","post"],"_links":{"self":[{"href":"https:\/\/fredericmaupome.fr\/index.php?rest_route=\/wp\/v2\/pages\/570","targetHints":{"allow":["GET"]}}],"collection":[{"href":"https:\/\/fredericmaupome.fr\/index.php?rest_route=\/wp\/v2\/pages"}],"about":[{"href":"https:\/\/fredericmaupome.fr\/index.php?rest_route=\/wp\/v2\/types\/page"}],"author":[{"embeddable":true,"href":"https:\/\/fredericmaupome.fr\/index.php?rest_route=\/wp\/v2\/users\/1"}],"replies":[{"embeddable":true,"href":"https:\/\/fredericmaupome.fr\/index.php?rest_route=%2Fwp%2Fv2%2Fcomments&post=570"}],"version-history":[{"count":0,"href":"https:\/\/fredericmaupome.fr\/index.php?rest_route=\/wp\/v2\/pages\/570\/revisions"}],"wp:attachment":[{"href":"https:\/\/fredericmaupome.fr\/index.php?rest_route=%2Fwp%2Fv2%2Fmedia&parent=570"}],"curies":[{"name":"wp","href":"https:\/\/api.w.org\/{rel}","templated":true}]}}