{"id":552,"date":"2016-09-27T12:20:40","date_gmt":"2016-09-27T10:20:40","guid":{"rendered":"http:\/\/fredericmaupome.fr\/?page_id=552"},"modified":"2016-09-27T12:20:40","modified_gmt":"2016-09-27T10:20:40","slug":"supers-t-1-une-petite-etoile-en-dessous-de-tsih","status":"publish","type":"page","link":"https:\/\/fredericmaupome.fr\/?page_id=552","title":{"rendered":"Supers t.1 Une petite \u00e9toile en dessous de Tsih"},"content":{"rendered":"<div id=\"pl-552\"  class=\"panel-layout\" ><div id=\"pg-552-0\"  class=\"panel-grid panel-no-style\" ><div id=\"pgc-552-0-0\"  class=\"panel-grid-cell\" ><div id=\"panel-552-0-0-0\" class=\"so-panel widget widget_sow-editor panel-first-child\" data-index=\"0\" ><div\n\t\t\t\n\t\t\tclass=\"so-widget-sow-editor so-widget-sow-editor-base\"\n\t\t\t\n\t\t>\n<div class=\"siteorigin-widget-tinymce textwidget\">\n\t<p><img loading=\"lazy\" decoding=\"async\" class=\"size-medium wp-image-558 alignleft\" src=\"http:\/\/fredericmaupome.fr\/wp-content\/uploads\/2016\/09\/couv_supers-site-220x300.jpg\" alt=\"couv_supers-site\" width=\"220\" height=\"300\" \/><\/p>\n<p>\u00a0<\/p>\n<p><em>Mat, Lili et Benji, trois enfants r\u00e9fugi\u00e9s d\u2019une autre plan\u00e8te, ont \u00e9t\u00e9 abandonn\u00e9s sur Terre par leurs parents. Dot\u00e9s de super-pouvoirs, ils se retrouvent livr\u00e9s \u00e0 eux-m\u00eames. Tiraill\u00e9s entre le d\u00e9sir de mener une vie normale parmi les humains, la peur d\u2019\u00eatre d\u00e9couverts et, pour les plus petits, l\u2019envie de d\u00e9couvrir qui ils sont et ce dont ils sont capables, cette nouvelle rentr\u00e9e des classes sur Terre s\u2019annonce des plus mouvement\u00e9es\u00a0!<\/em><\/p>\n<p>Dawid\u00a0et\u00a0Fr\u00e9d\u00e9ric Maupom\u00e9\u00a0r\u00e9ussissent un tour de force en amenant le lecteur au coeur de la psychologie et des \u00e9motions des trois orphelins super-h\u00e9ros dans le cadre de la vie quotidienne d\u2019adolescents au coll\u00e8ge.<\/p>\n<\/div>\n<\/div><\/div><div id=\"panel-552-0-0-1\" class=\"so-panel widget widget_metaslider_widget panel-last-child\" data-index=\"1\" ><!-- MetaSlider 560 not found --><\/div><\/div><div id=\"pgc-552-0-1\"  class=\"panel-grid-cell\" ><div id=\"panel-552-0-1-0\" class=\"so-panel widget widget_sow-editor panel-first-child panel-last-child\" data-index=\"2\" ><div\n\t\t\t\n\t\t\tclass=\"so-widget-sow-editor so-widget-sow-editor-base\"\n\t\t\t\n\t\t>\n<div class=\"siteorigin-widget-tinymce textwidget\">\n\t<h1><em>Divers<\/em><\/h1>\n<p><strong>Supers\u00a0<\/strong>s'est vu d\u00e9cerner<\/p>\n<p>\u00a0 \u00a0- le\u00a0<strong>prix du Festival du Livre Jeunesse Midi-Pyr\u00e9n\u00e9es 2016<\/strong><\/p>\n<p>\u00a0 \u00a0- le\u00a0<strong>prix du Festival Bulles en Haut de Garonne 2016<\/strong><\/p>\n<p>\u00a0 \u00a0- le\u00a0<strong>prix\u00a0CLAAC BD 2017<\/strong><\/p>\n<p>\u00a0 \u00a0- le\u00a0<strong>prix Livrent\u00eate 2017<\/strong><\/p>\n<p>\u00a0 \u00a0- le\u00a0<strong>prix Bulle d'oc\u00e9an 2017<\/strong><\/p>\n<p>\u00a0 \u00a0- le <strong>prix 7 \u00e0 lire 2017<\/strong><\/p>\n<p>\u00a0 \u00a0- le\u00a0<strong>prix LivrElu\u00a02017<\/strong><strong><br \/><\/strong><\/p>\n<h1><em>Critiques<\/em><strong><br \/><\/strong><\/h1>\n<p>\u00a0\u00ab Une remarquable bande dessin\u00e9e pour la jeunesse et ceux qui ont su rester jeune. Sensible, spirituelle et tendre. \u00bb\u00a0<strong>BD Zoom<\/strong><\/p>\n<p>\u00a0\u00ab L\u2019histoire est ainsi, tour \u00e0 tour, l\u00e9g\u00e8re, grave et toujours pleine d\u2019esprit. \u00bb\u00a0<strong>BD Gest<\/strong><\/p>\n<p>\u00ab Pr\u00e9vue en quatre albums, l\u2019histoire de ce trio de jeunes \u00ab super-h\u00e9ros \u00bb attrape le lecteur d\u00e8s la premi\u00e8re s\u00e9quence \u2013 prologue dramatique et haletant \u00e0 souhait \u2013 et ne le l\u00e2che plus durant la centaine de pages de ce premier tome. \u00bb<strong>\u00a0Le Courrier picard<\/strong><\/p>\n<p>\u00a0\u00ab L\u2019histoire est bonne, le dessin de Dawid somptueux. Second coup de c\u0153ur jeunesse de la rentr\u00e9e. \u00bb\u00a0<strong>SurLaBD<\/strong>\u00a0:<\/p>\n<p>\u00ab Si les ambiances chaudes et color\u00e9es signant l\u2019atmosph\u00e8re de ses pr\u00e9c\u00e9dents titres sont au rendez-vous, voil\u00e0 que l\u2019audace s\u2019invite dans ses planches et que Dawid nous offre de tr\u00e8s jolies parenth\u00e8ses graphiques qui taquinent nos petits rep\u00e8res et habitudes de lecteurs. [...]\u00a0Ce\u00a0premier opus\u00a0met habilement en place le d\u00e9cor, lance les\u00a0enjeux majeurs de l\u2019intrigue\u00a0et se permet quelques premi\u00e8res\u00a0r\u00e9v\u00e9lations et rebondissements\u00a0qui viennent piquer\u00a0la curiosit\u00e9 des lecteurs\u00a0qui seront, je l\u2019esp\u00e8re, aussi fid\u00e8les que moi \u00e0 cette s\u00e9rie incontestablement\u00a0\u00e0 la hauteur de son titre\u2026. Vivement la suite !\u00a0\u00bb<strong>Au milieu des livres<\/strong><\/p>\n<\/div>\n<\/div><\/div><\/div><\/div><\/div>","protected":false},"excerpt":{"rendered":"<p>\u00a0Mat, Lili et Benji, trois enfants r\u00e9fugi\u00e9s d\u2019une autre plan\u00e8te, ont \u00e9t\u00e9 abandonn\u00e9s sur Terre par leurs parents. Dot\u00e9s de super-pouvoirs, ils se retrouvent livr\u00e9s \u00e0 eux-m\u00eames. Tiraill\u00e9s entre le d\u00e9sir de mener une vie normale parmi les humains, la peur d\u2019\u00eatre d\u00e9couverts et, pour les plus petits, l\u2019envie de d\u00e9couvrir qui ils sont et [&hellip;]<\/p>\n","protected":false},"author":1,"featured_media":0,"parent":0,"menu_order":0,"comment_status":"closed","ping_status":"closed","template":"","meta":{"footnotes":""},"class_list":["post-552","page","type-page","status-publish","hentry","post"],"_links":{"self":[{"href":"https:\/\/fredericmaupome.fr\/index.php?rest_route=\/wp\/v2\/pages\/552","targetHints":{"allow":["GET"]}}],"collection":[{"href":"https:\/\/fredericmaupome.fr\/index.php?rest_route=\/wp\/v2\/pages"}],"about":[{"href":"https:\/\/fredericmaupome.fr\/index.php?rest_route=\/wp\/v2\/types\/page"}],"author":[{"embeddable":true,"href":"https:\/\/fredericmaupome.fr\/index.php?rest_route=\/wp\/v2\/users\/1"}],"replies":[{"embeddable":true,"href":"https:\/\/fredericmaupome.fr\/index.php?rest_route=%2Fwp%2Fv2%2Fcomments&post=552"}],"version-history":[{"count":0,"href":"https:\/\/fredericmaupome.fr\/index.php?rest_route=\/wp\/v2\/pages\/552\/revisions"}],"wp:attachment":[{"href":"https:\/\/fredericmaupome.fr\/index.php?rest_route=%2Fwp%2Fv2%2Fmedia&parent=552"}],"curies":[{"name":"wp","href":"https:\/\/api.w.org\/{rel}","templated":true}]}}