{"id":543,"date":"2016-09-27T11:53:46","date_gmt":"2016-09-27T09:53:46","guid":{"rendered":"http:\/\/fredericmaupome.fr\/?page_id=543"},"modified":"2016-09-27T11:53:46","modified_gmt":"2016-09-27T09:53:46","slug":"anuki-la-grande-course-du-printemps","status":"publish","type":"page","link":"https:\/\/fredericmaupome.fr\/?page_id=543","title":{"rendered":"Anuki : La grande course du printemps"},"content":{"rendered":"<div id=\"pl-543\"  class=\"panel-layout\" ><div id=\"pg-543-0\"  class=\"panel-grid panel-no-style\" ><div id=\"pgc-543-0-0\"  class=\"panel-grid-cell\" ><div id=\"panel-543-0-0-0\" class=\"so-panel widget widget_sow-editor panel-first-child\" data-index=\"0\" ><div\n\t\t\t\n\t\t\tclass=\"so-widget-sow-editor so-widget-sow-editor-base\"\n\t\t\t\n\t\t>\n<div class=\"siteorigin-widget-tinymce textwidget\">\n\t<p>\u00a0<\/p>\n<p><img loading=\"lazy\" decoding=\"async\" class=\"size-medium wp-image-544 alignleft\" src=\"http:\/\/fredericmaupome.fr\/wp-content\/uploads\/2016\/09\/Anuki6_couverture-250x334-225x300.jpg\" alt=\"anuki6_couverture-250x334\" width=\"225\" height=\"300\" \/>Bande dessin\u00e9e jeunesse, dessins de\u00a0<a href=\"http:\/\/stephanessenegas.canalblog.com\/\">St\u00e9phane S\u00e9n\u00e9gas<\/a>,\u00a0<a href=\"http:\/\/editionsdelagouttiere.com\/\">\u00e9ditions de la Goutti\u00e8re<\/a>, 2011<\/p>\n<p><em>C\u2019est la grande course du printemps et Anuki a h\u00e2te de montrer de quoi il est capable. \u00c0 son grand d\u00e9sarroi, tout le monde n\u2019a d\u2019attention que pour son ami Isha.<\/em><br \/><em>H\u00e9las, un autre d\u00e9tail va venir contrarier le petit indien. Luna se tient sur la ligne de d\u00e9part, et tout le monde sait que la course, c\u2019est une histoire de gar\u00e7ons !<\/em><\/p>\n<p>\u00a0Anuki est une bande dessin\u00e9e jeunesse sans texte que les enfants peuvent aborder seuls \u00e0 partir de 3 ans et demi. On y suit les aventures d'Anuki, un petit indien vif, d\u00e9brouillard et un peu (beaucoup ?) r\u00e2leur et on rit de ses nombreux probl\u00e8mes avec les animaux qu'il rencontre. Nous avons particuli\u00e8rement travaill\u00e9 la narration, une grande fluidit\u00e9 \u00e9tant indispensable pour ne pas perdre un tr\u00e8s jeune lecteur.<\/p>\n<\/div>\n<\/div><\/div><div id=\"panel-543-0-0-1\" class=\"so-panel widget widget_metaslider_widget panel-last-child\" data-index=\"1\" ><!-- MetaSlider 535 not found --><\/div><\/div><div id=\"pgc-543-0-1\"  class=\"panel-grid-cell\" ><div id=\"panel-543-0-1-0\" class=\"so-panel widget widget_sow-editor panel-first-child panel-last-child\" data-index=\"2\" ><div\n\t\t\t\n\t\t\tclass=\"so-widget-sow-editor so-widget-sow-editor-base\"\n\t\t\t\n\t\t>\n<div class=\"siteorigin-widget-tinymce textwidget\">\n\t<h1>Divers<\/h1>\n<p>Anuki 6 : est deuxi\u00e8me dans le top 3 des BD jeunesses de l'ann\u00e9e 2016 de comix trip<\/p>\n<h1><em>Critiques<\/em><\/h1>\n<p>\"Retour en fanfare pour <em>Anuki<\/em>, le petit indien s\u2019engage dans <em>La grande course de printemps\u00a0<\/em>avec ses amis. Magnifique et chaleureuse, cette s\u00e9rie est sign\u00e9e <em>Fr\u00e9d\u00e9ric Maupom\u00e9<\/em> et\u00a0<em>St\u00e9phane S\u00e9n\u00e9gas<\/em>. Le petit indien continue de charmer les jeunes lecteurs par son courage, ses amiti\u00e9s et l\u2019entraide dont il fait preuve envers les autres. Une merveilleuse s\u00e9rie jeunesse.\" \u00a0<strong>Comix Trip<\/strong><\/p>\n<p>\"Indispensable dans une biblioth\u00e8que familliale.\"\u00a0<strong>Place to be<\/strong><\/p>\n<p>\"Ce 6\u00e8me volet d\u2019Anuki est sans doute le plus dense depuis le d\u00e9but de la s\u00e9rie, tant au niveau de la quantit\u00e9 de rebondissements que du d\u00e9coupage serr\u00e9, avec des plans larges et d\u00e9taill\u00e9s.\"<strong> Plan\u00e8te BD<\/strong><\/p>\n<p>\u00a0<\/p>\n<h1><em>Ressources<\/em><\/h1>\n<p>Les \u00e9ditions de la Goutti\u00e8re ont publi\u00e9 des ressources p\u00e9dagogiques pour une grande partie de leurs ouvrages, vous les trouverez\u00a0<a href=\"http:\/\/editionsdelagouttiere.com\/enseignants.html\">ici<\/a>.<\/p>\n<p>Ces fiches p\u00e9dagogiques sont propos\u00e9es par Sophie Vasseur.<\/p>\n<\/div>\n<\/div><\/div><\/div><\/div><\/div>","protected":false},"excerpt":{"rendered":"<p>\u00a0Bande dessin\u00e9e jeunesse, dessins de\u00a0St\u00e9phane S\u00e9n\u00e9gas,\u00a0\u00e9ditions de la Goutti\u00e8re, 2011C\u2019est la grande course du printemps et Anuki a h\u00e2te de montrer de quoi il est capable. \u00c0 son grand d\u00e9sarroi, tout le monde n\u2019a d\u2019attention que pour son ami Isha.H\u00e9las, un autre d\u00e9tail va venir contrarier le petit indien. Luna se tient sur la ligne [&hellip;]<\/p>\n","protected":false},"author":1,"featured_media":0,"parent":0,"menu_order":0,"comment_status":"closed","ping_status":"closed","template":"","meta":{"footnotes":""},"class_list":["post-543","page","type-page","status-publish","hentry","post"],"_links":{"self":[{"href":"https:\/\/fredericmaupome.fr\/index.php?rest_route=\/wp\/v2\/pages\/543","targetHints":{"allow":["GET"]}}],"collection":[{"href":"https:\/\/fredericmaupome.fr\/index.php?rest_route=\/wp\/v2\/pages"}],"about":[{"href":"https:\/\/fredericmaupome.fr\/index.php?rest_route=\/wp\/v2\/types\/page"}],"author":[{"embeddable":true,"href":"https:\/\/fredericmaupome.fr\/index.php?rest_route=\/wp\/v2\/users\/1"}],"replies":[{"embeddable":true,"href":"https:\/\/fredericmaupome.fr\/index.php?rest_route=%2Fwp%2Fv2%2Fcomments&post=543"}],"version-history":[{"count":0,"href":"https:\/\/fredericmaupome.fr\/index.php?rest_route=\/wp\/v2\/pages\/543\/revisions"}],"wp:attachment":[{"href":"https:\/\/fredericmaupome.fr\/index.php?rest_route=%2Fwp%2Fv2%2Fmedia&parent=543"}],"curies":[{"name":"wp","href":"https:\/\/api.w.org\/{rel}","templated":true}]}}