{"id":527,"date":"2016-09-27T11:37:06","date_gmt":"2016-09-27T09:37:06","guid":{"rendered":"http:\/\/fredericmaupome.fr\/?page_id=527"},"modified":"2016-09-27T11:37:06","modified_gmt":"2016-09-27T09:37:06","slug":"anuki-grand-pied","status":"publish","type":"page","link":"https:\/\/fredericmaupome.fr\/?page_id=527","title":{"rendered":"Anuki : Grand Pied"},"content":{"rendered":"<div id=\"pl-527\"  class=\"panel-layout\" ><div id=\"pg-527-0\"  class=\"panel-grid panel-no-style\" ><div id=\"pgc-527-0-0\"  class=\"panel-grid-cell\" ><div id=\"panel-527-0-0-0\" class=\"so-panel widget widget_sow-editor panel-first-child\" data-index=\"0\" ><div\n\t\t\t\n\t\t\tclass=\"so-widget-sow-editor so-widget-sow-editor-base\"\n\t\t\t\n\t\t>\n<div class=\"siteorigin-widget-tinymce textwidget\">\n\t<p>\u00a0<\/p>\n<p>\u00a0<img loading=\"lazy\" decoding=\"async\" class=\"size-medium wp-image-528 alignleft\" src=\"http:\/\/fredericmaupome.fr\/wp-content\/uploads\/2016\/09\/anuki-5-couv-site-224x300.jpg\" alt=\"anuki-5-couv-site\" width=\"224\" height=\"300\" \/>Bande dessin\u00e9e jeunesse, dessins de\u00a0<a href=\"http:\/\/stephanessenegas.canalblog.com\/\">St<\/a><a href=\"http:\/\/stephanessenegas.canalblog.com\/\">\u00e9phane<\/a><a href=\"http:\/\/stephanessenegas.canalblog.com\/\">S\u00e9n\u00e9gas<\/a>,\u00a0<a href=\"http:\/\/editionsdelagouttiere.com\/\">\u00e9ditions de la Goutti\u00e8re<\/a>, 2015<\/p>\n<p><em>Des trombes d\u2019eau s\u2019abattent ce soir sur le village. Le chaman raconte \u00e0 Anuki la l\u00e9gende de la premi\u00e8re rencontre des indiens de sa tribu avec le terrifiant sasquatch protecteur des lieux. Les enfants d\u00e9couvrent avec stupeur que, le lendemain, ce sera leur tour de partir dans la for\u00eat afin de d\u00e9poser des offrandes au g\u00e9ant des montagnes : le Bigfoot.<\/em><\/p>\n<p>Pour ce cinqui\u00e8me tome, le lecteur retrouvera les jeux d\u2019humour et d\u2019action qui caract\u00e9risent les bandes dessin\u00e9es Anuki. Il sera embarqu\u00e9 dans des rebondissements \u00e9tonnants \u00e0 travers des histoires de sorcellerie et des l\u00e9gendes\u2026 Avec un dessin toujours plus d\u00e9licat et \u00e9pur\u00e9.\u00a0<\/p>\n<\/div>\n<\/div><\/div><div id=\"panel-527-0-0-1\" class=\"so-panel widget widget_metaslider_widget panel-last-child\" data-index=\"1\" ><!-- MetaSlider 530 not found --><\/div><\/div><div id=\"pgc-527-0-1\"  class=\"panel-grid-cell\" ><div id=\"panel-527-0-1-0\" class=\"so-panel widget widget_sow-editor panel-first-child panel-last-child\" data-index=\"2\" ><div\n\t\t\t\n\t\t\tclass=\"so-widget-sow-editor so-widget-sow-editor-base\"\n\t\t\t\n\t\t>\n<div class=\"siteorigin-widget-tinymce textwidget\">\n\t<h1><em>Divers<\/em><\/h1>\n<p><strong>Anuki : Grand Pied<\/strong><\/p>\n<p>s'est vu d\u00e9cerner le\u00a0<strong>Prix Lecture du festival Bulles en Haut de Garonne 2016<\/strong><\/p>\n<p>a \u00e9t\u00e9 s\u00e9lectionn\u00e9 par<strong>\u00a0le centre national de la litt\u00e9rature jeunesse\u00a0<\/strong>dans le cadre<strong>\u00a0de la grande f\u00eate du livre pour la jeunesse 2015<\/strong><\/p>\n<p>\"La sobri\u00e9t\u00e9 des couleurs, le dynamisme du trait, l'humour tendre, les cadrages tr\u00e8s cin\u00e9matographiques font de cette s\u00e9rie 100% muette une excellente introduction \u00e0 la bande dessin\u00e9e.\"<\/p>\n<h1><em>Critiques<\/em><\/h1>\n<p>\u00ab\u00a0Quel bonheur, mais quel bonheur ! [...] Une histoire muette intelligente et formidable pour les plus petits. [...] Le r\u00e9cit de Fr\u00e9d\u00e9ric Maupom\u00e9 est \u00e0 la fois tendre, charmant, inventif et d\u2019une grande dr\u00f4lerie. [...]\u00a0\u00bb\u00a0<strong>Case d\u00e9part<\/strong><\/p>\n<p>\u00ab\u00a0Une mise en page virtuose[\u2026]Un nouvel album d\u2019Anuki que je vous conseille vivement, un tr\u00e8s beau moment de lecture pour les grands comme pour les petits !\u00a0\u00bb\u00a0<strong>Scenario.com<\/strong><\/p>\n<p>\u00ab\u00a0Une aventure mythique faite d\u2019humour, de tendresse\u2026 et de tapisseries indiennes.\u00a0\u00bb\u00a0<strong>Le journal d\u2019Amiens<\/strong><\/p>\n<p>\u00ab\u00a0le dessin de St\u00e9phane S\u00e9n\u00e9gas est toujours aussi s\u00e9duisant et son personnage du Big Foot, aux allures fant\u00f4matiques est particuli\u00e8rement r\u00e9ussi.\u00a0\u00bb\u00a0<strong>Le courrier picard<\/strong><\/p>\n<p>\u00ab\u00a0C\u2019est un album dr\u00f4le et inventif qui devrait r\u00e9galer les tout-petits\u2026 Et les adultes lass\u00e9s des histoires rabat-joies !\u00a0\u00bb\u00a0<strong>Bar \u00e0 BD<\/strong><\/p>\n<\/div>\n<\/div><\/div><\/div><\/div><\/div>","protected":false},"excerpt":{"rendered":"<p>\u00a0\u00a0Bande dessin\u00e9e jeunesse, dessins de\u00a0St\u00e9phaneS\u00e9n\u00e9gas,\u00a0\u00e9ditions de la Goutti\u00e8re, 2015Des trombes d\u2019eau s\u2019abattent ce soir sur le village. Le chaman raconte \u00e0 Anuki la l\u00e9gende de la premi\u00e8re rencontre des indiens de sa tribu avec le terrifiant sasquatch protecteur des lieux. Les enfants d\u00e9couvrent avec stupeur que, le lendemain, ce sera leur tour de partir dans [&hellip;]<\/p>\n","protected":false},"author":1,"featured_media":0,"parent":0,"menu_order":0,"comment_status":"closed","ping_status":"closed","template":"","meta":{"footnotes":""},"class_list":["post-527","page","type-page","status-publish","hentry","post"],"_links":{"self":[{"href":"https:\/\/fredericmaupome.fr\/index.php?rest_route=\/wp\/v2\/pages\/527","targetHints":{"allow":["GET"]}}],"collection":[{"href":"https:\/\/fredericmaupome.fr\/index.php?rest_route=\/wp\/v2\/pages"}],"about":[{"href":"https:\/\/fredericmaupome.fr\/index.php?rest_route=\/wp\/v2\/types\/page"}],"author":[{"embeddable":true,"href":"https:\/\/fredericmaupome.fr\/index.php?rest_route=\/wp\/v2\/users\/1"}],"replies":[{"embeddable":true,"href":"https:\/\/fredericmaupome.fr\/index.php?rest_route=%2Fwp%2Fv2%2Fcomments&post=527"}],"version-history":[{"count":0,"href":"https:\/\/fredericmaupome.fr\/index.php?rest_route=\/wp\/v2\/pages\/527\/revisions"}],"wp:attachment":[{"href":"https:\/\/fredericmaupome.fr\/index.php?rest_route=%2Fwp%2Fv2%2Fmedia&parent=527"}],"curies":[{"name":"wp","href":"https:\/\/api.w.org\/{rel}","templated":true}]}}