{"id":511,"date":"2016-09-27T11:19:46","date_gmt":"2016-09-27T09:19:46","guid":{"rendered":"http:\/\/fredericmaupome.fr\/?page_id=511"},"modified":"2016-09-27T11:19:46","modified_gmt":"2016-09-27T09:19:46","slug":"anuki-duel-dans-la-plaine","status":"publish","type":"page","link":"https:\/\/fredericmaupome.fr\/?page_id=511","title":{"rendered":"Anuki : Duel dans la plaine"},"content":{"rendered":"<div id=\"pl-511\"  class=\"panel-layout\" ><div id=\"pg-511-0\"  class=\"panel-grid panel-no-style\" ><div id=\"pgc-511-0-0\"  class=\"panel-grid-cell\" ><div id=\"panel-511-0-0-0\" class=\"so-panel widget widget_sow-editor panel-first-child\" data-index=\"0\" ><div\n\t\t\t\n\t\t\tclass=\"so-widget-sow-editor so-widget-sow-editor-base\"\n\t\t\t\n\t\t>\n<div class=\"siteorigin-widget-tinymce textwidget\">\n\t<p><img loading=\"lazy\" decoding=\"async\" class=\"size-medium wp-image-512 alignleft\" src=\"http:\/\/fredericmaupome.fr\/wp-content\/uploads\/2016\/09\/Anuki-4-site-225x300.jpg\" alt=\"anuki-4-site\" width=\"225\" height=\"300\" \/><\/p>\n<p>Bande dessin\u00e9e jeunesse, dessins de\u00a0<a href=\"http:\/\/stephanessenegas.canalblog.com\/\">St<\/a><a href=\"http:\/\/stephanessenegas.canalblog.com\/\">\u00e9phane<\/a><a href=\"http:\/\/stephanessenegas.canalblog.com\/\">S\u00e9n\u00e9gas<\/a>,\u00a0<a href=\"http:\/\/editionsdelagouttiere.com\/\">\u00e9ditions de la Goutti\u00e8re<\/a>, 2014<\/p>\n<p><em>Pour un petit indien, avoir un cheval c'est entrer dans le monde des grands. Il faut faire preuve de ruse, de force et de courage. Tout bien r\u00e9fl\u00e9chi, pour Anuki, l'heure n'est peut-\u00eatre pas arriv\u00e9.<\/em><\/p>\n<p>\u00a0Anuki est une bande dessin\u00e9e jeunesse sans texte que les enfants peuvent aborder seuls \u00e0 partir de 3 ans et demi. On y suit les aventures d'Anuki, un petit indien vif, d\u00e9brouillard et un peu (beaucoup ?) r\u00e2leur et on rit de ses nombreux probl\u00e8mes avec les animaux qu'il rencontre. Nous avons particuli\u00e8rement travaill\u00e9 la narration, une grande fluidit\u00e9 \u00e9tant indispensable pour ne pas perdre un tr\u00e8s jeune lecteur.<\/p>\n<\/div>\n<\/div><\/div><div id=\"panel-511-0-0-1\" class=\"so-panel widget widget_metaslider_widget panel-last-child\" data-index=\"1\" ><!-- MetaSlider 514 not found --><\/div><\/div><div id=\"pgc-511-0-1\"  class=\"panel-grid-cell\" ><div id=\"panel-511-0-1-0\" class=\"so-panel widget widget_sow-editor panel-first-child panel-last-child\" data-index=\"2\" ><div\n\t\t\t\n\t\t\tclass=\"so-widget-sow-editor so-widget-sow-editor-base\"\n\t\t\t\n\t\t>\n<div class=\"siteorigin-widget-tinymce textwidget\">\n\t<h1><em>Critiques<\/em><\/h1>\n<p><em>\"D\u00e9j\u00e0 quatre albums et aucune lassitude. Les auteurs parviennent \u00e0 renouveler leur univers en gardant un niveau de qualit\u00e9 constant, ce qui n\u2019est pas la moindre des gageures. Et les enfants continuent d\u2019adorer Anuki, sans doute parce que ce gamin fac\u00e9tieux est le genre de copain que l\u2019on r\u00eaverait d\u2019avoir.\"<\/em><\/p>\n<p><strong>D'une berge \u00e0 l'autre<\/strong><\/p>\n<p> \"Dr\u00f4le, bourr\u00e9e de trouvailles, dynamique, inventive et extr\u00eamement moderne, la s\u00e9rie Anuki est v\u00e9ritablement un incontournable de la BD muette.\"<\/p>\n<p> \"Un r\u00e9gal ! \u00c0 nouveau, le duo S\u00e9n\u00e9gas \/ Maupom\u00e9 fonctionne \u00e0 merveille. Encore plus enlev\u00e9 et rythm\u00e9 que les pr\u00e9c\u00e9dentes aventures de notre petit indien, ce duel dans la plaine est une vraie r\u00e9ussite\"<br \/> <strong>La biblioth\u00e8que de Noukette<\/strong><\/p>\n<p> \"Ce 4\u00e8me \u00e9pisode est un bon cru qui ne manque pas de qualificatifs : attachant, dynamique, astucieux, trognon, gracieux, dr\u00f4le et profond\u00e9ment humain.\"<br \/> <strong>Planete BD<\/strong><\/p>\n<p> \"Une belle le\u00e7on de vie qui pose un regard optimiste sur les relations humaines, la diff\u00e9rence et l\u2019acceptation de l\u2019autre\"<br \/> <strong>Bodoi<\/strong><\/p>\n<p> \"Une fois de plus, la s\u00e9rie va en se bonifiant.\"<br \/> <strong>Le courrier Picard<\/strong><\/p>\n<\/div>\n<\/div><\/div><\/div><\/div><\/div>","protected":false},"excerpt":{"rendered":"<p>Bande dessin\u00e9e jeunesse, dessins de\u00a0St\u00e9phaneS\u00e9n\u00e9gas,\u00a0\u00e9ditions de la Goutti\u00e8re, 2014Pour un petit indien, avoir un cheval c&rsquo;est entrer dans le monde des grands. Il faut faire preuve de ruse, de force et de courage. Tout bien r\u00e9fl\u00e9chi, pour Anuki, l&rsquo;heure n&rsquo;est peut-\u00eatre pas arriv\u00e9.\u00a0Anuki est une bande dessin\u00e9e jeunesse sans texte que les enfants peuvent aborder [&hellip;]<\/p>\n","protected":false},"author":1,"featured_media":0,"parent":0,"menu_order":0,"comment_status":"closed","ping_status":"closed","template":"","meta":{"footnotes":""},"class_list":["post-511","page","type-page","status-publish","hentry","post"],"_links":{"self":[{"href":"https:\/\/fredericmaupome.fr\/index.php?rest_route=\/wp\/v2\/pages\/511","targetHints":{"allow":["GET"]}}],"collection":[{"href":"https:\/\/fredericmaupome.fr\/index.php?rest_route=\/wp\/v2\/pages"}],"about":[{"href":"https:\/\/fredericmaupome.fr\/index.php?rest_route=\/wp\/v2\/types\/page"}],"author":[{"embeddable":true,"href":"https:\/\/fredericmaupome.fr\/index.php?rest_route=\/wp\/v2\/users\/1"}],"replies":[{"embeddable":true,"href":"https:\/\/fredericmaupome.fr\/index.php?rest_route=%2Fwp%2Fv2%2Fcomments&post=511"}],"version-history":[{"count":0,"href":"https:\/\/fredericmaupome.fr\/index.php?rest_route=\/wp\/v2\/pages\/511\/revisions"}],"wp:attachment":[{"href":"https:\/\/fredericmaupome.fr\/index.php?rest_route=%2Fwp%2Fv2%2Fmedia&parent=511"}],"curies":[{"name":"wp","href":"https:\/\/api.w.org\/{rel}","templated":true}]}}