{"id":495,"date":"2016-09-27T11:07:57","date_gmt":"2016-09-27T09:07:57","guid":{"rendered":"http:\/\/fredericmaupome.fr\/?page_id=495"},"modified":"2016-09-27T11:07:57","modified_gmt":"2016-09-27T09:07:57","slug":"anuki-3-le-coup-du-lapin","status":"publish","type":"page","link":"https:\/\/fredericmaupome.fr\/?page_id=495","title":{"rendered":"Anuki : Le coup du lapin"},"content":{"rendered":"<div id=\"pl-495\"  class=\"panel-layout\" ><div id=\"pg-495-0\"  class=\"panel-grid panel-no-style\" ><div id=\"pgc-495-0-0\"  class=\"panel-grid-cell\" ><div id=\"panel-495-0-0-0\" class=\"so-panel widget widget_sow-editor panel-first-child\" data-index=\"0\" ><div\n\t\t\t\n\t\t\tclass=\"so-widget-sow-editor so-widget-sow-editor-base\"\n\t\t\t\n\t\t>\n<div class=\"siteorigin-widget-tinymce textwidget\">\n\t<p><img loading=\"lazy\" decoding=\"async\" class=\"size-medium wp-image-496 alignleft\" src=\"http:\/\/fredericmaupome.fr\/wp-content\/uploads\/2016\/09\/Couv-anuki-3-222x300.jpg\" alt=\"couv-anuki-3\" width=\"222\" height=\"300\" \/><\/p>\n<p>Bande dessin\u00e9e jeunesse, dessins de\u00a0<a href=\"http:\/\/stephanessenegas.canalblog.com\/\">St\u00e9phane S\u00e9n\u00e9gas<\/a>,\u00a0<a href=\"http:\/\/editionsdelagouttiere.com\/\">\u00e9ditions de la Goutti\u00e8re<\/a>, 2012<\/p>\n<p><em>L'hiver, pour un petit Indien, c'est le temps des glissades, des totems de neige et de la chasse. Mais dans la for\u00eat, il n'y a pas que des lapins..\u00a0<\/em><\/p>\n<p>\u00a0Anuki est une bande dessin\u00e9e jeunesse sans texte que les enfants peuvent aborder seuls \u00e0 partir de 3 ans et demi. On y suit les aventures d'Anuki, un petit indien vif, d\u00e9brouillard et un peu (beaucoup ?) r\u00e2leur et on rit de ses nombreux probl\u00e8mes avec les animaux qu'il rencontre. Nous avons particuli\u00e8rement travaill\u00e9 la narration, une grande fluidit\u00e9 \u00e9tant indispensable pour ne pas perdre un tr\u00e8s jeune lecteur.<\/p>\n<\/div>\n<\/div><\/div><div id=\"panel-495-0-0-1\" class=\"so-panel widget widget_metaslider_widget panel-last-child\" data-index=\"1\" ><!-- MetaSlider 501 not found --><\/div><\/div><div id=\"pgc-495-0-1\"  class=\"panel-grid-cell\" ><div id=\"panel-495-0-1-0\" class=\"so-panel widget widget_sow-editor panel-first-child panel-last-child\" data-index=\"2\" ><div\n\t\t\t\n\t\t\tclass=\"so-widget-sow-editor so-widget-sow-editor-base\"\n\t\t\t\n\t\t>\n<div class=\"siteorigin-widget-tinymce textwidget\">\n\t<h1><em>Divers<\/em><\/h1>\n<p><strong>Anuki<\/strong>\u00a0: Le coup du lapin<\/p>\n<p>- est s\u00e9lectionn\u00e9 pour le<strong>\u00a0festival d'Angoul\u00e8me 2014<\/strong>\u00a0(prix des \u00e9coles de la ville d'Angoul\u00e8me)<\/p>\n<p>- est dans le top 10 de la s\u00e9lection jeunesse de BD GEST<\/p>\n<p>\u00a0- est dans les \"18 albums indispensables de l'ann\u00e9e 2013\"<\/p>\n<p><em>Critiques<\/em><\/p>\n<p>\u00a0<\/p>\n<p>\"Depuis maintenant trois tomes, les aventures d'Anuki se racontent sans un mot et cela ne les emp\u00eache pas d'\u00eatre v\u00e9ritablement captivantes et haletantes...Le d\u00e9coupage le dessin et le rythme de cet album sont remarquables.<strong>Bodo\u00ef<\/strong><\/p>\n<p>\"Du rythme, de jolies trouvailles de sc\u00e9nario, un dessin abouti tout en finesse, un d\u00e9coupage audacieux et moderne, Anuki est amen\u00e9 \u00e0 devenir un incontournable de toute biblioth\u00e8que qui se respecte ! \"\u00a0<strong>La biblioth\u00e8que de Noukette<\/strong><\/p>\n<p>\"A lire et \u00e0 relire sans mod\u00e9ration\"\u00a0<strong>Bar \u00e0 BD<\/strong><\/p>\n<p> \"Sans doute le meilleur volume \u00e0 ce jour\"\u00a0<strong>Le courrier Picard<\/strong><\/p>\n<p>\"La s\u00e9rie continue sur sa belle lanc\u00e9e [...]Bref, Remarquable\"\u00a0<strong>Nous Vouons Lire !<\/strong><\/p>\n<\/div>\n<\/div><\/div><\/div><\/div><\/div>","protected":false},"excerpt":{"rendered":"<p>Bande dessin\u00e9e jeunesse, dessins de\u00a0St\u00e9phane S\u00e9n\u00e9gas,\u00a0\u00e9ditions de la Goutti\u00e8re, 2012L&rsquo;hiver, pour un petit Indien, c&rsquo;est le temps des glissades, des totems de neige et de la chasse. Mais dans la for\u00eat, il n&rsquo;y a pas que des lapins..\u00a0\u00a0Anuki est une bande dessin\u00e9e jeunesse sans texte que les enfants peuvent aborder seuls \u00e0 partir de 3 [&hellip;]<\/p>\n","protected":false},"author":1,"featured_media":0,"parent":0,"menu_order":0,"comment_status":"closed","ping_status":"closed","template":"","meta":{"footnotes":""},"class_list":["post-495","page","type-page","status-publish","hentry","post"],"_links":{"self":[{"href":"https:\/\/fredericmaupome.fr\/index.php?rest_route=\/wp\/v2\/pages\/495","targetHints":{"allow":["GET"]}}],"collection":[{"href":"https:\/\/fredericmaupome.fr\/index.php?rest_route=\/wp\/v2\/pages"}],"about":[{"href":"https:\/\/fredericmaupome.fr\/index.php?rest_route=\/wp\/v2\/types\/page"}],"author":[{"embeddable":true,"href":"https:\/\/fredericmaupome.fr\/index.php?rest_route=\/wp\/v2\/users\/1"}],"replies":[{"embeddable":true,"href":"https:\/\/fredericmaupome.fr\/index.php?rest_route=%2Fwp%2Fv2%2Fcomments&post=495"}],"version-history":[{"count":0,"href":"https:\/\/fredericmaupome.fr\/index.php?rest_route=\/wp\/v2\/pages\/495\/revisions"}],"wp:attachment":[{"href":"https:\/\/fredericmaupome.fr\/index.php?rest_route=%2Fwp%2Fv2%2Fmedia&parent=495"}],"curies":[{"name":"wp","href":"https:\/\/api.w.org\/{rel}","templated":true}]}}