{"id":479,"date":"2016-09-27T10:56:20","date_gmt":"2016-09-27T08:56:20","guid":{"rendered":"http:\/\/fredericmaupome.fr\/?page_id=479"},"modified":"2016-09-27T10:56:20","modified_gmt":"2016-09-27T08:56:20","slug":"anuki-la-revolte-des-castors","status":"publish","type":"page","link":"https:\/\/fredericmaupome.fr\/?page_id=479","title":{"rendered":"Anuki : La r\u00e9volte des castors"},"content":{"rendered":"<div id=\"pl-479\"  class=\"panel-layout\" ><div id=\"pg-479-0\"  class=\"panel-grid panel-no-style\" ><div id=\"pgc-479-0-0\"  class=\"panel-grid-cell\" ><div id=\"panel-479-0-0-0\" class=\"so-panel widget widget_sow-editor panel-first-child\" data-index=\"0\" ><div\n\t\t\t\n\t\t\tclass=\"so-widget-sow-editor so-widget-sow-editor-base\"\n\t\t\t\n\t\t>\n<div class=\"siteorigin-widget-tinymce textwidget\">\n\t<p><img loading=\"lazy\" decoding=\"async\" class=\"size-full wp-image-480 alignleft\" src=\"http:\/\/fredericmaupome.fr\/wp-content\/uploads\/2016\/09\/anuki-2-couv-petit.jpg\" alt=\"anuki-2-couv-petit\" width=\"150\" height=\"203\" \/><\/p>\n<p>Bande dessin\u00e9e jeunesse, dessins de\u00a0<a href=\"http:\/\/stephanessenegas.canalblog.com\/\">St\u00e9phane S\u00e9n\u00e9gas<\/a>,\u00a0<a href=\"http:\/\/editionsdelagouttiere.com\/\">\u00e9ditions de la Goutti\u00e8re<\/a>, 2012<\/p>\n<p><em>La vie d'un petit indien, c'est souvent dangereux. Il faut affronter des animaux sauvages, comme les castors aux grandes dents. Heureusement qu'Anuki a des copains, m\u00eame si des fois, les copains, c'est compliqu\u00e9.\u00a0<\/em><\/p>\n<p>\u00a0Anuki est une bande dessin\u00e9e jeunesse sans texte que les enfants peuvent aborder seuls \u00e0 partir de 3 ans et demi. On y suit les aventures d'Anuki, un petit indien vif, d\u00e9brouillard et un peu (beaucoup ?) r\u00e2leur et on rit de ses nombreux probl\u00e8mes avec les animaux qu'il rencontre. Nous avons particuli\u00e8rement travaill\u00e9 la narration, une grande fluidit\u00e9 \u00e9tant indispensable pour ne pas perdre un tr\u00e8s jeune lecteur.<\/p>\n<\/div>\n<\/div><\/div><div id=\"panel-479-0-0-1\" class=\"so-panel widget widget_metaslider_widget panel-last-child\" data-index=\"1\" ><!-- MetaSlider 489 not found --><\/div><\/div><div id=\"pgc-479-0-1\"  class=\"panel-grid-cell\" ><div id=\"panel-479-0-1-0\" class=\"so-panel widget widget_sow-editor panel-first-child panel-last-child\" data-index=\"2\" ><div\n\t\t\t\n\t\t\tclass=\"so-widget-sow-editor so-widget-sow-editor-base\"\n\t\t\t\n\t\t>\n<div class=\"siteorigin-widget-tinymce textwidget\">\n\t<h1><em>Divers<\/em><\/h1>\n<p><strong>Anuki<\/strong>\u00a0: la r\u00e9volte des castors<\/p>\n<p>- A eu le\u00a0<strong>prix jeunes lecteurs du festival Bulles en Hauts de Garonne<\/strong><\/p>\n<p>- A \u00e9t\u00e9 s\u00e9lectionn\u00e9 pour le prix de la ligue de l'enseignement !<\/p>\n<p><em>Critiques<\/em><\/p>\n<p>\"un vent de fraicheur dans la litt\u00e9rature jeunesse destin\u00e9e aux primo lecteurs.\"\u00a0<strong>L'avis des bulles<\/strong><\/p>\n<p>\"Port\u00e9 par un dessin \u00e9l\u00e9gant, d\u00e9licat et dr\u00f4le, le r\u00e9cit est haletant.\"\u00a0<strong>Bulles Picardes<\/strong><\/p>\n<p>\"Non seulement c'est tr\u00e8s bien \u00e9crit, mais c'est aussi tr\u00e8s bien \u00e9x\u00e9cut\u00e9, avec finesse et humour.\"<strong>Sceneario.com<\/strong><\/p>\n<p>\"On parle de la bande dessin\u00e9e comme de l'art de l'ellipse, c'est encore plus d\u00e9licat quand il s'agit de le traiter de mani\u00e8re muette {...] et c'est une gageure qu'arrivent \u00e0 r\u00e9aliser nos auteurs. Une belle s\u00e9rie qui est en train de se constituer, on avait bien aim\u00e9 le premier tome et on d\u00e9couvre le deuxi\u00e8me avec beaucoup de plaisir.\"\u00a0<strong>RCV 99 FM<\/strong><\/p>\n<\/div>\n<\/div><\/div><\/div><\/div><\/div>","protected":false},"excerpt":{"rendered":"<p>Bande dessin\u00e9e jeunesse, dessins de\u00a0St\u00e9phane S\u00e9n\u00e9gas,\u00a0\u00e9ditions de la Goutti\u00e8re, 2012La vie d&rsquo;un petit indien, c&rsquo;est souvent dangereux. Il faut affronter des animaux sauvages, comme les castors aux grandes dents. Heureusement qu&rsquo;Anuki a des copains, m\u00eame si des fois, les copains, c&rsquo;est compliqu\u00e9.\u00a0\u00a0Anuki est une bande dessin\u00e9e jeunesse sans texte que les enfants peuvent aborder seuls [&hellip;]<\/p>\n","protected":false},"author":1,"featured_media":0,"parent":0,"menu_order":0,"comment_status":"closed","ping_status":"closed","template":"","meta":{"footnotes":""},"class_list":["post-479","page","type-page","status-publish","hentry","post"],"_links":{"self":[{"href":"https:\/\/fredericmaupome.fr\/index.php?rest_route=\/wp\/v2\/pages\/479","targetHints":{"allow":["GET"]}}],"collection":[{"href":"https:\/\/fredericmaupome.fr\/index.php?rest_route=\/wp\/v2\/pages"}],"about":[{"href":"https:\/\/fredericmaupome.fr\/index.php?rest_route=\/wp\/v2\/types\/page"}],"author":[{"embeddable":true,"href":"https:\/\/fredericmaupome.fr\/index.php?rest_route=\/wp\/v2\/users\/1"}],"replies":[{"embeddable":true,"href":"https:\/\/fredericmaupome.fr\/index.php?rest_route=%2Fwp%2Fv2%2Fcomments&post=479"}],"version-history":[{"count":0,"href":"https:\/\/fredericmaupome.fr\/index.php?rest_route=\/wp\/v2\/pages\/479\/revisions"}],"wp:attachment":[{"href":"https:\/\/fredericmaupome.fr\/index.php?rest_route=%2Fwp%2Fv2%2Fmedia&parent=479"}],"curies":[{"name":"wp","href":"https:\/\/api.w.org\/{rel}","templated":true}]}}