{"id":463,"date":"2016-09-27T09:41:27","date_gmt":"2016-09-27T07:41:27","guid":{"rendered":"http:\/\/fredericmaupome.fr\/?page_id=463"},"modified":"2016-09-27T09:41:27","modified_gmt":"2016-09-27T07:41:27","slug":"spectacles-2","status":"publish","type":"page","link":"https:\/\/fredericmaupome.fr\/?page_id=463","title":{"rendered":"Spectacles"},"content":{"rendered":"<div id=\"pl-463\"  class=\"panel-layout\" ><div id=\"pg-463-0\"  class=\"panel-grid panel-no-style\" ><div id=\"pgc-463-0-0\"  class=\"panel-grid-cell\" ><div id=\"panel-463-0-0-0\" class=\"so-panel widget widget_headline-widget panel-first-child panel-last-child\" data-index=\"0\" >\t\t<h1>Anuki<\/h1>\n\t\t<div class=\"decoration\"><div class=\"decoration-inside\"><\/div><\/div>\n\t\t<h3>La lecture dessin\u00e9e<\/h3>\n\t\t<\/div><\/div><\/div><div id=\"pg-463-1\"  class=\"panel-grid panel-no-style\" ><div id=\"pgc-463-1-0\"  class=\"panel-grid-cell\" ><div id=\"panel-463-1-0-0\" class=\"so-panel widget widget_sow-editor panel-first-child panel-last-child\" data-index=\"1\" ><div\n\t\t\t\n\t\t\tclass=\"so-widget-sow-editor so-widget-sow-editor-base\"\n\t\t\t\n\t\t>\n<div class=\"siteorigin-widget-tinymce textwidget\">\n\t<p><img loading=\"lazy\" decoding=\"async\" class=\"size-medium wp-image-747 alignleft\" src=\"http:\/\/fredericmaupome.fr\/wp-content\/uploads\/2017\/04\/DSCN3539-300x200.jpg\" alt=\"DSCN3539\" width=\"300\" height=\"200\" \/><img loading=\"lazy\" decoding=\"async\" class=\"alignnone size-medium wp-image-745\" src=\"http:\/\/fredericmaupome.fr\/wp-content\/uploads\/2017\/04\/DSCN3534-2-300x300.jpg\" alt=\"DSCN3534-2\" width=\"300\" height=\"300\" \/><\/p>\n<p>\u00a0<\/p>\n<\/div>\n<\/div><\/div><\/div><div id=\"pgc-463-1-1\"  class=\"panel-grid-cell\" ><div id=\"panel-463-1-1-0\" class=\"so-panel widget widget_sow-editor panel-first-child panel-last-child\" data-index=\"2\" ><div\n\t\t\t\n\t\t\tclass=\"so-widget-sow-editor so-widget-sow-editor-base\"\n\t\t\t\n\t\t>\n<div class=\"siteorigin-widget-tinymce textwidget\">\n\t<p><strong>Spectacle tout public \u00e0 partir de 5 ans.<\/strong><\/p>\n<p>\u00a0<\/p>\n<p>Une lecture dessin\u00e9e est un spectacle durant lequel le dessinateur dessine en direct l\u2019histoire cont\u00e9e par le lecteur, les dessins \u00e9tant projet\u00e9es sur un \u00e9cran afin que les spectateurs puissent les voir. <br \/>Dans ce spectacle, plus qu\u2019une lecture classique, nous vous proposons un jeu entre un sc\u00e9nariste un peu tyrannique et un dessinateur timide, chacun commentant les actions de l\u2019autre, critiquant ses \u00e9carts, lui tendant des pi\u00e8ges, sous l\u2019\u0153il complice des spectateurs. <br \/>La lecture commence tranquillement, le lecteur lit, le dessinateur dessine, puis, petit \u00e0 petit le lecteur\/sc\u00e9nariste s\u2019emballe. Il demande \u00e0 son dessinateur des images de plus en plus irr\u00e9alisables, et oblige par l\u00e0 m\u00eame ce dernier \u00e0 trouver des moyens de plus en plus cr\u00e9atifs pour contourner la difficult\u00e9. Le dessinateur lui, sue sang et eau, puis commence \u00e0 se rebeller, se plaignant des gags pas assez dr\u00f4le et n\u2019h\u00e9sitant pas \u00e0 sortir des dessins tout faits quand le sc\u00e9nariste \u00e0 le dos tourn\u00e9.<\/p>\n<p><a href=\"http:\/\/fredericmaupome.fr\/index.php\/contact\/\">Me contacter<\/a> via la rubrique contact du site pour la fiches technique et les conditions.<\/p>\n<p><img loading=\"lazy\" decoding=\"async\" class=\" wp-image-748 aligncenter\" src=\"http:\/\/fredericmaupome.fr\/wp-content\/uploads\/2017\/04\/DSCN3545-3-300x157.jpg\" alt=\"DSCN3545-3\" width=\"430\" height=\"225\" \/><\/p>\n<\/div>\n<\/div><\/div><\/div><\/div><div id=\"pg-463-2\"  class=\"panel-grid panel-no-style\" ><div id=\"pgc-463-2-0\"  class=\"panel-grid-cell\" ><div id=\"panel-463-2-0-0\" class=\"so-panel widget widget_headline-widget panel-first-child panel-last-child\" data-index=\"3\" >\t\t<h1>Comment \u00e9crit-on une histoire ?<\/h1>\n\t\t<div class=\"decoration\"><div class=\"decoration-inside\"><\/div><\/div>\n\t\t<h3>Conf\u00e9rence - spectacle pour un auteur et un personnage<\/h3>\n\t\t<\/div><\/div><\/div><div id=\"pg-463-3\"  class=\"panel-grid panel-no-style\" ><div id=\"pgc-463-3-0\"  class=\"panel-grid-cell\" ><div id=\"panel-463-3-0-0\" class=\"so-panel widget widget_sow-editor panel-first-child panel-last-child\" data-index=\"4\" ><div\n\t\t\t\n\t\t\tclass=\"so-widget-sow-editor so-widget-sow-editor-base\"\n\t\t\t\n\t\t>\n<div class=\"siteorigin-widget-tinymce textwidget\">\n\t<p><strong>Spectacle tout-public \u00e0 partir de 8 ans<\/strong><\/p>\n<p>L\u2019auteur monte sur sc\u00e8ne. Tr\u00e8s s\u00fbr de lui, un peu trop m\u00eame, il est l\u00e0 pour donner sa conf\u00e9rence \u00e0 un public qui lui est acquis. \u00ab\u00a0Comment \u00e9crit-on une histoire\u00a0?\u00a0\u00bb \u00e7a int\u00e9resse tout le monde, forc\u00e9ment\u00a0! Et bien outre un stylo, pour \u00e9crire une histoire, il faut un personnage. Un personnage qu\u2019on peut lancer dans les d\u00e9cors de son choix, qu\u2019on va manipuler \u00e0 sa guise, qu\u2019on va transformer parfois, au gr\u00e8s de son inspiration. En faire un chevalier, une jeune adolescente, un cheval m\u00eame. Apr\u00e8s tout nous sommes en pleine cr\u00e9ation, on peut raturer, changer d\u2019id\u00e9e, se laisser porter par l\u2019inspiration. Mais que se passe-t-il quand le personnage se rebelle\u00a0? Quand il commence \u00e0 dire qu\u2019elle n\u2019est pas bien originale cette histoire, et que non, il n\u2019est pas d\u2019accord pour aller dans les marais maudits\u00a0? Parce qu\u2019il est arm\u00e9 ce chevalier\u00a0! Et il serait bien capable de d\u00e9fier l\u2019auteur en duel\u00a0!<\/p>\n<p><a href=\"http:\/\/fredericmaupome.fr\/index.php\/contact\/\">Contactez-moi<\/a>\u00a0via la rubrique contact du site pour la fiches technique et les conditions.<\/p>\n<\/div>\n<\/div><\/div><\/div><div id=\"pgc-463-3-1\"  class=\"panel-grid-cell\" ><div id=\"panel-463-3-1-0\" class=\"so-panel widget widget_sow-video panel-first-child panel-last-child\" data-index=\"5\" ><div\n\t\t\t\n\t\t\tclass=\"so-widget-sow-video so-widget-sow-video-default-c08170c47cfb-463\"\n\t\t\t\n\t\t>\n<div class=\"sow-video-wrapper\n\">\n\t\t\t<iframe loading=\"lazy\" title=\"Teaser spectacle : Comment \u00e9crire une histoire\" width=\"720\" height=\"405\" src=\"https:\/\/www.youtube.com\/embed\/L0nZ08WajbE?feature=oembed&enablejsapi=1\" frameborder=\"0\" allow=\"accelerometer; autoplay; clipboard-write; encrypted-media; gyroscope; picture-in-picture; web-share\" referrerpolicy=\"strict-origin-when-cross-origin\" allowfullscreen allowfullscreen mozallowfullscreen webkitallowfullscreen sandbox=\"allow-scripts allow-same-origin allow-presentation\"><\/iframe>\t<\/div>\n<\/div><\/div><\/div><\/div><\/div>","protected":false},"excerpt":{"rendered":"<p>\u00a0 Spectacle tout public \u00e0 partir de 5 ans.\u00a0Une lecture dessin\u00e9e est un spectacle durant lequel le dessinateur dessine en direct l\u2019histoire cont\u00e9e par le lecteur, les dessins \u00e9tant projet\u00e9es sur un \u00e9cran afin que les spectateurs puissent les voir. Dans ce spectacle, plus qu\u2019une lecture classique, nous vous proposons un jeu entre un sc\u00e9nariste [&hellip;]<\/p>\n","protected":false},"author":1,"featured_media":0,"parent":0,"menu_order":0,"comment_status":"closed","ping_status":"closed","template":"","meta":{"footnotes":""},"class_list":["post-463","page","type-page","status-publish","hentry","post"],"_links":{"self":[{"href":"https:\/\/fredericmaupome.fr\/index.php?rest_route=\/wp\/v2\/pages\/463","targetHints":{"allow":["GET"]}}],"collection":[{"href":"https:\/\/fredericmaupome.fr\/index.php?rest_route=\/wp\/v2\/pages"}],"about":[{"href":"https:\/\/fredericmaupome.fr\/index.php?rest_route=\/wp\/v2\/types\/page"}],"author":[{"embeddable":true,"href":"https:\/\/fredericmaupome.fr\/index.php?rest_route=\/wp\/v2\/users\/1"}],"replies":[{"embeddable":true,"href":"https:\/\/fredericmaupome.fr\/index.php?rest_route=%2Fwp%2Fv2%2Fcomments&post=463"}],"version-history":[{"count":0,"href":"https:\/\/fredericmaupome.fr\/index.php?rest_route=\/wp\/v2\/pages\/463\/revisions"}],"wp:attachment":[{"href":"https:\/\/fredericmaupome.fr\/index.php?rest_route=%2Fwp%2Fv2%2Fmedia&parent=463"}],"curies":[{"name":"wp","href":"https:\/\/api.w.org\/{rel}","templated":true}]}}