{"id":1056,"date":"2025-09-05T15:42:17","date_gmt":"2025-09-05T13:42:17","guid":{"rendered":"https:\/\/fredericmaupome.fr\/?page_id=1056"},"modified":"2025-09-30T13:19:38","modified_gmt":"2025-09-30T11:19:38","slug":"iles-t-1-petite-chose","status":"publish","type":"page","link":"https:\/\/fredericmaupome.fr\/?page_id=1056","title":{"rendered":"\u00celes T.1 : Petite chose"},"content":{"rendered":"<div id=\"pl-1056\"  class=\"panel-layout\" ><div id=\"pg-1056-0\"  class=\"panel-grid panel-no-style\" ><div id=\"pgc-1056-0-0\"  class=\"panel-grid-cell\" ><div id=\"panel-1056-0-0-0\" class=\"so-panel widget widget_sow-editor panel-first-child panel-last-child\" data-index=\"0\" ><div\n\t\t\t\n\t\t\tclass=\"so-widget-sow-editor so-widget-sow-editor-base\"\n\t\t\t\n\t\t>\n<div class=\"siteorigin-widget-tinymce textwidget\">\n\t<div class=\"wpb_text_column wpb_content_element \">\n<div class=\"wpb_wrapper\">\n<\/div>\n<\/div>\n<div class=\"wpb_text_column wpb_content_element \">\n<div class=\"wpb_wrapper\">\n<p><strong><img loading=\"lazy\" decoding=\"async\" src=\"https:\/\/cdn.prod.website-files.com\/63ece03295abd3bc7702ae5f\/686ce260e09ea66b3f21fc30_Iles_couverture_DEF_RVB.webp\" data-mce-src=\"https:\/\/cdn.prod.website-files.com\/63ece03295abd3bc7702ae5f\/686ce260e09ea66b3f21fc30_Iles_couverture_DEF_RVB.webp\" width=\"412\" height=\"557\" class=\"alignleft\"\/>sc\u00e9nario :<\/strong>&nbsp;<a href=\"http:\/\/editionsdelagouttiere.com\/frederic-maupome\/\" data-mce-href=\"http:\/\/editionsdelagouttiere.com\/frederic-maupome\/\"><strong>Fr\u00e9d\u00e9ric Maupom\u00e9<\/strong><\/a><strong><br \/>dessin :<\/strong>&nbsp;<strong><a href=\"http:\/\/editionsdelagouttiere.com\/aude-soheilhac\/\" data-mce-href=\"http:\/\/editionsdelagouttiere.com\/aude-soheilhac\/\">Aude Soleilhac<br \/><\/a><\/strong><em>Les i\u0302les volantes sont menace\u0301es : l\u2019amiraute\u0301 s\u2019appre\u0302te a\u0300 extraire massivement l\u2019e\u0301the\u0301rite, le minerai qui permet aux i\u0302les de flotter au-dessus de la dangereuse mer de nuages.<\/em><br \/><em>Pour stopper cette catastrophe e\u0301cologique, Alie rejoint Ienissei\u0308 Dero, fille du Premier amiral. Elle seule de\u0301tient le carnet de son pe\u0300re, la cle\u0301 pour le retrouver et tenter de re\u0301tablir l\u2019e\u0301quilibre...<\/em><\/p>\n<\/div>\n<\/div>\n<\/div>\n<\/div><\/div><\/div><div id=\"pgc-1056-0-1\"  class=\"panel-grid-cell\" ><div id=\"panel-1056-0-1-0\" class=\"so-panel widget widget_sow-editor panel-first-child panel-last-child\" data-index=\"1\" ><div\n\t\t\t\n\t\t\tclass=\"so-widget-sow-editor so-widget-sow-editor-base\"\n\t\t\t\n\t\t>\n<div class=\"siteorigin-widget-tinymce textwidget\">\n\t<p>\"La nouvelle s\u00e9rie de Fr\u00e9d\u00e9ric Maupom\u00e9 et Aude Soleihac s'ouvre de la plus belle des mani\u00e8res [...] Un premier tome original, d\u00e9j\u00e0 riche d\u00e9v\u00e9nements et de promesses : rien de mieux pour accrocher les enfants !\" <em><strong>Telerama TTT<\/strong><\/em><\/p>\n<p>\"Une <a href=\"https:\/\/www.editionsdelagouttiere.com\/fiche-livre\/iles\">histoire palpitante<\/a> autour de th\u00e8mes forts que l\u2019on aura plaisir \u00e0 suivre sur plusieurs volumes.\" <em><strong>BDZOOM.com<\/strong><\/em><\/p>\n<p>\"voil\u00e0 une grande s\u00e9rie qui s\u2019annonce et rappelle qu\u2019il est toujours important de se battre pour une bonne cause.\" <strong><em>Zoo, le Mag<\/em><\/strong><\/p>\n<p>\"En bref, j'ai ador\u00e9 le dessin et la mani\u00e8re dont il nous fait vivre chaque instant, les personnages sont touchants et attachants et on a envie de d\u00e9couvrir leurs secrets. \" <strong><em>Les lectures de Myl\u00e8ne<\/em><\/strong><\/p>\n<\/div>\n<\/div><\/div><\/div><\/div><\/div>","protected":false},"excerpt":{"rendered":"<p>sc\u00e9nario :&nbsp;Fr\u00e9d\u00e9ric Maupom\u00e9dessin :&nbsp;Aude SoleilhacLes i\u0302les volantes sont menace\u0301es : l\u2019amiraute\u0301 s\u2019appre\u0302te a\u0300 extraire massivement l\u2019e\u0301the\u0301rite, le minerai qui permet aux i\u0302les de flotter au-dessus de la dangereuse mer de nuages.Pour stopper cette catastrophe e\u0301cologique, Alie rejoint Ienissei\u0308 Dero, fille du Premier amiral. Elle seule de\u0301tient le carnet de son pe\u0300re, la cle\u0301 pour le [&hellip;]<\/p>\n","protected":false},"author":1,"featured_media":0,"parent":0,"menu_order":0,"comment_status":"closed","ping_status":"closed","template":"","meta":{"footnotes":""},"class_list":["post-1056","page","type-page","status-publish","hentry","post"],"_links":{"self":[{"href":"https:\/\/fredericmaupome.fr\/index.php?rest_route=\/wp\/v2\/pages\/1056","targetHints":{"allow":["GET"]}}],"collection":[{"href":"https:\/\/fredericmaupome.fr\/index.php?rest_route=\/wp\/v2\/pages"}],"about":[{"href":"https:\/\/fredericmaupome.fr\/index.php?rest_route=\/wp\/v2\/types\/page"}],"author":[{"embeddable":true,"href":"https:\/\/fredericmaupome.fr\/index.php?rest_route=\/wp\/v2\/users\/1"}],"replies":[{"embeddable":true,"href":"https:\/\/fredericmaupome.fr\/index.php?rest_route=%2Fwp%2Fv2%2Fcomments&post=1056"}],"version-history":[{"count":6,"href":"https:\/\/fredericmaupome.fr\/index.php?rest_route=\/wp\/v2\/pages\/1056\/revisions"}],"predecessor-version":[{"id":1066,"href":"https:\/\/fredericmaupome.fr\/index.php?rest_route=\/wp\/v2\/pages\/1056\/revisions\/1066"}],"wp:attachment":[{"href":"https:\/\/fredericmaupome.fr\/index.php?rest_route=%2Fwp%2Fv2%2Fmedia&parent=1056"}],"curies":[{"name":"wp","href":"https:\/\/api.w.org\/{rel}","templated":true}]}}