{"id":1000,"date":"2025-03-11T11:26:18","date_gmt":"2025-03-11T10:26:18","guid":{"rendered":"https:\/\/fredericmaupome.fr\/?page_id=1000"},"modified":"2025-03-11T11:26:18","modified_gmt":"2025-03-11T10:26:18","slug":"la-quete-tome-2","status":"publish","type":"page","link":"https:\/\/fredericmaupome.fr\/?page_id=1000","title":{"rendered":"La qu\u00eate tome 2 : La ZAD du roi p\u00eacheur"},"content":{"rendered":"<div id=\"pl-1000\"  class=\"panel-layout\" ><div id=\"pg-1000-0\"  class=\"panel-grid panel-no-style\" ><div id=\"pgc-1000-0-0\"  class=\"panel-grid-cell\" ><div id=\"panel-1000-0-0-0\" class=\"so-panel widget widget_sow-editor panel-first-child panel-last-child\" data-index=\"0\" ><div\n\t\t\t\n\t\t\tclass=\"so-widget-sow-editor so-widget-sow-editor-base\"\n\t\t\t\n\t\t>\n<div class=\"siteorigin-widget-tinymce textwidget\">\n\t<div class=\"wpb_text_column wpb_content_element \">\n<div class=\"wpb_wrapper\">\n<p>&nbsp;<\/p>\n<\/div>\n<\/div>\n<div class=\"wpb_text_column wpb_content_element \">\n<div class=\"wpb_wrapper\">\n<p><strong><img decoding=\"async\" class=\"alignleft\" src=\"https:\/\/static.fnac-static.com\/multimedia\/PE\/Images\/FR\/NR\/b6\/1f\/18\/18358198\/1507-1\/tsp20250207080654\/La-Quete-Tome-2-La-ZAD-du-roi-pecheur.jpg\" alt=\"La Qu\u00eate - La Qu\u00eate - Tome 2 - La ZAD du roi p\u00eacheur - 1\" \/>Sc\u00e9nariste : <a href=\"http:\/\/editionsdelagouttiere.com\/frederic-maupome\/\">Fr\u00e9d\u00e9ric Maupom\u00e9<\/a><\/strong><br \/>\n<strong>Dessinateur :<\/strong>\u00a0<strong> Wauter Mannaert<\/strong><strong><br \/>\n<\/strong><\/p>\n<\/div>\n<\/div>\n<hr class=\"vcex-spacing \" \/>\n<div class=\"wpb_text_column wpb_content_element \">\n<div class=\"wpb_wrapper\">\n<div class=\"d-only\" aria-hidden=\"true\"><\/div>\n<div class=\"panel__block | t-panel__block t-panel__block--border | t-plg-1 t-prg-1 t-col-4 col-free | ctn m-ctn-only\">\n<div class=\"panel__block panel__content\">\n<p><em>Nimu\u00e9, la dame du lac, a de quoi d\u00e9sesp\u00e9rer : pour trouver la B\u00eate et accomplir un destin mill\u00e9naire, le jeune Pelli en est r\u00e9duit \u00e0 renifler les crottes dans les for\u00eats du coin. Pas tr\u00e8s chevaleresque tout \u00e7a... Alors elle se console en d\u00e9couvrant les merveilles du monde moderne : croissants, pizza et autre chantilly. Il demeure pourtant un motif d'espoir, m\u00eame en ce monde d\u00e9senchant\u00e9 : s'ils \u00e9taient si loin de leur objectif que cela, pourquoi seraient-ils traqu\u00e9s par les sinistres sbires de la soci\u00e9t\u00e9 LaFey... ?<\/em><\/p>\n<\/div>\n<\/div>\n<\/div>\n<\/div>\n<\/div>\n<\/div><\/div><\/div><div id=\"pgc-1000-0-1\"  class=\"panel-grid-cell\" ><div id=\"panel-1000-0-1-0\" class=\"so-panel widget widget_sow-editor panel-first-child panel-last-child\" data-index=\"1\" ><div\n\t\t\t\n\t\t\tclass=\"so-widget-sow-editor so-widget-sow-editor-base\"\n\t\t\t\n\t\t>\n<div class=\"siteorigin-widget-tinymce textwidget\">\n\t<p>\"Une f\u00e9e du lac sans lac qui d\u00e9couvre les croissants, un h\u00e9ritier qui a troqu\u00e9 son destrier contre un scooter, un chevalier accompagn\u00e9 d'une licorne mal lun\u00e9e, une ZAD au pied du ch\u00e2teau du roi p\u00eacheur et un chien \u00e0 trois pattes... Cette qu\u00eate rocambolesque n'a pas termin\u00e9 de nous surprendre !\u00a0<em><strong>\" La bibliotheque de Perluette<\/strong><\/em><\/p>\n<p>\"Pelli et Nimu\u00e9 poursuivent leur qu\u00eate : trouver la B\u00eate. Un second tome toujours aussi plaisant, qui m\u00e9lange les l\u00e9gendes arthuriennes avec le monde moderne, dans une aventure sem\u00e9e d'emb\u00fbches.\" <strong>Planete BD<\/strong><\/p>\n<p>\"<a class=\"libelle\" href=\"https:\/\/www.babelio.com\/auteur\/Wauter-Mannaert\/404290\">Wauter Mannaert<\/a>\u00a0s'en donne toujours \u00e0 coeur joie sur ses planches color\u00e9es et \u00e9nergiques toujours pleines de d\u00e9tails et de pep's. C'est joli, vivant, dr\u00f4le.<br \/>\nToujours rien \u00e0 jeter sur cette s\u00e9rie qui me pla\u00eet beaucoup. Vivement le troisi\u00e8me (et dernier ?) tome !\" <strong>De fil en bulle<\/strong><\/p>\n<p>Si\u00a0<i>La Dame du lac perdu<\/i>, le premier volume, posait les bases d'une histoire loufoque sur fond de l\u00e9gende arthurienne, men\u00e9e tambour battant,\u00a0<i>La ZAD du roi p\u00e9cheur<\/i>\u00a0va plus loin sans rien renier. Ce deuxi\u00e8me opus fait de\u00a0<i>La Qu\u00eate<\/i> une s\u00e9rie a la fois l\u00e9g\u00e8re et profonde, mais surtout divertissante et originale. De quoi attendre patiemment l'ultime tome. <strong>BD Gest<\/strong><\/p>\n<\/div>\n<\/div><\/div><\/div><\/div><\/div>","protected":false},"excerpt":{"rendered":"<p>&nbsp; Sc\u00e9nariste : Fr\u00e9d\u00e9ric Maupom\u00e9 Dessinateur :\u00a0 Wauter Mannaert Nimu\u00e9, la dame du lac, a de quoi d\u00e9sesp\u00e9rer : pour trouver la B\u00eate et accomplir un destin mill\u00e9naire, le jeune Pelli en est r\u00e9duit \u00e0 renifler les crottes dans les for\u00eats du coin. Pas tr\u00e8s chevaleresque tout \u00e7a&#8230; Alors elle se console en d\u00e9couvrant les [&hellip;]<\/p>\n","protected":false},"author":1,"featured_media":0,"parent":0,"menu_order":0,"comment_status":"closed","ping_status":"closed","template":"","meta":{"footnotes":""},"class_list":["post-1000","page","type-page","status-publish","hentry","post"],"_links":{"self":[{"href":"https:\/\/fredericmaupome.fr\/index.php?rest_route=\/wp\/v2\/pages\/1000","targetHints":{"allow":["GET"]}}],"collection":[{"href":"https:\/\/fredericmaupome.fr\/index.php?rest_route=\/wp\/v2\/pages"}],"about":[{"href":"https:\/\/fredericmaupome.fr\/index.php?rest_route=\/wp\/v2\/types\/page"}],"author":[{"embeddable":true,"href":"https:\/\/fredericmaupome.fr\/index.php?rest_route=\/wp\/v2\/users\/1"}],"replies":[{"embeddable":true,"href":"https:\/\/fredericmaupome.fr\/index.php?rest_route=%2Fwp%2Fv2%2Fcomments&post=1000"}],"version-history":[{"count":0,"href":"https:\/\/fredericmaupome.fr\/index.php?rest_route=\/wp\/v2\/pages\/1000\/revisions"}],"wp:attachment":[{"href":"https:\/\/fredericmaupome.fr\/index.php?rest_route=%2Fwp%2Fv2%2Fmedia&parent=1000"}],"curies":[{"name":"wp","href":"https:\/\/api.w.org\/{rel}","templated":true}]}}